{"id":811,"date":"2019-09-26T14:20:52","date_gmt":"2019-09-26T12:20:52","guid":{"rendered":"https:\/\/www.zavarka-lesaffre.com\/?page_id=811"},"modified":"2019-09-26T14:25:50","modified_gmt":"2019-09-26T12:25:50","slug":"%d0%bf%d1%80%d0%be-%d1%81%d0%b0%d0%b9%d1%82","status":"publish","type":"page","link":"https:\/\/www.zavarka-lesaffre.com\/uk\/%d0%bf%d1%80%d0%be-%d1%81%d0%b0%d0%b9%d1%82\/","title":{"rendered":"\u041f\u0440\u043e \u0441\u0430\u0439\u0442"},"content":{"rendered":"\n<h1>Impressum<\/h1>\n\n\n\n<p><\/p>\n\n\n\n<p><strong>Lesaffre Austria AG<\/strong><br>IZ N\u00d6-S\u00fcd, Stra\u00dfe 7, Objekt 58B<br>A-2355 Wiener Neudorf<\/p>\n\n\n\n<p><strong>Phone:&nbsp;<\/strong>+43 (0)2236 677 988-0<br><strong>Fax:<\/strong>&nbsp;+43 (0)2236 677 988-550<br><strong>E-Mail:<\/strong>&nbsp;<a href=\"mailto:office.at@lesaffre.com\">office.at@lesaffre.com<\/a><\/p>\n\n\n\n<p><strong>Firmenbuchnummer:&nbsp;<\/strong>135661 b<br><strong>Firmenbuchgericht:<\/strong>&nbsp;Handelsgericht Wiener Neustadt<br><strong>UID-Nr.:<\/strong>&nbsp;ATU 39103108<br><strong>ARA:<\/strong>&nbsp;9324<br><\/p>\n\n\n\n<p><strong>Vorstand<\/strong><br>Mag. Ewald M\u00fcller<\/p>\n\n\n\n<p><strong>Photos: <\/strong><br>Lesaffre Austria AG, freepik, shutterstock: Dean Drobot, veryulissa, DarioZg<\/p>\n","protected":false},"excerpt":{"rendered":"<p>Impressum Lesaffre Austria AGIZ N\u00d6-S\u00fcd, Stra\u00dfe 7, Objekt 58BA-2355 Wiener Neudorf Phone:&nbsp;+43 (0)2236 677 988-0Fax:&nbsp;+43 (0)2236 677 988-550E-Mail:&nbsp;office.at@lesaffre.com Firmenbuchnummer:&nbsp;135661 bFirmenbuchgericht:&nbsp;Handelsgericht Wiener NeustadtUID-Nr.:&nbsp;ATU 39103108ARA:&nbsp;9324 VorstandMag. Ewald M\u00fcller Photos: Lesaffre Austria AG, freepik, shutterstock: Dean Drobot, veryulissa, DarioZg<\/p>\n","protected":false},"author":1,"featured_media":0,"parent":0,"menu_order":60,"comment_status":"closed","ping_status":"closed","template":"","meta":[],"acf":[],"yoast_head":"<!-- This site is optimized with the Yoast SEO plugin v18.6 - https:\/\/yoast.com\/wordpress\/plugins\/seo\/ -->\n<title>\u041f\u0440\u043e \u0441\u0430\u0439\u0442 - Zavarka<\/title>\n<meta name=\"robots\" content=\"index, follow, max-snippet:-1, max-image-preview:large, max-video-preview:-1\" \/>\n<link rel=\"canonical\" href=\"https:\/\/www.zavarka-lesaffre.com\/uk\/%d0%bf%d1%80%d0%be-%d1%81%d0%b0%d0%b9%d1%82\/\" \/>\n<meta property=\"og:locale\" content=\"uk_UA\" \/>\n<meta property=\"og:type\" content=\"article\" \/>\n<meta property=\"og:title\" content=\"\u041f\u0440\u043e \u0441\u0430\u0439\u0442 - Zavarka\" \/>\n<meta property=\"og:description\" content=\"Impressum Lesaffre Austria AGIZ N\u00d6-S\u00fcd, Stra\u00dfe 7, Objekt 58BA-2355 Wiener Neudorf Phone:&nbsp;+43 (0)2236 677 988-0Fax:&nbsp;+43 (0)2236 677 988-550E-Mail:&nbsp;office.at@lesaffre.com Firmenbuchnummer:&nbsp;135661 bFirmenbuchgericht:&nbsp;Handelsgericht Wiener NeustadtUID-Nr.:&nbsp;ATU 39103108ARA:&nbsp;9324 VorstandMag. Ewald M\u00fcller Photos: Lesaffre Austria AG, freepik, shutterstock: Dean Drobot, veryulissa, DarioZg\" \/>\n<meta property=\"og:url\" content=\"https:\/\/www.zavarka-lesaffre.com\/uk\/%d0%bf%d1%80%d0%be-%d1%81%d0%b0%d0%b9%d1%82\/\" \/>\n<meta property=\"og:site_name\" content=\"Zavarka\" \/>\n<meta property=\"article:modified_time\" content=\"2019-09-26T12:25:50+00:00\" \/>\n<meta name=\"twitter:card\" content=\"summary_large_image\" \/>\n<script type=\"application\/ld+json\" class=\"yoast-schema-graph\">{\"@context\":\"https:\/\/schema.org\",\"@graph\":[{\"@type\":\"WebSite\",\"@id\":\"https:\/\/www.zavarka-lesaffre.com\/#website\",\"url\":\"https:\/\/www.zavarka-lesaffre.com\/\",\"name\":\"Zavarka\",\"description\":\"paste premixes\",\"potentialAction\":[{\"@type\":\"SearchAction\",\"target\":{\"@type\":\"EntryPoint\",\"urlTemplate\":\"https:\/\/www.zavarka-lesaffre.com\/?s={search_term_string}\"},\"query-input\":\"required name=search_term_string\"}],\"inLanguage\":\"uk\"},{\"@type\":\"WebPage\",\"@id\":\"https:\/\/www.zavarka-lesaffre.com\/uk\/%d0%bf%d1%80%d0%be-%d1%81%d0%b0%d0%b9%d1%82\/#webpage\",\"url\":\"https:\/\/www.zavarka-lesaffre.com\/uk\/%d0%bf%d1%80%d0%be-%d1%81%d0%b0%d0%b9%d1%82\/\",\"name\":\"\u041f\u0440\u043e \u0441\u0430\u0439\u0442 - Zavarka\",\"isPartOf\":{\"@id\":\"https:\/\/www.zavarka-lesaffre.com\/#website\"},\"datePublished\":\"2019-09-26T12:20:52+00:00\",\"dateModified\":\"2019-09-26T12:25:50+00:00\",\"breadcrumb\":{\"@id\":\"https:\/\/www.zavarka-lesaffre.com\/uk\/%d0%bf%d1%80%d0%be-%d1%81%d0%b0%d0%b9%d1%82\/#breadcrumb\"},\"inLanguage\":\"uk\",\"potentialAction\":[{\"@type\":\"ReadAction\",\"target\":[\"https:\/\/www.zavarka-lesaffre.com\/uk\/%d0%bf%d1%80%d0%be-%d1%81%d0%b0%d0%b9%d1%82\/\"]}]},{\"@type\":\"BreadcrumbList\",\"@id\":\"https:\/\/www.zavarka-lesaffre.com\/uk\/%d0%bf%d1%80%d0%be-%d1%81%d0%b0%d0%b9%d1%82\/#breadcrumb\",\"itemListElement\":[{\"@type\":\"ListItem\",\"position\":1,\"name\":\"Home\",\"item\":\"https:\/\/www.zavarka-lesaffre.com\/uk\/\"},{\"@type\":\"ListItem\",\"position\":2,\"name\":\"\u041f\u0440\u043e \u0441\u0430\u0439\u0442\"}]}]}<\/script>\n<!-- \/ Yoast SEO plugin. -->","yoast_head_json":{"title":"\u041f\u0440\u043e \u0441\u0430\u0439\u0442 - Zavarka","robots":{"index":"index","follow":"follow","max-snippet":"max-snippet:-1","max-image-preview":"max-image-preview:large","max-video-preview":"max-video-preview:-1"},"canonical":"https:\/\/www.zavarka-lesaffre.com\/uk\/%d0%bf%d1%80%d0%be-%d1%81%d0%b0%d0%b9%d1%82\/","og_locale":"uk_UA","og_type":"article","og_title":"\u041f\u0440\u043e \u0441\u0430\u0439\u0442 - Zavarka","og_description":"Impressum Lesaffre Austria AGIZ N\u00d6-S\u00fcd, Stra\u00dfe 7, Objekt 58BA-2355 Wiener Neudorf Phone:&nbsp;+43 (0)2236 677 988-0Fax:&nbsp;+43 (0)2236 677 988-550E-Mail:&nbsp;office.at@lesaffre.com Firmenbuchnummer:&nbsp;135661 bFirmenbuchgericht:&nbsp;Handelsgericht Wiener NeustadtUID-Nr.:&nbsp;ATU 39103108ARA:&nbsp;9324 VorstandMag. Ewald M\u00fcller Photos: Lesaffre Austria AG, freepik, shutterstock: Dean Drobot, veryulissa, DarioZg","og_url":"https:\/\/www.zavarka-lesaffre.com\/uk\/%d0%bf%d1%80%d0%be-%d1%81%d0%b0%d0%b9%d1%82\/","og_site_name":"Zavarka","article_modified_time":"2019-09-26T12:25:50+00:00","twitter_card":"summary_large_image","schema":{"@context":"https:\/\/schema.org","@graph":[{"@type":"WebSite","@id":"https:\/\/www.zavarka-lesaffre.com\/#website","url":"https:\/\/www.zavarka-lesaffre.com\/","name":"Zavarka","description":"paste premixes","potentialAction":[{"@type":"SearchAction","target":{"@type":"EntryPoint","urlTemplate":"https:\/\/www.zavarka-lesaffre.com\/?s={search_term_string}"},"query-input":"required name=search_term_string"}],"inLanguage":"uk"},{"@type":"WebPage","@id":"https:\/\/www.zavarka-lesaffre.com\/uk\/%d0%bf%d1%80%d0%be-%d1%81%d0%b0%d0%b9%d1%82\/#webpage","url":"https:\/\/www.zavarka-lesaffre.com\/uk\/%d0%bf%d1%80%d0%be-%d1%81%d0%b0%d0%b9%d1%82\/","name":"\u041f\u0440\u043e \u0441\u0430\u0439\u0442 - Zavarka","isPartOf":{"@id":"https:\/\/www.zavarka-lesaffre.com\/#website"},"datePublished":"2019-09-26T12:20:52+00:00","dateModified":"2019-09-26T12:25:50+00:00","breadcrumb":{"@id":"https:\/\/www.zavarka-lesaffre.com\/uk\/%d0%bf%d1%80%d0%be-%d1%81%d0%b0%d0%b9%d1%82\/#breadcrumb"},"inLanguage":"uk","potentialAction":[{"@type":"ReadAction","target":["https:\/\/www.zavarka-lesaffre.com\/uk\/%d0%bf%d1%80%d0%be-%d1%81%d0%b0%d0%b9%d1%82\/"]}]},{"@type":"BreadcrumbList","@id":"https:\/\/www.zavarka-lesaffre.com\/uk\/%d0%bf%d1%80%d0%be-%d1%81%d0%b0%d0%b9%d1%82\/#breadcrumb","itemListElement":[{"@type":"ListItem","position":1,"name":"Home","item":"https:\/\/www.zavarka-lesaffre.com\/uk\/"},{"@type":"ListItem","position":2,"name":"\u041f\u0440\u043e \u0441\u0430\u0439\u0442"}]}]}},"_links":{"self":[{"href":"https:\/\/www.zavarka-lesaffre.com\/uk\/wp-json\/wp\/v2\/pages\/811"}],"collection":[{"href":"https:\/\/www.zavarka-lesaffre.com\/uk\/wp-json\/wp\/v2\/pages"}],"about":[{"href":"https:\/\/www.zavarka-lesaffre.com\/uk\/wp-json\/wp\/v2\/types\/page"}],"author":[{"embeddable":true,"href":"https:\/\/www.zavarka-lesaffre.com\/uk\/wp-json\/wp\/v2\/users\/1"}],"replies":[{"embeddable":true,"href":"https:\/\/www.zavarka-lesaffre.com\/uk\/wp-json\/wp\/v2\/comments?post=811"}],"version-history":[{"count":2,"href":"https:\/\/www.zavarka-lesaffre.com\/uk\/wp-json\/wp\/v2\/pages\/811\/revisions"}],"predecessor-version":[{"id":819,"href":"https:\/\/www.zavarka-lesaffre.com\/uk\/wp-json\/wp\/v2\/pages\/811\/revisions\/819"}],"wp:attachment":[{"href":"https:\/\/www.zavarka-lesaffre.com\/uk\/wp-json\/wp\/v2\/media?parent=811"}],"curies":[{"name":"wp","href":"https:\/\/api.w.org\/{rel}","templated":true}]}}