{"id":1656,"date":"2019-07-31T09:21:12","date_gmt":"2019-07-31T07:21:12","guid":{"rendered":"https:\/\/www.zavarka-lesaffre.com\/receptek\/dark-toast-bread\/"},"modified":"2020-08-06T10:04:52","modified_gmt":"2020-08-06T08:04:52","slug":"dark-toast-bread","status":"publish","type":"page","link":"https:\/\/www.zavarka-lesaffre.com\/hu\/receptek\/dark-toast-bread\/","title":{"rendered":"S\u00f6t\u00e9t toast keny\u00e9r"},"content":{"rendered":"","protected":false},"excerpt":{"rendered":"","protected":false},"author":1,"featured_media":1657,"parent":1585,"menu_order":4,"comment_status":"closed","ping_status":"closed","template":"template-home-recipe.php","meta":[],"acf":[],"yoast_head":"<!-- This site is optimized with the Yoast SEO plugin v18.6 - https:\/\/yoast.com\/wordpress\/plugins\/seo\/ -->\n<title>S\u00f6t\u00e9t toast keny\u00e9r - Zavarka<\/title>\n<meta name=\"robots\" content=\"index, follow, max-snippet:-1, max-image-preview:large, max-video-preview:-1\" \/>\n<link rel=\"canonical\" href=\"https:\/\/www.zavarka-lesaffre.com\/hu\/receptek\/dark-toast-bread\/\" \/>\n<meta property=\"og:locale\" content=\"hu_HU\" \/>\n<meta property=\"og:type\" content=\"article\" \/>\n<meta property=\"og:title\" content=\"S\u00f6t\u00e9t toast keny\u00e9r - Zavarka\" \/>\n<meta property=\"og:url\" content=\"https:\/\/www.zavarka-lesaffre.com\/hu\/receptek\/dark-toast-bread\/\" \/>\n<meta property=\"og:site_name\" content=\"Zavarka\" \/>\n<meta property=\"article:modified_time\" content=\"2020-08-06T08:04:52+00:00\" \/>\n<meta property=\"og:image\" content=\"https:\/\/www.zavarka-lesaffre.com\/wp-content\/uploads\/2019\/07\/recipe-zavarka-darkmalt-darktoastbread.jpg\" \/>\n\t<meta property=\"og:image:width\" content=\"307\" \/>\n\t<meta property=\"og:image:height\" content=\"393\" \/>\n\t<meta property=\"og:image:type\" content=\"image\/jpeg\" \/>\n<meta name=\"twitter:card\" content=\"summary_large_image\" \/>\n<script type=\"application\/ld+json\" class=\"yoast-schema-graph\">{\"@context\":\"https:\/\/schema.org\",\"@graph\":[{\"@type\":\"WebSite\",\"@id\":\"https:\/\/www.zavarka-lesaffre.com\/#website\",\"url\":\"https:\/\/www.zavarka-lesaffre.com\/\",\"name\":\"Zavarka\",\"description\":\"paste premixes\",\"potentialAction\":[{\"@type\":\"SearchAction\",\"target\":{\"@type\":\"EntryPoint\",\"urlTemplate\":\"https:\/\/www.zavarka-lesaffre.com\/?s={search_term_string}\"},\"query-input\":\"required name=search_term_string\"}],\"inLanguage\":\"hu\"},{\"@type\":\"ImageObject\",\"@id\":\"https:\/\/www.zavarka-lesaffre.com\/hu\/receptek\/dark-toast-bread\/#primaryimage\",\"inLanguage\":\"hu\",\"url\":\"https:\/\/www.zavarka-lesaffre.com\/wp-content\/uploads\/2019\/07\/recipe-zavarka-darkmalt-darktoastbread.jpg\",\"contentUrl\":\"https:\/\/www.zavarka-lesaffre.com\/wp-content\/uploads\/2019\/07\/recipe-zavarka-darkmalt-darktoastbread.jpg\",\"width\":307,\"height\":393},{\"@type\":\"WebPage\",\"@id\":\"https:\/\/www.zavarka-lesaffre.com\/hu\/receptek\/dark-toast-bread\/#webpage\",\"url\":\"https:\/\/www.zavarka-lesaffre.com\/hu\/receptek\/dark-toast-bread\/\",\"name\":\"S\u00f6t\u00e9t toast keny\u00e9r - Zavarka\",\"isPartOf\":{\"@id\":\"https:\/\/www.zavarka-lesaffre.com\/#website\"},\"primaryImageOfPage\":{\"@id\":\"https:\/\/www.zavarka-lesaffre.com\/hu\/receptek\/dark-toast-bread\/#primaryimage\"},\"datePublished\":\"2019-07-31T07:21:12+00:00\",\"dateModified\":\"2020-08-06T08:04:52+00:00\",\"breadcrumb\":{\"@id\":\"https:\/\/www.zavarka-lesaffre.com\/hu\/receptek\/dark-toast-bread\/#breadcrumb\"},\"inLanguage\":\"hu\",\"potentialAction\":[{\"@type\":\"ReadAction\",\"target\":[\"https:\/\/www.zavarka-lesaffre.com\/hu\/receptek\/dark-toast-bread\/\"]}]},{\"@type\":\"BreadcrumbList\",\"@id\":\"https:\/\/www.zavarka-lesaffre.com\/hu\/receptek\/dark-toast-bread\/#breadcrumb\",\"itemListElement\":[{\"@type\":\"ListItem\",\"position\":1,\"name\":\"Home\",\"item\":\"https:\/\/www.zavarka-lesaffre.com\/hu\/\"},{\"@type\":\"ListItem\",\"position\":2,\"name\":\"Receptek\",\"item\":\"https:\/\/www.zavarka-lesaffre.com\/hu\/receptek\/\"},{\"@type\":\"ListItem\",\"position\":3,\"name\":\"S\u00f6t\u00e9t toast keny\u00e9r\"}]}]}<\/script>\n<!-- \/ Yoast SEO plugin. -->","yoast_head_json":{"title":"S\u00f6t\u00e9t toast keny\u00e9r - Zavarka","robots":{"index":"index","follow":"follow","max-snippet":"max-snippet:-1","max-image-preview":"max-image-preview:large","max-video-preview":"max-video-preview:-1"},"canonical":"https:\/\/www.zavarka-lesaffre.com\/hu\/receptek\/dark-toast-bread\/","og_locale":"hu_HU","og_type":"article","og_title":"S\u00f6t\u00e9t toast keny\u00e9r - Zavarka","og_url":"https:\/\/www.zavarka-lesaffre.com\/hu\/receptek\/dark-toast-bread\/","og_site_name":"Zavarka","article_modified_time":"2020-08-06T08:04:52+00:00","og_image":[{"width":307,"height":393,"url":"https:\/\/www.zavarka-lesaffre.com\/wp-content\/uploads\/2019\/07\/recipe-zavarka-darkmalt-darktoastbread.jpg","type":"image\/jpeg"}],"twitter_card":"summary_large_image","schema":{"@context":"https:\/\/schema.org","@graph":[{"@type":"WebSite","@id":"https:\/\/www.zavarka-lesaffre.com\/#website","url":"https:\/\/www.zavarka-lesaffre.com\/","name":"Zavarka","description":"paste premixes","potentialAction":[{"@type":"SearchAction","target":{"@type":"EntryPoint","urlTemplate":"https:\/\/www.zavarka-lesaffre.com\/?s={search_term_string}"},"query-input":"required name=search_term_string"}],"inLanguage":"hu"},{"@type":"ImageObject","@id":"https:\/\/www.zavarka-lesaffre.com\/hu\/receptek\/dark-toast-bread\/#primaryimage","inLanguage":"hu","url":"https:\/\/www.zavarka-lesaffre.com\/wp-content\/uploads\/2019\/07\/recipe-zavarka-darkmalt-darktoastbread.jpg","contentUrl":"https:\/\/www.zavarka-lesaffre.com\/wp-content\/uploads\/2019\/07\/recipe-zavarka-darkmalt-darktoastbread.jpg","width":307,"height":393},{"@type":"WebPage","@id":"https:\/\/www.zavarka-lesaffre.com\/hu\/receptek\/dark-toast-bread\/#webpage","url":"https:\/\/www.zavarka-lesaffre.com\/hu\/receptek\/dark-toast-bread\/","name":"S\u00f6t\u00e9t toast keny\u00e9r - Zavarka","isPartOf":{"@id":"https:\/\/www.zavarka-lesaffre.com\/#website"},"primaryImageOfPage":{"@id":"https:\/\/www.zavarka-lesaffre.com\/hu\/receptek\/dark-toast-bread\/#primaryimage"},"datePublished":"2019-07-31T07:21:12+00:00","dateModified":"2020-08-06T08:04:52+00:00","breadcrumb":{"@id":"https:\/\/www.zavarka-lesaffre.com\/hu\/receptek\/dark-toast-bread\/#breadcrumb"},"inLanguage":"hu","potentialAction":[{"@type":"ReadAction","target":["https:\/\/www.zavarka-lesaffre.com\/hu\/receptek\/dark-toast-bread\/"]}]},{"@type":"BreadcrumbList","@id":"https:\/\/www.zavarka-lesaffre.com\/hu\/receptek\/dark-toast-bread\/#breadcrumb","itemListElement":[{"@type":"ListItem","position":1,"name":"Home","item":"https:\/\/www.zavarka-lesaffre.com\/hu\/"},{"@type":"ListItem","position":2,"name":"Receptek","item":"https:\/\/www.zavarka-lesaffre.com\/hu\/receptek\/"},{"@type":"ListItem","position":3,"name":"S\u00f6t\u00e9t toast keny\u00e9r"}]}]}},"_links":{"self":[{"href":"https:\/\/www.zavarka-lesaffre.com\/hu\/wp-json\/wp\/v2\/pages\/1656"}],"collection":[{"href":"https:\/\/www.zavarka-lesaffre.com\/hu\/wp-json\/wp\/v2\/pages"}],"about":[{"href":"https:\/\/www.zavarka-lesaffre.com\/hu\/wp-json\/wp\/v2\/types\/page"}],"author":[{"embeddable":true,"href":"https:\/\/www.zavarka-lesaffre.com\/hu\/wp-json\/wp\/v2\/users\/1"}],"replies":[{"embeddable":true,"href":"https:\/\/www.zavarka-lesaffre.com\/hu\/wp-json\/wp\/v2\/comments?post=1656"}],"version-history":[{"count":4,"href":"https:\/\/www.zavarka-lesaffre.com\/hu\/wp-json\/wp\/v2\/pages\/1656\/revisions"}],"predecessor-version":[{"id":1661,"href":"https:\/\/www.zavarka-lesaffre.com\/hu\/wp-json\/wp\/v2\/pages\/1656\/revisions\/1661"}],"up":[{"embeddable":true,"href":"https:\/\/www.zavarka-lesaffre.com\/hu\/wp-json\/wp\/v2\/pages\/1585"}],"wp:featuredmedia":[{"embeddable":true,"href":"https:\/\/www.zavarka-lesaffre.com\/hu\/wp-json\/wp\/v2\/media\/1657"}],"wp:attachment":[{"href":"https:\/\/www.zavarka-lesaffre.com\/hu\/wp-json\/wp\/v2\/media?parent=1656"}],"curies":[{"name":"wp","href":"https:\/\/api.w.org\/{rel}","templated":true}]}}