{"id":1622,"date":"2020-07-02T12:06:11","date_gmt":"2020-07-02T10:06:11","guid":{"rendered":"https:\/\/www.zavarka-lesaffre.com\/?page_id=1622"},"modified":"2020-07-02T12:06:11","modified_gmt":"2020-07-02T10:06:11","slug":"impresszum","status":"publish","type":"page","link":"https:\/\/www.zavarka-lesaffre.com\/hu\/impresszum\/","title":{"rendered":"Impresszum"},"content":{"rendered":"\n<h1>Impresszum<\/h1>\n\n\n\n<p><\/p>\n\n\n\n<p><strong>Lesaffre Austria AG<\/strong><br> IZ N\u00d6-S\u00fcd, Stra\u00dfe 7, Objekt 58B<br> A-2355 Wiener Neudorf<\/p>\n\n\n\n<p><strong> Phone:<\/strong> +43 (0)2236 677 988-0<br><strong> Fax: <\/strong>+43 (0)2236 677 988-550<br><strong> E-Mail: <\/strong>office.at@lesaffre.com<\/p>\n\n\n\n<p><strong> Firmenbuchnummer: <\/strong>135661 b<br><strong> Firmenbuchgericht:<\/strong> Handelsgericht Wiener Neustadt<br><strong> UID-Nr.: <\/strong>ATU 39103108<br> <strong>ARA:<\/strong> 9324<\/p>\n\n\n\n<p><strong>Vorstand<\/strong><br> Mag. Ewald M\u00fcller<br><br><strong> Photos:<\/strong><br> Lesaffre Austria AG, freepik, shutterstock: Dean Drobot, veryulissa, DarioZg<\/p>\n","protected":false},"excerpt":{"rendered":"<p>Impresszum Lesaffre Austria AG IZ N\u00d6-S\u00fcd, Stra\u00dfe 7, Objekt 58B A-2355 Wiener Neudorf Phone: +43 (0)2236 677 988-0 Fax: +43 (0)2236 677 988-550 E-Mail: office.at@lesaffre.com Firmenbuchnummer: 135661 b Firmenbuchgericht: Handelsgericht Wiener Neustadt UID-Nr.: ATU 39103108 ARA: 9324 Vorstand Mag. Ewald M\u00fcller Photos: Lesaffre Austria AG, freepik, shutterstock: Dean Drobot, veryulissa, DarioZg<\/p>\n","protected":false},"author":1,"featured_media":0,"parent":0,"menu_order":60,"comment_status":"closed","ping_status":"closed","template":"","meta":[],"acf":[],"yoast_head":"<!-- This site is optimized with the Yoast SEO plugin v18.6 - https:\/\/yoast.com\/wordpress\/plugins\/seo\/ -->\n<title>Impresszum - Zavarka<\/title>\n<meta name=\"robots\" content=\"index, follow, max-snippet:-1, max-image-preview:large, max-video-preview:-1\" \/>\n<link rel=\"canonical\" href=\"https:\/\/www.zavarka-lesaffre.com\/hu\/impresszum\/\" \/>\n<meta property=\"og:locale\" content=\"hu_HU\" \/>\n<meta property=\"og:type\" content=\"article\" \/>\n<meta property=\"og:title\" content=\"Impresszum - Zavarka\" \/>\n<meta property=\"og:description\" content=\"Impresszum Lesaffre Austria AG IZ N\u00d6-S\u00fcd, Stra\u00dfe 7, Objekt 58B A-2355 Wiener Neudorf Phone: +43 (0)2236 677 988-0 Fax: +43 (0)2236 677 988-550 E-Mail: office.at@lesaffre.com Firmenbuchnummer: 135661 b Firmenbuchgericht: Handelsgericht Wiener Neustadt UID-Nr.: ATU 39103108 ARA: 9324 Vorstand Mag. Ewald M\u00fcller Photos: Lesaffre Austria AG, freepik, shutterstock: Dean Drobot, veryulissa, DarioZg\" \/>\n<meta property=\"og:url\" content=\"https:\/\/www.zavarka-lesaffre.com\/hu\/impresszum\/\" \/>\n<meta property=\"og:site_name\" content=\"Zavarka\" \/>\n<meta name=\"twitter:card\" content=\"summary_large_image\" \/>\n<script type=\"application\/ld+json\" class=\"yoast-schema-graph\">{\"@context\":\"https:\/\/schema.org\",\"@graph\":[{\"@type\":\"WebSite\",\"@id\":\"https:\/\/www.zavarka-lesaffre.com\/#website\",\"url\":\"https:\/\/www.zavarka-lesaffre.com\/\",\"name\":\"Zavarka\",\"description\":\"paste premixes\",\"potentialAction\":[{\"@type\":\"SearchAction\",\"target\":{\"@type\":\"EntryPoint\",\"urlTemplate\":\"https:\/\/www.zavarka-lesaffre.com\/?s={search_term_string}\"},\"query-input\":\"required name=search_term_string\"}],\"inLanguage\":\"hu\"},{\"@type\":\"WebPage\",\"@id\":\"https:\/\/www.zavarka-lesaffre.com\/hu\/impresszum\/#webpage\",\"url\":\"https:\/\/www.zavarka-lesaffre.com\/hu\/impresszum\/\",\"name\":\"Impresszum - Zavarka\",\"isPartOf\":{\"@id\":\"https:\/\/www.zavarka-lesaffre.com\/#website\"},\"datePublished\":\"2020-07-02T10:06:11+00:00\",\"dateModified\":\"2020-07-02T10:06:11+00:00\",\"breadcrumb\":{\"@id\":\"https:\/\/www.zavarka-lesaffre.com\/hu\/impresszum\/#breadcrumb\"},\"inLanguage\":\"hu\",\"potentialAction\":[{\"@type\":\"ReadAction\",\"target\":[\"https:\/\/www.zavarka-lesaffre.com\/hu\/impresszum\/\"]}]},{\"@type\":\"BreadcrumbList\",\"@id\":\"https:\/\/www.zavarka-lesaffre.com\/hu\/impresszum\/#breadcrumb\",\"itemListElement\":[{\"@type\":\"ListItem\",\"position\":1,\"name\":\"Home\",\"item\":\"https:\/\/www.zavarka-lesaffre.com\/hu\/\"},{\"@type\":\"ListItem\",\"position\":2,\"name\":\"Impresszum\"}]}]}<\/script>\n<!-- \/ Yoast SEO plugin. -->","yoast_head_json":{"title":"Impresszum - Zavarka","robots":{"index":"index","follow":"follow","max-snippet":"max-snippet:-1","max-image-preview":"max-image-preview:large","max-video-preview":"max-video-preview:-1"},"canonical":"https:\/\/www.zavarka-lesaffre.com\/hu\/impresszum\/","og_locale":"hu_HU","og_type":"article","og_title":"Impresszum - Zavarka","og_description":"Impresszum Lesaffre Austria AG IZ N\u00d6-S\u00fcd, Stra\u00dfe 7, Objekt 58B A-2355 Wiener Neudorf Phone: +43 (0)2236 677 988-0 Fax: +43 (0)2236 677 988-550 E-Mail: office.at@lesaffre.com Firmenbuchnummer: 135661 b Firmenbuchgericht: Handelsgericht Wiener Neustadt UID-Nr.: ATU 39103108 ARA: 9324 Vorstand Mag. Ewald M\u00fcller Photos: Lesaffre Austria AG, freepik, shutterstock: Dean Drobot, veryulissa, DarioZg","og_url":"https:\/\/www.zavarka-lesaffre.com\/hu\/impresszum\/","og_site_name":"Zavarka","twitter_card":"summary_large_image","schema":{"@context":"https:\/\/schema.org","@graph":[{"@type":"WebSite","@id":"https:\/\/www.zavarka-lesaffre.com\/#website","url":"https:\/\/www.zavarka-lesaffre.com\/","name":"Zavarka","description":"paste premixes","potentialAction":[{"@type":"SearchAction","target":{"@type":"EntryPoint","urlTemplate":"https:\/\/www.zavarka-lesaffre.com\/?s={search_term_string}"},"query-input":"required name=search_term_string"}],"inLanguage":"hu"},{"@type":"WebPage","@id":"https:\/\/www.zavarka-lesaffre.com\/hu\/impresszum\/#webpage","url":"https:\/\/www.zavarka-lesaffre.com\/hu\/impresszum\/","name":"Impresszum - Zavarka","isPartOf":{"@id":"https:\/\/www.zavarka-lesaffre.com\/#website"},"datePublished":"2020-07-02T10:06:11+00:00","dateModified":"2020-07-02T10:06:11+00:00","breadcrumb":{"@id":"https:\/\/www.zavarka-lesaffre.com\/hu\/impresszum\/#breadcrumb"},"inLanguage":"hu","potentialAction":[{"@type":"ReadAction","target":["https:\/\/www.zavarka-lesaffre.com\/hu\/impresszum\/"]}]},{"@type":"BreadcrumbList","@id":"https:\/\/www.zavarka-lesaffre.com\/hu\/impresszum\/#breadcrumb","itemListElement":[{"@type":"ListItem","position":1,"name":"Home","item":"https:\/\/www.zavarka-lesaffre.com\/hu\/"},{"@type":"ListItem","position":2,"name":"Impresszum"}]}]}},"_links":{"self":[{"href":"https:\/\/www.zavarka-lesaffre.com\/hu\/wp-json\/wp\/v2\/pages\/1622"}],"collection":[{"href":"https:\/\/www.zavarka-lesaffre.com\/hu\/wp-json\/wp\/v2\/pages"}],"about":[{"href":"https:\/\/www.zavarka-lesaffre.com\/hu\/wp-json\/wp\/v2\/types\/page"}],"author":[{"embeddable":true,"href":"https:\/\/www.zavarka-lesaffre.com\/hu\/wp-json\/wp\/v2\/users\/1"}],"replies":[{"embeddable":true,"href":"https:\/\/www.zavarka-lesaffre.com\/hu\/wp-json\/wp\/v2\/comments?post=1622"}],"version-history":[{"count":1,"href":"https:\/\/www.zavarka-lesaffre.com\/hu\/wp-json\/wp\/v2\/pages\/1622\/revisions"}],"predecessor-version":[{"id":1623,"href":"https:\/\/www.zavarka-lesaffre.com\/hu\/wp-json\/wp\/v2\/pages\/1622\/revisions\/1623"}],"wp:attachment":[{"href":"https:\/\/www.zavarka-lesaffre.com\/hu\/wp-json\/wp\/v2\/media?parent=1622"}],"curies":[{"name":"wp","href":"https:\/\/api.w.org\/{rel}","templated":true}]}}