{"id":1570,"date":"2020-07-02T11:16:37","date_gmt":"2020-07-02T09:16:37","guid":{"rendered":"https:\/\/www.zavarka-lesaffre.com\/?page_id=1570"},"modified":"2020-07-02T11:56:07","modified_gmt":"2020-07-02T09:56:07","slug":"kapcsolat","status":"publish","type":"page","link":"https:\/\/www.zavarka-lesaffre.com\/hu\/kapcsolat\/","title":{"rendered":"Kapcsolat"},"content":{"rendered":"<div class=\"container py-5\">\n      <div class=\"row\">\n        <div class=\"col-md-3\">\n            <h1><span class=\"orange-boldestweight\">Kapcsolat<\/span><\/h1>\n<p>&nbsp;<\/p>\n<p>&nbsp;<\/p>\n<p><strong>Lesaffre Magyarorsz\u00e1g \u00c9leszt\u0151gy\u00e1rt\u00f3 \u00e9s Kereskedelmi Kft.<\/strong><\/p>\n<p>1222 Budapest, Gy\u00e1r u. 5\u20139.<br \/>\nTel.: (06-1) 226-6311<br \/>\nFax: (06-1) 226-5011<br \/>\nE-mail: marketing.hu@lesaffre.com<\/p>\n<p>&nbsp;<\/p>\n<p style=\"text-align: left;\"><a class=\"btn btn-outline-secondary\" href=\"https:\/\/www.lesaffre.at\/\" target=\"_blank\" rel=\"noopener\">Lesaffre Austria<\/a><\/p>\n        <\/div>\n        <div class=\"col-md-9\">\n            <p><img loading=\"lazy\" class=\"size-full wp-image-222 aligncenter\" src=\"https:\/\/www.zavarka-lesaffre.com\/wp-content\/uploads\/2019\/07\/content07.png\" alt=\"\" width=\"624\" height=\"295\" srcset=\"https:\/\/www.zavarka-lesaffre.com\/wp-content\/uploads\/2019\/07\/content07.png 624w, https:\/\/www.zavarka-lesaffre.com\/wp-content\/uploads\/2019\/07\/content07-300x142.png 300w\" sizes=\"(max-width: 624px) 100vw, 624px\" \/><\/p>\n        <\/div>\n      <\/div>    \t\t        \n<\/div>    \n\n\n<div role=\"form\" class=\"wpcf7\" id=\"wpcf7-f1610-o1\" lang=\"de-DE\" dir=\"ltr\">\n<div class=\"screen-reader-response\"><p role=\"status\" aria-live=\"polite\" aria-atomic=\"true\"><\/p> <ul><\/ul><\/div>\n<form action=\"\/hu\/wp-json\/wp\/v2\/pages\/1570#wpcf7-f1610-o1\" method=\"post\" class=\"wpcf7-form init\" novalidate=\"novalidate\" data-status=\"init\">\n<div style=\"display: none;\">\n<input type=\"hidden\" name=\"_wpcf7\" value=\"1610\" \/>\n<input type=\"hidden\" name=\"_wpcf7_version\" value=\"5.5.6\" \/>\n<input type=\"hidden\" name=\"_wpcf7_locale\" value=\"de_DE\" \/>\n<input type=\"hidden\" name=\"_wpcf7_unit_tag\" value=\"wpcf7-f1610-o1\" \/>\n<input type=\"hidden\" name=\"_wpcf7_container_post\" value=\"0\" \/>\n<input type=\"hidden\" name=\"_wpcf7_posted_data_hash\" value=\"\" \/>\n<\/div>\n<div class=\"contactform\">\n<div class=\"row\" style=\"margin: 40px 0 30px 0\">\n<div class=\"col-md-1 d-flex align-items-center\" style=\"padding-left:0;\"><label>Megsz\u00f3l\u00edt\u00e1s<\/label><\/div>\n<div class=\"col-md-11\" style=\"padding-left:0;\">\n\t\t<span class=\"wpcf7-form-control-wrap Anrede\"><select name=\"Anrede\" class=\"wpcf7-form-control wpcf7-select form-control\" aria-invalid=\"false\"><option value=\"\u00dar\">\u00dar<\/option><option value=\"H\u00f6lgy\">H\u00f6lgy<\/option><\/select><\/span>\n\t<\/div>\n<\/div>\n<div class=\"row\">\n<div class=\"col-md-3 mt-4 mt-md-0\">\n\t\t<span class=\"wpcf7-form-control-wrap Titel\"><input type=\"text\" name=\"Titel\" value=\"\" size=\"40\" class=\"wpcf7-form-control wpcf7-text form-control\" aria-invalid=\"false\" placeholder=\"titulus\" \/><\/span><br \/>\n\t\t<span class=\"wpcf7-form-control-wrap Vorname\"><input type=\"text\" name=\"Vorname\" value=\"\" size=\"40\" class=\"wpcf7-form-control wpcf7-text wpcf7-validates-as-required form-control\" aria-required=\"true\" aria-invalid=\"false\" placeholder=\"keresztn\u00e9v*\" \/><\/span><br \/>\n\t\t<span class=\"wpcf7-form-control-wrap Nachname\"><input type=\"text\" name=\"Nachname\" value=\"\" size=\"40\" class=\"wpcf7-form-control wpcf7-text wpcf7-validates-as-required form-control\" aria-required=\"true\" aria-invalid=\"false\" placeholder=\"vezet\u00e9kn\u00e9v*\" \/><\/span><br \/>\n\t\t<span class=\"wpcf7-form-control-wrap Email\"><input type=\"text\" name=\"Email\" value=\"\" size=\"40\" class=\"wpcf7-form-control wpcf7-text wpcf7-validates-as-required form-control\" aria-required=\"true\" aria-invalid=\"false\" placeholder=\"email*\" \/><\/span><br \/>\n\t\t<span class=\"wpcf7-form-control-wrap Position\"><input type=\"text\" name=\"Position\" value=\"\" size=\"40\" class=\"wpcf7-form-control wpcf7-text form-control\" aria-invalid=\"false\" placeholder=\"poz\u00edci\u00f3\" \/><\/span>\n\t<\/div>\n<div class=\"col-md-3 offset-md-1 mt-4 mt-md-0\">\n\t\t<span class=\"wpcf7-form-control-wrap Unternehmen\"><input type=\"text\" name=\"Unternehmen\" value=\"\" size=\"40\" class=\"wpcf7-form-control wpcf7-text form-control\" aria-invalid=\"false\" placeholder=\"v\u00e1llalat\" \/><\/span><br \/>\n\t\t<span class=\"wpcf7-form-control-wrap Strasse\"><input type=\"text\" name=\"Strasse\" value=\"\" size=\"40\" class=\"wpcf7-form-control wpcf7-text form-control\" aria-invalid=\"false\" placeholder=\"utca\" \/><\/span><br \/>\n\t\t<span class=\"wpcf7-form-control-wrap PLZ\"><input type=\"text\" name=\"PLZ\" value=\"\" size=\"40\" class=\"wpcf7-form-control wpcf7-text form-control\" aria-invalid=\"false\" placeholder=\"ir\u00e1ny\u00edt\u00f3sz\u00e1m\" \/><\/span><br \/>\n\t\t<span class=\"wpcf7-form-control-wrap Ort\"><input type=\"text\" name=\"Ort\" value=\"\" size=\"40\" class=\"wpcf7-form-control wpcf7-text form-control\" aria-invalid=\"false\" placeholder=\"v\u00e1ros\" \/><\/span><br \/>\n\t\t<span class=\"wpcf7-form-control-wrap Telefon\"><input type=\"text\" name=\"Telefon\" value=\"\" size=\"40\" class=\"wpcf7-form-control wpcf7-text form-control\" aria-invalid=\"false\" placeholder=\"telefonsz\u00e1m\" \/><\/span>\n\t<\/div>\n<div class=\"col-md-4 offset-md-1 mt-4 mt-md-0\">\n\t\t<span class=\"wpcf7-form-control-wrap Nachricht\"><textarea name=\"Nachricht\" cols=\"40\" rows=\"10\" class=\"wpcf7-form-control wpcf7-textarea wpcf7-validates-as-required form-control\" aria-required=\"true\" aria-invalid=\"false\" placeholder=\"\u00fczenet*\"><\/textarea><\/span>\n\t<\/div>\n<\/div>\n<div class=\"row\">\n<div class=\"offset-md-8 col-md-4\" style=\"text-align: right;\">\n\t\t<label for=\"message_human\" class=\"quiz\"><br \/>\n\t\t\tsecurity question*<br \/>\n\t\t\t<span class=\"wpcf7-form-control-wrap quiz-18\"><label><span class=\"wpcf7-quiz-label\">5+3=<\/span> <input type=\"text\" name=\"quiz-18\" size=\"40\" class=\"wpcf7-form-control wpcf7-quiz\" autocomplete=\"off\" aria-required=\"true\" aria-invalid=\"false\" \/><\/label><input type=\"hidden\" name=\"_wpcf7_quiz_answer_quiz-18\" value=\"0569a368b32d7396038994f5307c187b\" \/><\/span><br \/>\n\t\t<\/label>\n\t<\/div>\n<\/div>\n<div class=\"mt-3 mb-5\" style=\"text-align: right;\">\n\t\t<input type=\"submit\" value=\"\u00dczenet elk\u00fcld\u00e9se\" class=\"wpcf7-form-control has-spinner wpcf7-submit btn btn-outline-secondary\" \/><br>\n<\/div>\n<\/div>\n<div class=\"wpcf7-response-output\" aria-hidden=\"true\"><\/div><\/form><\/div>\n","protected":false},"excerpt":{"rendered":"","protected":false},"author":1,"featured_media":0,"parent":0,"menu_order":60,"comment_status":"closed","ping_status":"closed","template":"","meta":[],"acf":[],"yoast_head":"<!-- This site is optimized with the Yoast SEO plugin v18.6 - https:\/\/yoast.com\/wordpress\/plugins\/seo\/ -->\n<title>Kapcsolat - Zavarka<\/title>\n<meta name=\"robots\" content=\"index, follow, max-snippet:-1, max-image-preview:large, max-video-preview:-1\" \/>\n<link rel=\"canonical\" href=\"https:\/\/www.zavarka-lesaffre.com\/hu\/kapcsolat\/\" \/>\n<meta property=\"og:locale\" content=\"hu_HU\" \/>\n<meta property=\"og:type\" content=\"article\" \/>\n<meta property=\"og:title\" content=\"Kapcsolat - Zavarka\" \/>\n<meta property=\"og:url\" content=\"https:\/\/www.zavarka-lesaffre.com\/hu\/kapcsolat\/\" \/>\n<meta property=\"og:site_name\" content=\"Zavarka\" \/>\n<meta property=\"article:modified_time\" content=\"2020-07-02T09:56:07+00:00\" \/>\n<meta name=\"twitter:card\" content=\"summary_large_image\" \/>\n<script type=\"application\/ld+json\" class=\"yoast-schema-graph\">{\"@context\":\"https:\/\/schema.org\",\"@graph\":[{\"@type\":\"WebSite\",\"@id\":\"https:\/\/www.zavarka-lesaffre.com\/#website\",\"url\":\"https:\/\/www.zavarka-lesaffre.com\/\",\"name\":\"Zavarka\",\"description\":\"paste premixes\",\"potentialAction\":[{\"@type\":\"SearchAction\",\"target\":{\"@type\":\"EntryPoint\",\"urlTemplate\":\"https:\/\/www.zavarka-lesaffre.com\/?s={search_term_string}\"},\"query-input\":\"required name=search_term_string\"}],\"inLanguage\":\"hu\"},{\"@type\":\"WebPage\",\"@id\":\"https:\/\/www.zavarka-lesaffre.com\/hu\/kapcsolat\/#webpage\",\"url\":\"https:\/\/www.zavarka-lesaffre.com\/hu\/kapcsolat\/\",\"name\":\"Kapcsolat - Zavarka\",\"isPartOf\":{\"@id\":\"https:\/\/www.zavarka-lesaffre.com\/#website\"},\"datePublished\":\"2020-07-02T09:16:37+00:00\",\"dateModified\":\"2020-07-02T09:56:07+00:00\",\"breadcrumb\":{\"@id\":\"https:\/\/www.zavarka-lesaffre.com\/hu\/kapcsolat\/#breadcrumb\"},\"inLanguage\":\"hu\",\"potentialAction\":[{\"@type\":\"ReadAction\",\"target\":[\"https:\/\/www.zavarka-lesaffre.com\/hu\/kapcsolat\/\"]}]},{\"@type\":\"BreadcrumbList\",\"@id\":\"https:\/\/www.zavarka-lesaffre.com\/hu\/kapcsolat\/#breadcrumb\",\"itemListElement\":[{\"@type\":\"ListItem\",\"position\":1,\"name\":\"Home\",\"item\":\"https:\/\/www.zavarka-lesaffre.com\/hu\/\"},{\"@type\":\"ListItem\",\"position\":2,\"name\":\"Kapcsolat\"}]}]}<\/script>\n<!-- \/ Yoast SEO plugin. -->","yoast_head_json":{"title":"Kapcsolat - Zavarka","robots":{"index":"index","follow":"follow","max-snippet":"max-snippet:-1","max-image-preview":"max-image-preview:large","max-video-preview":"max-video-preview:-1"},"canonical":"https:\/\/www.zavarka-lesaffre.com\/hu\/kapcsolat\/","og_locale":"hu_HU","og_type":"article","og_title":"Kapcsolat - Zavarka","og_url":"https:\/\/www.zavarka-lesaffre.com\/hu\/kapcsolat\/","og_site_name":"Zavarka","article_modified_time":"2020-07-02T09:56:07+00:00","twitter_card":"summary_large_image","schema":{"@context":"https:\/\/schema.org","@graph":[{"@type":"WebSite","@id":"https:\/\/www.zavarka-lesaffre.com\/#website","url":"https:\/\/www.zavarka-lesaffre.com\/","name":"Zavarka","description":"paste premixes","potentialAction":[{"@type":"SearchAction","target":{"@type":"EntryPoint","urlTemplate":"https:\/\/www.zavarka-lesaffre.com\/?s={search_term_string}"},"query-input":"required name=search_term_string"}],"inLanguage":"hu"},{"@type":"WebPage","@id":"https:\/\/www.zavarka-lesaffre.com\/hu\/kapcsolat\/#webpage","url":"https:\/\/www.zavarka-lesaffre.com\/hu\/kapcsolat\/","name":"Kapcsolat - Zavarka","isPartOf":{"@id":"https:\/\/www.zavarka-lesaffre.com\/#website"},"datePublished":"2020-07-02T09:16:37+00:00","dateModified":"2020-07-02T09:56:07+00:00","breadcrumb":{"@id":"https:\/\/www.zavarka-lesaffre.com\/hu\/kapcsolat\/#breadcrumb"},"inLanguage":"hu","potentialAction":[{"@type":"ReadAction","target":["https:\/\/www.zavarka-lesaffre.com\/hu\/kapcsolat\/"]}]},{"@type":"BreadcrumbList","@id":"https:\/\/www.zavarka-lesaffre.com\/hu\/kapcsolat\/#breadcrumb","itemListElement":[{"@type":"ListItem","position":1,"name":"Home","item":"https:\/\/www.zavarka-lesaffre.com\/hu\/"},{"@type":"ListItem","position":2,"name":"Kapcsolat"}]}]}},"_links":{"self":[{"href":"https:\/\/www.zavarka-lesaffre.com\/hu\/wp-json\/wp\/v2\/pages\/1570"}],"collection":[{"href":"https:\/\/www.zavarka-lesaffre.com\/hu\/wp-json\/wp\/v2\/pages"}],"about":[{"href":"https:\/\/www.zavarka-lesaffre.com\/hu\/wp-json\/wp\/v2\/types\/page"}],"author":[{"embeddable":true,"href":"https:\/\/www.zavarka-lesaffre.com\/hu\/wp-json\/wp\/v2\/users\/1"}],"replies":[{"embeddable":true,"href":"https:\/\/www.zavarka-lesaffre.com\/hu\/wp-json\/wp\/v2\/comments?post=1570"}],"version-history":[{"count":4,"href":"https:\/\/www.zavarka-lesaffre.com\/hu\/wp-json\/wp\/v2\/pages\/1570\/revisions"}],"predecessor-version":[{"id":1612,"href":"https:\/\/www.zavarka-lesaffre.com\/hu\/wp-json\/wp\/v2\/pages\/1570\/revisions\/1612"}],"wp:attachment":[{"href":"https:\/\/www.zavarka-lesaffre.com\/hu\/wp-json\/wp\/v2\/media?parent=1570"}],"curies":[{"name":"wp","href":"https:\/\/api.w.org\/{rel}","templated":true}]}}