{"id":1476,"date":"2020-07-02T11:15:30","date_gmt":"2020-07-02T09:15:30","guid":{"rendered":"https:\/\/www.zavarka-lesaffre.com\/?page_id=1476"},"modified":"2020-07-02T11:15:31","modified_gmt":"2020-07-02T09:15:31","slug":"termek-kinalat","status":"publish","type":"page","link":"https:\/\/www.zavarka-lesaffre.com\/hu\/termek-kinalat\/","title":{"rendered":"Term\u00e9k k\u00edn\u00e1lat"},"content":{"rendered":"<div data-aos=\"zoom-in\">\n<h1><span class=\"orange-boldestweight\">Zavarka \u2013<\/span><br \/>\n<span class=\"font2\">term\u00e9kcsal\u00e1d<\/span><\/h1>\n<p>&nbsp;<\/p>\n<\/div>\n\n<div class=\"container\">    \n    <div class=\"child-div nobg\">\n            \n            <div class=\"row \">\n                                      <div class=\"col-md-6 p-0 bgfluidimg bgstretch6-6\" data-aos=\"fade-in\" style=\"background-image:url(https:\/\/www.zavarka-lesaffre.com\/wp-content\/uploads\/2019\/07\/image04.jpg);\">\n                        \n                                                \n\n                      <\/div>\n                                                        <div class=\"col-md-6 px-5 d-flex align-items-center\" data-aos=\"fade-in\" data-aos-delay=\"250\">\n                        <div class=\"my-5 py-5 text-left\" style=\"max-width:500px;\">\n                        <h2>Zavarka <span class=\"orange-smallweight\">Classics <\/span><\/h2>\n<p><strong>Term\u00e9kle\u00edr\u00e1s\/ felhaszn\u00e1l\u00e1s<\/strong><br \/>\nTeljes ki\u0151rl\u00e9s\u0171 forr\u00e1zott rozslisztekb\u0151l, mal\u00e1talisztb\u0151l \u00e9s teljes ki\u0151rl\u00e9s\u0171 rozskov\u00e1szb\u00f3l k\u00e9sz\u00fclt kever\u00e9k, mellyel sz\u00e9les \u00e9s fant\u00e1ziad\u00fas b\u00faza- \u00e9s\/vagy rozskenyereket \u00e1ll\u00edthat el\u0151.<\/p>\n<p>&nbsp;<\/p>\n<p><img loading=\"lazy\" class=\"size-full wp-image-117 alignnone\" src=\"https:\/\/www.zavarka-lesaffre.com\/wp-content\/uploads\/2019\/07\/classic-icons.png\" alt=\"\" width=\"144\" height=\"43\" \/><\/p>\n<p>A kenyerek f\u0151bb jellemz\u0151i:<\/p>\n<p>\u2022 Ropog\u00f3s keny\u00e9rh\u00e9j<br \/>\n\u2022 l\u00e1gyan szaftos, leveg\u0151s b\u00e9lzet<br \/>\n\u2022 \u00e9desk\u00e9s-savas \u00edz<br \/>\n\u2022 \u00e9rett kov\u00e1sz- \u00e9s gy\u00f6m\u00f6lcs\u00f6s aroma<\/p>\n<p>Tart\u00f3s\u00edt\u00f3szerek haszn\u00e1lata nem sz\u00fcks\u00e9ges, 3-5 napos t\u00e1rol\u00e1s eset\u00e9n (lsd. min.40%-os recept szerinti adagol\u00e1sn\u00e1l)<\/p>\n<p>&nbsp;<\/p>\n<p><img loading=\"lazy\" class=\"alignnone wp-image-37 size-medium\" src=\"https:\/\/www.zavarka-lesaffre.com\/wp-content\/uploads\/2019\/07\/zavarka-classic-280x300.png\" alt=\"\" width=\"280\" height=\"300\" srcset=\"https:\/\/www.zavarka-lesaffre.com\/wp-content\/uploads\/2019\/07\/zavarka-classic-280x300.png 280w, https:\/\/www.zavarka-lesaffre.com\/wp-content\/uploads\/2019\/07\/zavarka-classic.png 328w\" sizes=\"(max-width: 280px) 100vw, 280px\" \/><\/p>\n                        <\/div>\n                    <\/div>\n                                 \n            <\/div>    \t\t        \n    <\/div>    \n<\/div>\n\n\n<div class=\"child-div nobg\">\n      <div class=\"container pt-3 pb-5\">    \n            \n            <div class=\"row\">\n                                      <div class=\"col-md-4 px-3 py-3 py-md-5 d-flex align-items-center\" data-aos=\"fade-right\">\n                        <img src=\"https:\/\/www.zavarka-lesaffre.com\/wp-content\/uploads\/2020\/07\/classic-diag1_ung-1.png\" class=\"img-fluid noanimation\" alt=\"classic-diag1_ung\" \/>\n                      <\/div>\n                    \n\n                                    <div class=\"col-md-4 px-3 py-3 py-md-5 d-flex align-items-center\" data-aos=\"fade-in\">\n                      <img src=\"https:\/\/www.zavarka-lesaffre.com\/wp-content\/uploads\/2020\/07\/classic-diag2_ung.png\" class=\"img-fluid noanimation\" alt=\"classic-diag2_ung\" \/>\n                    <\/div>\n                      \n                \n                                    <div class=\"col-md-4 px-3 py-3 py-md-5 d-flex align-items-center \">\n                        <div class=\"mx-auto py-5 text-left\" data-aos=\"fade-left\">\n                        <p><strong>Adagol\u00e1s<\/strong><br \/>\nKeverjen 20-40% Inventis Zavarka Classic-ot a keny\u00e9r recepthez.<\/p>\n<p><strong>\u00d6sszetev\u0151k<\/strong><br \/>\nV\u00edz, rozskov\u00e1sz (teljes ki\u0151rl\u00e9s\u0171 rozsliszt, v\u00edz, rozsliszt, s\u00f3), rozsliszt, \u00e1rpamal\u00e1ta liszt, gl\u00fck\u00f3z szirup, s\u00f3<\/p>\n<p><strong>T\u00e1rol\u00e1s<\/strong><br \/>\nSz\u00e1raz, h\u0171v\u00f6s helyen. Felbont\u00e1s ut\u00e1n 2-8 \u00b0C-on t\u00e1roland\u00f3 \u00e9s 2 h\u00e9ten bel\u00fcl fel kell haszn\u00e1lni.<\/p>\n                        <\/div>\n                    <\/div>\n                                <\/div>    \t\t        \n    <\/div>    \n<\/div>\n\n\n<div class=\"container\">    \n    <div class=\"child-div greybg\">\n            \n            <div class=\"row \">\n                                      <div class=\"col-md-6 p-0 bgfluidimg bgstretch6-6\" data-aos=\"fade-in\" style=\"background-image:url(https:\/\/www.zavarka-lesaffre.com\/wp-content\/uploads\/2019\/07\/darkmalt-image.jpg);\">\n                        \n                                                \n\n                      <\/div>\n                                                        <div class=\"col-md-6 px-5 d-flex align-items-center\" data-aos=\"fade-in\" data-aos-delay=\"250\">\n                        <div class=\"my-5 py-5 text-left\" style=\"max-width:500px;\">\n                        <h2 id=\"zavarkadark\"><strong>Zavarka<\/strong> <span class=\"orange-smallweight\">Dark <\/span><\/h2>\n<p><strong>Term\u00e9kle\u00edr\u00e1s\/ felhaszn\u00e1l\u00e1s<\/strong><br \/>\nTeljes ki\u0151rl\u00e9s\u0171 forr\u00e1zott rozslisztb\u0151l \u00e9s teljes ki\u0151rl\u00e9s\u0171 rozskov\u00e1szb\u00f3l k\u00e9sz\u00fclt kever\u00e9k, f\u0171szerekkel \u00e9s mal\u00e1ta gabon\u00e1val, s\u00f6t\u00e9t sz\u00edn\u0171 rozskenyerek sz\u00e9les v\u00e1laszt\u00e9k\u00e1nak el\u0151\u00e1ll\u00edt\u00e1s\u00e1hoz.<\/p>\n<p>&nbsp;<\/p>\n<p><img loading=\"lazy\" class=\"size-full wp-image-117 alignnone\" src=\"https:\/\/www.zavarka-lesaffre.com\/wp-content\/uploads\/2019\/07\/classic-icons.png\" alt=\"\" width=\"144\" height=\"43\" \/><\/p>\n<p><strong>A kenyerek f\u0151bb jellemz\u0151i: <\/strong><\/p>\n<p>\u2022 a k\u00fcl\u00f6nleges f\u0171szerek illetve a forr\u00e1zott liszt \u00e9des \u00e9s szaftos puha b\u00e9lzetet k\u00f6lcs\u00f6n\u00f6z a keny\u00e9rnek<\/p>\n<p>\u2022 val\u00f3di hosszan \u00e9rlelt rozskov\u00e1sz, ami l\u00e1gy savanyk\u00e1s \u00edzt ad<\/p>\n<p>Tart\u00f3s\u00edt\u00f3szerek haszn\u00e1lata nem sz\u00fcks\u00e9ges, 3-5 napos t\u00e1rol\u00e1s eset\u00e9n (lsd. min.40%-os recept szerinti adagol\u00e1sn\u00e1l)<\/p>\n<p><img loading=\"lazy\" class=\"size-medium wp-image-38 alignnone\" src=\"https:\/\/www.zavarka-lesaffre.com\/wp-content\/uploads\/2019\/07\/zavarka-darkmalt-289x300.png\" alt=\"\" width=\"289\" height=\"300\" srcset=\"https:\/\/www.zavarka-lesaffre.com\/wp-content\/uploads\/2019\/07\/zavarka-darkmalt-289x300.png 289w, https:\/\/www.zavarka-lesaffre.com\/wp-content\/uploads\/2019\/07\/zavarka-darkmalt.png 338w\" sizes=\"(max-width: 289px) 100vw, 289px\" \/><\/p>\n                        <\/div>\n                    <\/div>\n                                 \n            <\/div>    \t\t        \n    <\/div>    \n<\/div>\n\n\n<div class=\"child-div greybg\">\n      <div class=\"container pt-3 pb-5\">    \n            \n            <div class=\"row\">\n                                      <div class=\"col-md-4 px-3 py-3 py-md-5 d-flex align-items-center\" data-aos=\"fade-right\">\n                        <img src=\"https:\/\/www.zavarka-lesaffre.com\/wp-content\/uploads\/2020\/07\/darkmalt-diag1_ung.png\" class=\"img-fluid noanimation\" alt=\"darkmalt-diag1_ung\" \/>\n                      <\/div>\n                    \n\n                                    <div class=\"col-md-4 px-3 py-3 py-md-5 d-flex align-items-center\" data-aos=\"fade-in\">\n                      <img src=\"https:\/\/www.zavarka-lesaffre.com\/wp-content\/uploads\/2020\/07\/darkmalt-diag2_ung.png\" class=\"img-fluid noanimation\" alt=\"darkmalt-diag2_ung\" \/>\n                    <\/div>\n                      \n                \n                                    <div class=\"col-md-4 px-3 py-3 py-md-5 d-flex align-items-center \">\n                        <div class=\"mx-auto py-5 text-left\" data-aos=\"fade-left\">\n                        <p><strong>Adagol\u00e1s<\/strong><br \/>\nKeverjen 20-40% Inventis Zavarka Dark Malt-ot a keny\u00e9r recepthez.<\/p>\n<p><strong>\u00d6sszetev\u0151k<\/strong><br \/>\nV\u00edz, rozskov\u00e1sz (teljes ki\u0151rl\u00e9s\u0171 rozsliszt, v\u00edz, rozsliszt, s\u00f3), cukor, pir\u00edtott rozs- \u00e9s \u00e1rpaliszt, s\u00f3, f\u0171szerek<\/p>\n<p><strong>T\u00e1rol\u00e1s<\/strong><br \/>\nSz\u00e1raz, h\u0171v\u00f6s helyen. Felbont\u00e1s ut\u00e1n 2-8 \u00b0C-on t\u00e1roland\u00f3 \u00e9s 2 h\u00e9ten bel\u00fcl fel kell haszn\u00e1lni.<\/p>\n                        <\/div>\n                    <\/div>\n                                <\/div>    \t\t        \n    <\/div>    \n<\/div>\n\n\n<div class=\"container\">    \n    <div class=\"child-div nobg\">\n            \n            <div class=\"row \">\n                                      <div class=\"col-md-6 p-0 bgfluidimg bgstretch6-6\" data-aos=\"fade-in\" style=\"background-image:url(https:\/\/www.zavarka-lesaffre.com\/wp-content\/uploads\/2019\/07\/multigrain-image.jpg);\">\n                        \n                                                \n\n                      <\/div>\n                                                        <div class=\"col-md-6 px-5 d-flex align-items-center\" data-aos=\"fade-in\" data-aos-delay=\"250\">\n                        <div class=\"my-5 py-5 text-left\" style=\"max-width:500px;\">\n                        <h2 id=\"zavarkamultigrain\">Zavarka <span class=\"orange-smallweight\">Multigrain <\/span><\/h2>\n<p><strong>Term\u00e9kle\u00edr\u00e1s\/ felhaszn\u00e1l\u00e1s<\/strong><br \/>\n\u00c1ztatott gabon\u00e1kb\u00f3l \u00e9s magvakb\u00f3l, teljes ki\u0151rl\u00e9s\u0171 forr\u00e1zott rozslisztb\u0151l \u00e9s h\u00e1ntolt teljes ki\u0151rl\u00e9s\u0171 rozskov\u00e1szb\u00f3l k\u00e9sz\u00fclt kever\u00e9k, mellyel sokmagvas b\u00faza- \u00e9s rozskenyerek sz\u00e9les v\u00e1laszt\u00e9k\u00e1t \u00e1ll\u00edthatja el\u0151.<\/p>\n<p>&nbsp;<\/p>\n<p><img loading=\"lazy\" class=\"size-full wp-image-117 alignnone\" src=\"https:\/\/www.zavarka-lesaffre.com\/wp-content\/uploads\/2019\/07\/classic-icons.png\" alt=\"\" width=\"144\" height=\"43\" \/><\/p>\n<p><strong>A kenyerek f\u0151bb jellemz\u0151i: <\/strong><\/p>\n<p>\u2022 Ropog\u00f3s h\u00e9j, puha b\u00e9lzet<\/p>\n<p>\u2022 A kov\u00e1szba kevert, duzzasztott gabon\u00e1k harmonikus \u00e9des-savany\u00fa \u00edzt adnak, az \u00edzletes magvak pedig teljes \u00edzt eredm\u00e9nyeznek<\/p>\n<p>Tart\u00f3s\u00edt\u00f3szerek haszn\u00e1lata nem sz\u00fcks\u00e9ges, 3-5 napos t\u00e1rol\u00e1s eset\u00e9n (lsd. min.40%-os recept szerinti adagol\u00e1sn\u00e1l)<\/p>\n<p>&nbsp;<\/p>\n<p><img loading=\"lazy\" class=\"alignnone size-medium wp-image-39\" src=\"https:\/\/www.zavarka-lesaffre.com\/wp-content\/uploads\/2019\/07\/zavarka-multigrain-291x300.png\" alt=\"\" width=\"291\" height=\"300\" srcset=\"https:\/\/www.zavarka-lesaffre.com\/wp-content\/uploads\/2019\/07\/zavarka-multigrain-291x300.png 291w, https:\/\/www.zavarka-lesaffre.com\/wp-content\/uploads\/2019\/07\/zavarka-multigrain.png 339w\" sizes=\"(max-width: 291px) 100vw, 291px\" \/><\/p>\n                        <\/div>\n                    <\/div>\n                                 \n            <\/div>    \t\t        \n    <\/div>    \n<\/div>\n\n\n<div class=\"child-div nobg\">\n      <div class=\"container pt-3 pb-5\">    \n            \n            <div class=\"row\">\n                                      <div class=\"col-md-4 px-3 py-3 py-md-5 d-flex align-items-center\" data-aos=\"fade-right\">\n                        <img src=\"https:\/\/www.zavarka-lesaffre.com\/wp-content\/uploads\/2020\/07\/multigrain-diag1_ung.png\" class=\"img-fluid noanimation\" alt=\"multigrain-diag1_ung\" \/>\n                      <\/div>\n                    \n\n                                    <div class=\"col-md-4 px-3 py-3 py-md-5 d-flex align-items-center\" data-aos=\"fade-in\">\n                      <img src=\"https:\/\/www.zavarka-lesaffre.com\/wp-content\/uploads\/2020\/07\/multigrain-diag2_ung.png\" class=\"img-fluid noanimation\" alt=\"multigrain-diag2_ung\" \/>\n                    <\/div>\n                      \n                \n                                    <div class=\"col-md-4 px-3 py-3 py-md-5 d-flex align-items-center \">\n                        <div class=\"mx-auto py-5 text-left\" data-aos=\"fade-left\">\n                        <p><strong>Adagol\u00e1s<\/strong><br \/>\nKeverjen 40-60% Inventis Zavarka Multigraint a keny\u00e9r recepthez.<\/p>\n<p><strong>\u00d6sszetev\u0151k<\/strong><br \/>\nV\u00edz, rozskov\u00e1sz, lenmag, napraforg\u00f3mag, rozst\u00f6ret, s\u00f3, cukor, mal\u00e1ta rozsliszt, zabt\u00f6ret<\/p>\n<p><strong>T\u00e1rol\u00e1s<\/strong><br \/>\nSz\u00e1raz, h\u0171v\u00f6s helyen. Felbont\u00e1s ut\u00e1n 2-8 \u00b0C-on t\u00e1roland\u00f3 \u00e9s 2 h\u00e9ten bel\u00fcl fel kell haszn\u00e1lni.<\/p>\n<p><img loading=\"lazy\" class=\"alignnone size-full wp-image-1561\" src=\"https:\/\/www.zavarka-lesaffre.com\/wp-content\/uploads\/2020\/07\/multigrain-image1_ung.png\" alt=\"\" width=\"309\" height=\"101\" srcset=\"https:\/\/www.zavarka-lesaffre.com\/wp-content\/uploads\/2020\/07\/multigrain-image1_ung.png 309w, https:\/\/www.zavarka-lesaffre.com\/wp-content\/uploads\/2020\/07\/multigrain-image1_ung-300x98.png 300w\" sizes=\"(max-width: 309px) 100vw, 309px\" \/><\/p>\n<p>&nbsp;<\/p>\n                        <\/div>\n                    <\/div>\n                                <\/div>    \t\t        \n    <\/div>    \n<\/div>\n","protected":false},"excerpt":{"rendered":"","protected":false},"author":1,"featured_media":0,"parent":0,"menu_order":0,"comment_status":"closed","ping_status":"closed","template":"","meta":[],"acf":[],"yoast_head":"<!-- This site is optimized with the Yoast SEO plugin v18.6 - https:\/\/yoast.com\/wordpress\/plugins\/seo\/ -->\n<title>Term\u00e9k k\u00edn\u00e1lat - Zavarka<\/title>\n<meta name=\"robots\" content=\"index, follow, max-snippet:-1, max-image-preview:large, max-video-preview:-1\" \/>\n<link rel=\"canonical\" href=\"https:\/\/www.zavarka-lesaffre.com\/hu\/termek-kinalat\/\" \/>\n<meta property=\"og:locale\" content=\"hu_HU\" \/>\n<meta property=\"og:type\" content=\"article\" \/>\n<meta property=\"og:title\" content=\"Term\u00e9k k\u00edn\u00e1lat - Zavarka\" \/>\n<meta property=\"og:url\" content=\"https:\/\/www.zavarka-lesaffre.com\/hu\/termek-kinalat\/\" \/>\n<meta property=\"og:site_name\" content=\"Zavarka\" \/>\n<meta property=\"article:modified_time\" content=\"2020-07-02T09:15:31+00:00\" \/>\n<meta name=\"twitter:card\" content=\"summary_large_image\" \/>\n<script type=\"application\/ld+json\" class=\"yoast-schema-graph\">{\"@context\":\"https:\/\/schema.org\",\"@graph\":[{\"@type\":\"WebSite\",\"@id\":\"https:\/\/www.zavarka-lesaffre.com\/#website\",\"url\":\"https:\/\/www.zavarka-lesaffre.com\/\",\"name\":\"Zavarka\",\"description\":\"paste premixes\",\"potentialAction\":[{\"@type\":\"SearchAction\",\"target\":{\"@type\":\"EntryPoint\",\"urlTemplate\":\"https:\/\/www.zavarka-lesaffre.com\/?s={search_term_string}\"},\"query-input\":\"required name=search_term_string\"}],\"inLanguage\":\"hu\"},{\"@type\":\"WebPage\",\"@id\":\"https:\/\/www.zavarka-lesaffre.com\/hu\/termek-kinalat\/#webpage\",\"url\":\"https:\/\/www.zavarka-lesaffre.com\/hu\/termek-kinalat\/\",\"name\":\"Term\u00e9k k\u00edn\u00e1lat - Zavarka\",\"isPartOf\":{\"@id\":\"https:\/\/www.zavarka-lesaffre.com\/#website\"},\"datePublished\":\"2020-07-02T09:15:30+00:00\",\"dateModified\":\"2020-07-02T09:15:31+00:00\",\"breadcrumb\":{\"@id\":\"https:\/\/www.zavarka-lesaffre.com\/hu\/termek-kinalat\/#breadcrumb\"},\"inLanguage\":\"hu\",\"potentialAction\":[{\"@type\":\"ReadAction\",\"target\":[\"https:\/\/www.zavarka-lesaffre.com\/hu\/termek-kinalat\/\"]}]},{\"@type\":\"BreadcrumbList\",\"@id\":\"https:\/\/www.zavarka-lesaffre.com\/hu\/termek-kinalat\/#breadcrumb\",\"itemListElement\":[{\"@type\":\"ListItem\",\"position\":1,\"name\":\"Home\",\"item\":\"https:\/\/www.zavarka-lesaffre.com\/hu\/\"},{\"@type\":\"ListItem\",\"position\":2,\"name\":\"Term\u00e9k k\u00edn\u00e1lat\"}]}]}<\/script>\n<!-- \/ Yoast SEO plugin. -->","yoast_head_json":{"title":"Term\u00e9k k\u00edn\u00e1lat - Zavarka","robots":{"index":"index","follow":"follow","max-snippet":"max-snippet:-1","max-image-preview":"max-image-preview:large","max-video-preview":"max-video-preview:-1"},"canonical":"https:\/\/www.zavarka-lesaffre.com\/hu\/termek-kinalat\/","og_locale":"hu_HU","og_type":"article","og_title":"Term\u00e9k k\u00edn\u00e1lat - Zavarka","og_url":"https:\/\/www.zavarka-lesaffre.com\/hu\/termek-kinalat\/","og_site_name":"Zavarka","article_modified_time":"2020-07-02T09:15:31+00:00","twitter_card":"summary_large_image","schema":{"@context":"https:\/\/schema.org","@graph":[{"@type":"WebSite","@id":"https:\/\/www.zavarka-lesaffre.com\/#website","url":"https:\/\/www.zavarka-lesaffre.com\/","name":"Zavarka","description":"paste premixes","potentialAction":[{"@type":"SearchAction","target":{"@type":"EntryPoint","urlTemplate":"https:\/\/www.zavarka-lesaffre.com\/?s={search_term_string}"},"query-input":"required name=search_term_string"}],"inLanguage":"hu"},{"@type":"WebPage","@id":"https:\/\/www.zavarka-lesaffre.com\/hu\/termek-kinalat\/#webpage","url":"https:\/\/www.zavarka-lesaffre.com\/hu\/termek-kinalat\/","name":"Term\u00e9k k\u00edn\u00e1lat - Zavarka","isPartOf":{"@id":"https:\/\/www.zavarka-lesaffre.com\/#website"},"datePublished":"2020-07-02T09:15:30+00:00","dateModified":"2020-07-02T09:15:31+00:00","breadcrumb":{"@id":"https:\/\/www.zavarka-lesaffre.com\/hu\/termek-kinalat\/#breadcrumb"},"inLanguage":"hu","potentialAction":[{"@type":"ReadAction","target":["https:\/\/www.zavarka-lesaffre.com\/hu\/termek-kinalat\/"]}]},{"@type":"BreadcrumbList","@id":"https:\/\/www.zavarka-lesaffre.com\/hu\/termek-kinalat\/#breadcrumb","itemListElement":[{"@type":"ListItem","position":1,"name":"Home","item":"https:\/\/www.zavarka-lesaffre.com\/hu\/"},{"@type":"ListItem","position":2,"name":"Term\u00e9k k\u00edn\u00e1lat"}]}]}},"_links":{"self":[{"href":"https:\/\/www.zavarka-lesaffre.com\/hu\/wp-json\/wp\/v2\/pages\/1476"}],"collection":[{"href":"https:\/\/www.zavarka-lesaffre.com\/hu\/wp-json\/wp\/v2\/pages"}],"about":[{"href":"https:\/\/www.zavarka-lesaffre.com\/hu\/wp-json\/wp\/v2\/types\/page"}],"author":[{"embeddable":true,"href":"https:\/\/www.zavarka-lesaffre.com\/hu\/wp-json\/wp\/v2\/users\/1"}],"replies":[{"embeddable":true,"href":"https:\/\/www.zavarka-lesaffre.com\/hu\/wp-json\/wp\/v2\/comments?post=1476"}],"version-history":[{"count":21,"href":"https:\/\/www.zavarka-lesaffre.com\/hu\/wp-json\/wp\/v2\/pages\/1476\/revisions"}],"predecessor-version":[{"id":1569,"href":"https:\/\/www.zavarka-lesaffre.com\/hu\/wp-json\/wp\/v2\/pages\/1476\/revisions\/1569"}],"wp:attachment":[{"href":"https:\/\/www.zavarka-lesaffre.com\/hu\/wp-json\/wp\/v2\/media?parent=1476"}],"curies":[{"name":"wp","href":"https:\/\/api.w.org\/{rel}","templated":true}]}}