{"id":1467,"date":"2020-07-02T10:35:13","date_gmt":"2020-07-02T08:35:13","guid":{"rendered":"https:\/\/www.zavarka-lesaffre.com\/?page_id=1467"},"modified":"2020-07-02T12:00:08","modified_gmt":"2020-07-02T10:00:08","slug":"elonyok","status":"publish","type":"page","link":"https:\/\/www.zavarka-lesaffre.com\/hu\/elonyok\/","title":{"rendered":"El\u0151ny\u00f6k"},"content":{"rendered":"<div data-aos=\"zoom-in\">\n<h1><span class=\"orange-boldestweight\">A Zavarka el\u0151nyei \u2013<\/span><br \/>\n<span class=\"font2\">kever\u00e9kek p\u00e9k\u00e1rukhoz<\/span><\/h1>\n<p>&nbsp;<\/p>\n<\/div>\n\n<div class=\"container\">    \n    <div class=\"child-div nobg\">\n            \n            <div class=\"row \">\n                                      <div class=\"col-md-6 p-0 bgfluidimg bgstretch6-6\" data-aos=\"fade-in\" style=\"background-image:url(https:\/\/www.zavarka-lesaffre.com\/wp-content\/uploads\/2019\/07\/image04.jpg);\">\n                        \n                                                \n\n                      <\/div>\n                                                        <div class=\"col-md-6 px-5 d-flex align-items-center\" data-aos=\"fade-in\" data-aos-delay=\"250\">\n                        <div class=\"my-5 py-5 text-left\" style=\"max-width:500px;\">\n                        <p><strong>Inventis Zavarka kever\u00e9kek:<\/strong><br \/>\nterm\u00e9szetes kov\u00e1sszal \u00e9s forr\u00e1zott liszttel k\u00e9sz\u00fclt term\u00e9kek<\/p>\n<p>\u2022 haszn\u00e1latra k\u00e9sz, rozs- \u00e9s b\u00fazaliszttel k\u00e9sz\u00fclt p\u00e9k\u00e1ruk sz\u00e9les v\u00e1lasz\u00e9k\u00e1hoz haszn\u00e1lhat<\/p>\n<p>\u2022 term\u00e9szetesen var\u00e1zsolja el\u0151 a keny\u00e9rben l\u00e9v\u0151 \u00edzeket \u00e9s arom\u00e1kat<\/p>\n<p>\u2022 puha, szaftos b\u00e9lzet<\/p>\n<p>\u2022 hosszabb szavatoss\u00e1gi id\u0151<\/p>\n<p>&nbsp;<\/p>\n<p><strong>Inventis Zavarka<\/strong> term\u00e9kek sz\u00e1mos extra tulajdons\u00e1ggal rendelkeznek a klasszikus elj\u00e1r\u00e1sokkal \u00f6sszehasonl\u00edtva:<\/p>\n<p>\u2022 unique crumb moisture, remaining stable during the whole product shelf life.<\/p>\n<p>\u2022 stable quality guaranty, as a big asset for professional use<\/p>\n<p>\u2022 effective production: you don\u2019t need special equipment to produce the boiled pastes<\/p>\n<p>\u2022 big diversity of products creates a broad variety of breads and recipes.<\/p>\n<p style=\"text-align: left;\"><a class=\"btn btn-outline-secondary\" href=\"https:\/\/www.zavarka-lesaffre.com\/hu\/receptek\/\">Zavarka Receptek<\/a><\/p>\n                        <\/div>\n                    <\/div>\n                                 \n            <\/div>    \t\t        \n    <\/div>    \n<\/div>\n","protected":false},"excerpt":{"rendered":"","protected":false},"author":1,"featured_media":0,"parent":0,"menu_order":40,"comment_status":"closed","ping_status":"closed","template":"","meta":[],"acf":[],"yoast_head":"<!-- This site is optimized with the Yoast SEO plugin v18.6 - https:\/\/yoast.com\/wordpress\/plugins\/seo\/ -->\n<title>El\u0151ny\u00f6k - Zavarka<\/title>\n<meta name=\"robots\" content=\"index, follow, max-snippet:-1, max-image-preview:large, max-video-preview:-1\" \/>\n<link rel=\"canonical\" href=\"https:\/\/www.zavarka-lesaffre.com\/hu\/elonyok\/\" \/>\n<meta property=\"og:locale\" content=\"hu_HU\" \/>\n<meta property=\"og:type\" content=\"article\" \/>\n<meta property=\"og:title\" content=\"El\u0151ny\u00f6k - Zavarka\" \/>\n<meta property=\"og:url\" content=\"https:\/\/www.zavarka-lesaffre.com\/hu\/elonyok\/\" \/>\n<meta property=\"og:site_name\" content=\"Zavarka\" \/>\n<meta property=\"article:modified_time\" content=\"2020-07-02T10:00:08+00:00\" \/>\n<meta name=\"twitter:card\" content=\"summary_large_image\" \/>\n<script type=\"application\/ld+json\" class=\"yoast-schema-graph\">{\"@context\":\"https:\/\/schema.org\",\"@graph\":[{\"@type\":\"WebSite\",\"@id\":\"https:\/\/www.zavarka-lesaffre.com\/#website\",\"url\":\"https:\/\/www.zavarka-lesaffre.com\/\",\"name\":\"Zavarka\",\"description\":\"paste premixes\",\"potentialAction\":[{\"@type\":\"SearchAction\",\"target\":{\"@type\":\"EntryPoint\",\"urlTemplate\":\"https:\/\/www.zavarka-lesaffre.com\/?s={search_term_string}\"},\"query-input\":\"required name=search_term_string\"}],\"inLanguage\":\"hu\"},{\"@type\":\"WebPage\",\"@id\":\"https:\/\/www.zavarka-lesaffre.com\/hu\/elonyok\/#webpage\",\"url\":\"https:\/\/www.zavarka-lesaffre.com\/hu\/elonyok\/\",\"name\":\"El\u0151ny\u00f6k - Zavarka\",\"isPartOf\":{\"@id\":\"https:\/\/www.zavarka-lesaffre.com\/#website\"},\"datePublished\":\"2020-07-02T08:35:13+00:00\",\"dateModified\":\"2020-07-02T10:00:08+00:00\",\"breadcrumb\":{\"@id\":\"https:\/\/www.zavarka-lesaffre.com\/hu\/elonyok\/#breadcrumb\"},\"inLanguage\":\"hu\",\"potentialAction\":[{\"@type\":\"ReadAction\",\"target\":[\"https:\/\/www.zavarka-lesaffre.com\/hu\/elonyok\/\"]}]},{\"@type\":\"BreadcrumbList\",\"@id\":\"https:\/\/www.zavarka-lesaffre.com\/hu\/elonyok\/#breadcrumb\",\"itemListElement\":[{\"@type\":\"ListItem\",\"position\":1,\"name\":\"Home\",\"item\":\"https:\/\/www.zavarka-lesaffre.com\/hu\/\"},{\"@type\":\"ListItem\",\"position\":2,\"name\":\"El\u0151ny\u00f6k\"}]}]}<\/script>\n<!-- \/ Yoast SEO plugin. -->","yoast_head_json":{"title":"El\u0151ny\u00f6k - Zavarka","robots":{"index":"index","follow":"follow","max-snippet":"max-snippet:-1","max-image-preview":"max-image-preview:large","max-video-preview":"max-video-preview:-1"},"canonical":"https:\/\/www.zavarka-lesaffre.com\/hu\/elonyok\/","og_locale":"hu_HU","og_type":"article","og_title":"El\u0151ny\u00f6k - Zavarka","og_url":"https:\/\/www.zavarka-lesaffre.com\/hu\/elonyok\/","og_site_name":"Zavarka","article_modified_time":"2020-07-02T10:00:08+00:00","twitter_card":"summary_large_image","schema":{"@context":"https:\/\/schema.org","@graph":[{"@type":"WebSite","@id":"https:\/\/www.zavarka-lesaffre.com\/#website","url":"https:\/\/www.zavarka-lesaffre.com\/","name":"Zavarka","description":"paste premixes","potentialAction":[{"@type":"SearchAction","target":{"@type":"EntryPoint","urlTemplate":"https:\/\/www.zavarka-lesaffre.com\/?s={search_term_string}"},"query-input":"required name=search_term_string"}],"inLanguage":"hu"},{"@type":"WebPage","@id":"https:\/\/www.zavarka-lesaffre.com\/hu\/elonyok\/#webpage","url":"https:\/\/www.zavarka-lesaffre.com\/hu\/elonyok\/","name":"El\u0151ny\u00f6k - Zavarka","isPartOf":{"@id":"https:\/\/www.zavarka-lesaffre.com\/#website"},"datePublished":"2020-07-02T08:35:13+00:00","dateModified":"2020-07-02T10:00:08+00:00","breadcrumb":{"@id":"https:\/\/www.zavarka-lesaffre.com\/hu\/elonyok\/#breadcrumb"},"inLanguage":"hu","potentialAction":[{"@type":"ReadAction","target":["https:\/\/www.zavarka-lesaffre.com\/hu\/elonyok\/"]}]},{"@type":"BreadcrumbList","@id":"https:\/\/www.zavarka-lesaffre.com\/hu\/elonyok\/#breadcrumb","itemListElement":[{"@type":"ListItem","position":1,"name":"Home","item":"https:\/\/www.zavarka-lesaffre.com\/hu\/"},{"@type":"ListItem","position":2,"name":"El\u0151ny\u00f6k"}]}]}},"_links":{"self":[{"href":"https:\/\/www.zavarka-lesaffre.com\/hu\/wp-json\/wp\/v2\/pages\/1467"}],"collection":[{"href":"https:\/\/www.zavarka-lesaffre.com\/hu\/wp-json\/wp\/v2\/pages"}],"about":[{"href":"https:\/\/www.zavarka-lesaffre.com\/hu\/wp-json\/wp\/v2\/types\/page"}],"author":[{"embeddable":true,"href":"https:\/\/www.zavarka-lesaffre.com\/hu\/wp-json\/wp\/v2\/users\/1"}],"replies":[{"embeddable":true,"href":"https:\/\/www.zavarka-lesaffre.com\/hu\/wp-json\/wp\/v2\/comments?post=1467"}],"version-history":[{"count":9,"href":"https:\/\/www.zavarka-lesaffre.com\/hu\/wp-json\/wp\/v2\/pages\/1467\/revisions"}],"predecessor-version":[{"id":1614,"href":"https:\/\/www.zavarka-lesaffre.com\/hu\/wp-json\/wp\/v2\/pages\/1467\/revisions\/1614"}],"wp:attachment":[{"href":"https:\/\/www.zavarka-lesaffre.com\/hu\/wp-json\/wp\/v2\/media?parent=1467"}],"curies":[{"name":"wp","href":"https:\/\/api.w.org\/{rel}","templated":true}]}}