{"id":1388,"date":"2020-07-02T10:02:03","date_gmt":"2020-07-02T08:02:03","guid":{"rendered":"https:\/\/www.zavarka-lesaffre.com\/?page_id=1388"},"modified":"2020-07-02T12:12:27","modified_gmt":"2020-07-02T10:12:27","slug":"zavarka","status":"publish","type":"page","link":"https:\/\/www.zavarka-lesaffre.com\/hu\/","title":{"rendered":"Zavarka"},"content":{"rendered":"\n<div style=\"height:100px\" aria-hidden=\"true\" class=\"wp-block-spacer\"><\/div>\n\n\n\n<div class=\"wp-block-columns has-3-columns\">\n<div class=\"wp-block-column\">\n<div class=\"wp-block-image\"><figure class=\"aligncenter\"><img loading=\"lazy\" width=\"328\" height=\"352\" src=\"https:\/\/www.zavarka-lesaffre.com\/wp-content\/uploads\/2019\/07\/zavarka-classic.png\" alt=\"\" class=\"wp-image-37\" srcset=\"https:\/\/www.zavarka-lesaffre.com\/wp-content\/uploads\/2019\/07\/zavarka-classic.png 328w, https:\/\/www.zavarka-lesaffre.com\/wp-content\/uploads\/2019\/07\/zavarka-classic-280x300.png 280w\" sizes=\"(max-width: 328px) 100vw, 328px\" \/><\/figure><\/div>\n\n\n<div data-aos=\"zoom-in\">\n<h2 style=\"text-align: center;\">Zavarka <span class=\"orange-smallweight\">Classic<\/span><\/h2>\n<p style=\"text-align: center;\"><span style=\"font-family: Arial, serif;\"><span lang=\"hu-HU\">Teljes ki\u0151rl\u00e9s\u0171 <\/span><\/span><span style=\"color: #000000;\"><span style=\"font-family: Arial, serif;\"><span lang=\"hu-HU\">forr\u00e1zott <\/span><\/span><\/span><span style=\"font-family: Arial, serif;\"><span lang=\"hu-HU\">rozslisztekb\u0151l, mal\u00e1talisztb\u0151l \u00e9s teljes ki\u0151rl\u00e9s\u0171 rozskov\u00e1szab\u00f3l k\u00e9sz\u00fclt kever\u00e9k, mellyel sz\u00e9les \u00e9s fant\u00e1ziad\u00fas b\u00faza- \u00e9s\/vagy rozskenyereket \u00e1ll\u00edthat el\u0151.<\/span><\/span><\/p>\n<p>&nbsp;<\/p>\n<p style=\"text-align: center;\"><a class=\"btn btn-outline-secondary\" href=\"https:\/\/www.zavarka-lesaffre.com\/hu\/termek-kinalat\/\">tov\u00e1bb olvasom<\/a><\/p>\n<\/div><\/div>\n\n\n\n<div class=\"wp-block-column\">\n<div class=\"wp-block-image\"><figure class=\"aligncenter\"><img loading=\"lazy\" width=\"338\" height=\"351\" src=\"https:\/\/www.zavarka-lesaffre.com\/wp-content\/uploads\/2019\/07\/zavarka-darkmalt.png\" alt=\"\" class=\"wp-image-38\" srcset=\"https:\/\/www.zavarka-lesaffre.com\/wp-content\/uploads\/2019\/07\/zavarka-darkmalt.png 338w, https:\/\/www.zavarka-lesaffre.com\/wp-content\/uploads\/2019\/07\/zavarka-darkmalt-289x300.png 289w\" sizes=\"(max-width: 338px) 100vw, 338px\" \/><\/figure><\/div>\n\n\n<div data-aos=\"zoom-in\">\n<h2 style=\"text-align: center;\">Zavarka <span class=\"orange-smallweight\">Dark Malt<\/span><\/h2>\n<p style=\"text-align: center;\"><span style=\"font-family: Arial, serif;\"><span lang=\"hu-HU\">Teljes ki\u0151rl\u00e9s\u0171 forr\u00e1zott rozslisztb\u0151l \u00e9s teljes ki\u0151rl\u00e9s\u0171 rozskov\u00e1szb\u00f3l k\u00e9sz\u00fclt kever\u00e9k, f\u0171szerekkel \u00e9s <\/span><\/span><span style=\"color: #000000;\"><span style=\"font-family: Arial, serif;\"><span lang=\"hu-HU\">cs\u00edr\u00e1zott gabon\u00e1kkal<\/span><\/span><\/span><span style=\"font-family: Arial, serif;\"><span lang=\"hu-HU\">, amellyel s\u00f6t\u00e9t sz\u00edn\u0171 <\/span><\/span><span style=\"color: #000000;\"><span style=\"font-family: Arial, serif;\"><span lang=\"hu-HU\">rozskenyerek<\/span><\/span><\/span><span style=\"font-family: Arial, serif;\"><span lang=\"hu-HU\"> sz\u00e9les \u00e9s fant\u00e1ziad\u00fas v\u00e1laszt\u00e9k\u00e1t \u00e1ll\u00edthatja el\u0151.<\/span><\/span><\/p>\n<p>&nbsp;<\/p>\n<p style=\"text-align: center;\"><a class=\"btn btn-outline-secondary\" href=\"https:\/\/www.zavarka-lesaffre.com\/hu\/termek-kinalat\/\">tov\u00e1bb olvasom<\/a><\/p>\n<\/div><\/div>\n\n\n\n<div class=\"wp-block-column\">\n<div class=\"wp-block-image\"><figure class=\"aligncenter\"><img loading=\"lazy\" width=\"339\" height=\"350\" src=\"https:\/\/www.zavarka-lesaffre.com\/wp-content\/uploads\/2019\/07\/zavarka-multigrain.png\" alt=\"\" class=\"wp-image-39\" srcset=\"https:\/\/www.zavarka-lesaffre.com\/wp-content\/uploads\/2019\/07\/zavarka-multigrain.png 339w, https:\/\/www.zavarka-lesaffre.com\/wp-content\/uploads\/2019\/07\/zavarka-multigrain-291x300.png 291w\" sizes=\"(max-width: 339px) 100vw, 339px\" \/><\/figure><\/div>\n\n\n<div data-aos=\"zoom-in\">\n<h2 style=\"text-align: center;\">Zavarka <span class=\"orange-smallweight\">Multigrain<\/span><\/h2>\n<p style=\"text-align: center;\"><span style=\"color: #000000;\"><span style=\"font-family: Arial, serif;\"><span lang=\"hu-HU\">\u00c1ztatott, <\/span><\/span><\/span><span style=\"font-family: Arial, serif;\"><span lang=\"hu-HU\">h\u00e1ntolt gabon\u00e1t <\/span><\/span><span style=\"color: #000000;\"><span style=\"font-family: Arial, serif;\"><span lang=\"hu-HU\">magvakat<\/span><\/span><\/span><span style=\"font-family: Arial, serif;\"><span lang=\"hu-HU\">, \u00e9s teljes ki\u0151rl\u00e9s\u0171 forr\u00e1zott rozsliszttel k\u00e9sz\u00fclt kov\u00e1szt kever\u00e9k, amellyel sokmagvas b\u00faza- \u00e9s rozskenyerek sz\u00e9les v\u00e1laszt\u00e9k\u00e1t \u00e1ll\u00edthatja el\u0151.<\/span><\/span><\/p>\n<p>&nbsp;<\/p>\n<p style=\"text-align: center;\"><a class=\"btn btn-outline-secondary\" href=\"https:\/\/www.zavarka-lesaffre.com\/hu\/termek-kinalat\/\">tov\u00e1bb olvasom<\/a><\/p>\n<\/div><\/div>\n<\/div>\n\n\n\n<div style=\"height:100px\" aria-hidden=\"true\" class=\"wp-block-spacer\"><\/div>\n\n\n<div class=\"container\">    \n    <div class=\"child-div greybg\">\n            \n            <div class=\"row \">\n                                      <div class=\"col-md-6 p-0 bgfluidimg bgstretch6-6\" data-aos=\"fade-in\" style=\"background-image:url(https:\/\/www.zavarka-lesaffre.com\/wp-content\/uploads\/2020\/07\/image01_ung.jpg);\">\n                        \n                                                    <div class=\"image-desc-block h-100 d-flex align-items-end\">\n                                <div class=\"text-white w-100 pb-5\">\n                                  <span class=\"image-desc-block-line1\">b\u00e1mulatos<\/span><br>\n                                  <span class=\"image-desc-block-line2\">B\u00e1rmilyen \u00edzl\u00e9snek megfelel\u00fcnk!<\/span>\n                                <\/div>\n                            <\/div>\n                                                  \n\n                      <\/div>\n                                                        <div class=\"col-md-6 px-5 d-flex align-items-center\" data-aos=\"fade-in\" data-aos-delay=\"250\">\n                        <div class=\"my-5 py-5 text-left\" style=\"max-width:500px;\">\n                        <h1 style=\"text-align: left;\"><span class=\"font2\">Mi az a <\/span><br \/>\n<span class=\"orange-boldestweight\">Zavarka?<\/span><\/h1>\n<p style=\"text-align: left;\">Egy f\u00e9lk\u00e9sz term\u00e9k, amelyet hagyom\u00e1nyosan p\u00e9ks\u00e9gben \u00e1ll\u00edtanak el\u0151, forr\u00e1sban l\u00e9v\u0151 v\u00edz \u00e9s k\u00fcl\u00f6nb\u00f6z\u0151 lisztek kever\u00e9s\u00e9vel, eg\u00e9szen a \u201eg\u00e9lesed\u00e9s\u201d \u00e1llapot\u00e1ig. Ebben a folyamatban a dextrinek \u00e9s egy\u00e9b egyszer\u0171 cukrok kiold\u00f3dnak, mely cukrok fontos szerepet j\u00e1tszanak abban, hogy a keny\u00e9r hosszabb ideig friss, szaftos \u00e9s puha maradjon.<\/p>\n<p style=\"text-align: left;\"><strong>A rozskeny\u00e9r \u201eval\u00f3di \u00edze\u201c<\/strong><br \/>\nA forr\u00e1zott liszt technol\u00f3gia Oroszorsz\u00e1gb\u00f3l sz\u00e1rmazik, ahol Zavarka n\u00e9ven dolgoztak ki megold\u00e1st a keny\u00e9r \u00edz\u00e9nek, text\u00far\u00e1j\u00e1nak \u00e9s eltarthat\u00f3s\u00e1g\u00e1nak fejleszt\u00e9s\u00e9re. Rendszerint a tradicion\u00e1lisan Oroszorsz\u00e1gban, Ukrajn\u00e1ban \u00e9s a Balti \u00e1llamokban gy\u00e1rtott teljes ki\u0151rl\u00e9s\u0171 rozskenyerekn\u00e9l haszn\u00e1lj\u00e1k, ahol a rozstartalom el\u00e9rte a minimum 60%-ot. A Zavarka haszn\u00e1lhat\u00f3 \u00f6nmag\u00e1ban vagy j\u00e1rul\u00e9kos anyagk\u00e9nt is az \u00edz \u00e9s eltarthat\u00f3s\u00e1g jav\u00edt\u00e1s\u00e1ra. Gyakran a rozskov\u00e1sz alapj\u00e1t k\u00e9pezi a savasod\u00e1s el\u0151seg\u00edt\u00e9s\u00e9nek \u00e9rdek\u00e9ben, vagy m\u00e1r \u00e9rett kov\u00e1sszal kombin\u00e1lva alkalmazz\u00e1k.<\/p>\n<p style=\"text-align: left;\"><a class=\"btn btn-outline-secondary\" href=\"https:\/\/www.zavarka-lesaffre.com\/hu\/ismerje-meg-a-zavarkat\/\">tov\u00e1bb olvasom<\/a><\/p>\n                        <\/div>\n                    <\/div>\n                                 \n            <\/div>    \t\t        \n    <\/div>    \n<\/div>\n\n\n\n<div style=\"height:100px\" aria-hidden=\"true\" class=\"wp-block-spacer\"><\/div>\n\n\n    \n<div class=\"container\">            \n  <div class=\"row\">\n\n      <div class=\"col-md-4 py-5 d-flex align-items-center\" data-aos=\"fade-in\">\n        <img src=\"https:\/\/www.zavarka-lesaffre.com\/wp-content\/uploads\/2019\/07\/content02.png\" class=\"img-fluid paraimg mx-auto\" alt=\"content02\" \/>\n      <\/div>\n      <div class=\"col-md-4 py-5\" data-aos=\"fade-in\">\n        <img src=\"https:\/\/www.zavarka-lesaffre.com\/wp-content\/uploads\/2020\/07\/content01_ung.png\" class=\"img-fluid mx-auto\" alt=\"content01_ung\" \/>\n        <div class=\"mt-5\">\n          <p style=\"text-align: center;\"><a class=\"btn btn-outline-secondary\" href=\"https:\/\/www.zavarka-lesaffre.com\/hu\/receptek\/\">tov\u00e1bb olvasom<\/a><\/p>\n        <\/div>\n      <\/div>\n      <div class=\"col-md-4 py-5 d-flex align-items-center\" data-aos=\"fade-in\">\n        <img src=\"https:\/\/www.zavarka-lesaffre.com\/wp-content\/uploads\/2019\/07\/content03.png\" class=\"img-fluid paraimg mx-auto\" alt=\"content03\" \/>\n      <\/div>\n\n  <\/div>    \t\t        \n<\/div>    \n\n\n\n<div style=\"height:100px\" aria-hidden=\"true\" class=\"wp-block-spacer\"><\/div>\n\n\n    \n<div class=\"child-div bgfluidimg\" style=\"background-image:url(https:\/\/www.zavarka-lesaffre.com\/wp-content\/uploads\/2019\/07\/image02.jpg);\">\n  <div class=\"container py-5\">            \n        <div class=\"row  py-3\">\n            <div class=\"col-md-12 \" data-aos=\"fade-in\">\n                  \n              <div class=\"image-desc-block h-100 d-flex align-items-center\">\n                  <div class=\"text-white w-100 py-5\">\n                    <span class=\"image-desc-block-line1\">val\u00f3s\u00edtsa meg \u00f6tleteit<\/span><br>\n                    <span class=\"image-desc-block-line2\">Keltse val\u00f3ra \u00e1lmait, <br \/>\r\nind\u00edtsa be \u00fczlet\u00e9t a Zavark\u00e1val!<\/span>\n                  <\/div>\n              <\/div>\n            <\/div>\n                    \n        <\/div>    \t\t        \n    <\/div>    \n  <\/div>\n","protected":false},"excerpt":{"rendered":"","protected":false},"author":1,"featured_media":0,"parent":0,"menu_order":-10,"comment_status":"closed","ping_status":"closed","template":"template-home.php","meta":[],"acf":[],"yoast_head":"<!-- This site is optimized with the Yoast SEO plugin v18.6 - https:\/\/yoast.com\/wordpress\/plugins\/seo\/ -->\n<title>Zavarka - Zavarka<\/title>\n<meta name=\"robots\" content=\"index, follow, max-snippet:-1, max-image-preview:large, max-video-preview:-1\" \/>\n<link rel=\"canonical\" href=\"https:\/\/www.zavarka-lesaffre.com\/hu\/\" \/>\n<meta property=\"og:locale\" content=\"hu_HU\" \/>\n<meta property=\"og:type\" content=\"article\" \/>\n<meta property=\"og:title\" content=\"Zavarka - Zavarka\" \/>\n<meta property=\"og:url\" content=\"https:\/\/www.zavarka-lesaffre.com\/hu\/\" \/>\n<meta property=\"og:site_name\" content=\"Zavarka\" \/>\n<meta property=\"article:modified_time\" content=\"2020-07-02T10:12:27+00:00\" \/>\n<meta property=\"og:image\" content=\"https:\/\/www.zavarka-lesaffre.com\/wp-content\/uploads\/2019\/07\/zavarka-classic.png\" \/>\n<meta name=\"twitter:card\" content=\"summary_large_image\" \/>\n<script type=\"application\/ld+json\" class=\"yoast-schema-graph\">{\"@context\":\"https:\/\/schema.org\",\"@graph\":[{\"@type\":\"WebSite\",\"@id\":\"https:\/\/www.zavarka-lesaffre.com\/#website\",\"url\":\"https:\/\/www.zavarka-lesaffre.com\/\",\"name\":\"Zavarka\",\"description\":\"paste premixes\",\"potentialAction\":[{\"@type\":\"SearchAction\",\"target\":{\"@type\":\"EntryPoint\",\"urlTemplate\":\"https:\/\/www.zavarka-lesaffre.com\/?s={search_term_string}\"},\"query-input\":\"required name=search_term_string\"}],\"inLanguage\":\"hu\"},{\"@type\":\"ImageObject\",\"@id\":\"https:\/\/www.zavarka-lesaffre.com\/hu\/#primaryimage\",\"inLanguage\":\"hu\",\"url\":\"https:\/\/www.zavarka-lesaffre.com\/wp-content\/uploads\/2019\/07\/zavarka-classic.png\",\"contentUrl\":\"https:\/\/www.zavarka-lesaffre.com\/wp-content\/uploads\/2019\/07\/zavarka-classic.png\",\"width\":328,\"height\":352},{\"@type\":\"WebPage\",\"@id\":\"https:\/\/www.zavarka-lesaffre.com\/hu\/#webpage\",\"url\":\"https:\/\/www.zavarka-lesaffre.com\/hu\/\",\"name\":\"Zavarka - Zavarka\",\"isPartOf\":{\"@id\":\"https:\/\/www.zavarka-lesaffre.com\/#website\"},\"primaryImageOfPage\":{\"@id\":\"https:\/\/www.zavarka-lesaffre.com\/hu\/#primaryimage\"},\"datePublished\":\"2020-07-02T08:02:03+00:00\",\"dateModified\":\"2020-07-02T10:12:27+00:00\",\"breadcrumb\":{\"@id\":\"https:\/\/www.zavarka-lesaffre.com\/hu\/#breadcrumb\"},\"inLanguage\":\"hu\",\"potentialAction\":[{\"@type\":\"ReadAction\",\"target\":[\"https:\/\/www.zavarka-lesaffre.com\/hu\/\"]}]},{\"@type\":\"BreadcrumbList\",\"@id\":\"https:\/\/www.zavarka-lesaffre.com\/hu\/#breadcrumb\",\"itemListElement\":[{\"@type\":\"ListItem\",\"position\":1,\"name\":\"Home\",\"item\":\"https:\/\/www.zavarka-lesaffre.com\/hu\/\"},{\"@type\":\"ListItem\",\"position\":2,\"name\":\"Zavarka\"}]}]}<\/script>\n<!-- \/ Yoast SEO plugin. -->","yoast_head_json":{"title":"Zavarka - Zavarka","robots":{"index":"index","follow":"follow","max-snippet":"max-snippet:-1","max-image-preview":"max-image-preview:large","max-video-preview":"max-video-preview:-1"},"canonical":"https:\/\/www.zavarka-lesaffre.com\/hu\/","og_locale":"hu_HU","og_type":"article","og_title":"Zavarka - Zavarka","og_url":"https:\/\/www.zavarka-lesaffre.com\/hu\/","og_site_name":"Zavarka","article_modified_time":"2020-07-02T10:12:27+00:00","og_image":[{"url":"https:\/\/www.zavarka-lesaffre.com\/wp-content\/uploads\/2019\/07\/zavarka-classic.png"}],"twitter_card":"summary_large_image","schema":{"@context":"https:\/\/schema.org","@graph":[{"@type":"WebSite","@id":"https:\/\/www.zavarka-lesaffre.com\/#website","url":"https:\/\/www.zavarka-lesaffre.com\/","name":"Zavarka","description":"paste premixes","potentialAction":[{"@type":"SearchAction","target":{"@type":"EntryPoint","urlTemplate":"https:\/\/www.zavarka-lesaffre.com\/?s={search_term_string}"},"query-input":"required name=search_term_string"}],"inLanguage":"hu"},{"@type":"ImageObject","@id":"https:\/\/www.zavarka-lesaffre.com\/hu\/#primaryimage","inLanguage":"hu","url":"https:\/\/www.zavarka-lesaffre.com\/wp-content\/uploads\/2019\/07\/zavarka-classic.png","contentUrl":"https:\/\/www.zavarka-lesaffre.com\/wp-content\/uploads\/2019\/07\/zavarka-classic.png","width":328,"height":352},{"@type":"WebPage","@id":"https:\/\/www.zavarka-lesaffre.com\/hu\/#webpage","url":"https:\/\/www.zavarka-lesaffre.com\/hu\/","name":"Zavarka - Zavarka","isPartOf":{"@id":"https:\/\/www.zavarka-lesaffre.com\/#website"},"primaryImageOfPage":{"@id":"https:\/\/www.zavarka-lesaffre.com\/hu\/#primaryimage"},"datePublished":"2020-07-02T08:02:03+00:00","dateModified":"2020-07-02T10:12:27+00:00","breadcrumb":{"@id":"https:\/\/www.zavarka-lesaffre.com\/hu\/#breadcrumb"},"inLanguage":"hu","potentialAction":[{"@type":"ReadAction","target":["https:\/\/www.zavarka-lesaffre.com\/hu\/"]}]},{"@type":"BreadcrumbList","@id":"https:\/\/www.zavarka-lesaffre.com\/hu\/#breadcrumb","itemListElement":[{"@type":"ListItem","position":1,"name":"Home","item":"https:\/\/www.zavarka-lesaffre.com\/hu\/"},{"@type":"ListItem","position":2,"name":"Zavarka"}]}]}},"_links":{"self":[{"href":"https:\/\/www.zavarka-lesaffre.com\/hu\/wp-json\/wp\/v2\/pages\/1388"}],"collection":[{"href":"https:\/\/www.zavarka-lesaffre.com\/hu\/wp-json\/wp\/v2\/pages"}],"about":[{"href":"https:\/\/www.zavarka-lesaffre.com\/hu\/wp-json\/wp\/v2\/types\/page"}],"author":[{"embeddable":true,"href":"https:\/\/www.zavarka-lesaffre.com\/hu\/wp-json\/wp\/v2\/users\/1"}],"replies":[{"embeddable":true,"href":"https:\/\/www.zavarka-lesaffre.com\/hu\/wp-json\/wp\/v2\/comments?post=1388"}],"version-history":[{"count":22,"href":"https:\/\/www.zavarka-lesaffre.com\/hu\/wp-json\/wp\/v2\/pages\/1388\/revisions"}],"predecessor-version":[{"id":1633,"href":"https:\/\/www.zavarka-lesaffre.com\/hu\/wp-json\/wp\/v2\/pages\/1388\/revisions\/1633"}],"wp:attachment":[{"href":"https:\/\/www.zavarka-lesaffre.com\/hu\/wp-json\/wp\/v2\/media?parent=1388"}],"curies":[{"name":"wp","href":"https:\/\/api.w.org\/{rel}","templated":true}]}}