{"id":1359,"date":"2019-10-17T10:38:16","date_gmt":"2019-10-17T08:38:16","guid":{"rendered":"https:\/\/www.zavarka-lesaffre.com\/?page_id=1359"},"modified":"2019-10-17T10:38:17","modified_gmt":"2019-10-17T08:38:17","slug":"datenschutz","status":"publish","type":"page","link":"https:\/\/www.zavarka-lesaffre.com\/de\/datenschutz\/","title":{"rendered":"Datenschutz"},"content":{"rendered":"\n<h1><strong>General Data Protection Regulation of Lesaffre Austria AG<\/strong><\/h1>\n\n\n\n<p><br>In fulfillment of the information duty according to the general data protection (art. 13 and 14) we herewith inform you about the processing of your personal data in the context of our business relation.<\/p>\n\n\n\n<p><strong>General Information<\/strong><\/p>\n\n\n\n<p>The protection of your person-related data is of the utmost concern to us. The personal information will be used exclusively on the basis of the statutory provisions (general data protection regulation, data protection law, telecommunication law). In this general data protection regulation, we inform you as an existing or new costumer about the most important aspects regarding the data processing within the scope of our existing or future business relation.<\/p>\n\n\n\n<p><strong>Purpose and legal basis of the data processing<\/strong><\/p>\n\n\n\n<p>We\nstore and process the data you have provided (company name, name,\nphone number, email address) to prepare service arrangements and\nservice settlements, for contract management, customer support and\nmarketing and publicity purposes.<\/p>\n\n\n\n<p>The\nlegal bases for the processing of your personal data are the\nfulfillment of the contract including contract initiation (art. 6\n(1)(b) GDPR), the fulfillment of the legal obligations (art. 6 (1)(c)\nGDPR), legitimate interests (art. 6 (1)(f) GDPR) as well as your\nconsent (art. 6 (1)(a) GDPR).<\/p>\n\n\n\n<p><strong>Duration of data retention<\/strong><\/p>\n\n\n\n<p>We\nprocess your personal data, as far as these are necessary for the\nabove-mentioned purposes, for the duration of the business\nrelationship, starting with the contract initiation up to the\ncontract termination.<\/p>\n\n\n\n<p>In\naddition, the required data will be retained until expiry of the\nretention periods provided by the Austrian Corporate Code (UGB) and\nthe Austrian Federal Fiscal Code (BAO) (i.e. seven years).<\/p>\n\n\n\n<p><strong>Data security and data transfer<\/strong><\/p>\n\n\n\n<p>We\nuse a variety of structural, infrastructural, organizational and\ncomputer security measures to ensure the confidentiality and\nintegrity of customer data. Any data transfer or data transmission\ntakes place exclusively due to legal regulations.<\/p>\n\n\n\n<p>As\npart of our business activities, we regularly work with external IT\nservice providers, advertising agencies, banks and tax consultants\nwho, if necessary, can access your personal data as part of their\njob. All the processors we cooperate with are contractually obliged\nto comply with the data protection regulations before they begin\ntheir work.\n\n<\/p>\n\n\n\n<p> <strong>Newsletter \/ recipe service<\/strong><\/p>\n\n\n\n<p>All customers have the opportunity to visit our website for our e-mail newsletter for a variety of topics, such as: new products, promotions, food legal information and much more, as well as for the online recipe service. By actively clicking on the &#8222;access request&#8220; and filling out the data you agree as a subscriber to receive the newsletter or to access the recipe service. The consent can be revoked at any time (for example by e-mail to our e-mail address office.at@lesaffre.com). Your personal data provided to receive the newsletter will be deleted immediately.<\/p>\n\n\n\n<p><strong>Contacting with interested parties<\/strong><\/p>\n\n\n\n<p>In the case of contact by interested parties (for example through e-mail or online contact form), the details of the interested parties are stored for six months for processing and answering the inquiry as well as for any follow-up questions. We do not share this data without the consent of the respective interested parties.<\/p>\n\n\n\n<p><strong>Cookies<\/strong><\/p>\n\n\n\n<p>Our\nwebsite uses so-called cookies. These are small text files that are\nstored on your device using the browser. They do no harm.<\/p>\n\n\n\n<p>We\nuse cookies to make our offer user-friendly. Some cookies remain\nstored on your device until you delete them. They allow us to\nrecognize your browser on your next visit. If you do not want this,\nyou can set up your browser so that it informs you about the setting\nof cookies and you allow this only in individual cases. The\ndeactivation of cookies may limit the functionality of our website.<\/p>\n\n\n\n<p><strong>Links to other websites<\/strong><\/p>\n\n\n\n<p>This information regarding the data protection regulation does not apply to websites that are accessible via links on this website. The contents of linked web pages from third parties are solely the responsibility of the operators of these web pages.<\/p>\n\n\n\n<p><strong>Your rights<\/strong><\/p>\n\n\n\n<p>As a customer, you are generally entitled to information, correction, deletion, restriction, data portability, revocation and objection. If you believe that the processing of your data violates the data protection law or if your data protection claims have been infringed in any other way, you can complain to the supervisory authority. In Austria, this is the data protection authority in Vienna.<\/p>\n\n\n\n<p> <strong>Our contact details<\/strong><\/p>\n\n\n\n<p> Lesaffre Austria AG<br>2351 Wiener Neudorf, IZ N\u00d6-S\u00fcd Stra\u00dfe 7 Objekt 58B<br>Tel.-Nr.: 02236 677 988 &#8211; 0<br> E-Mail: <strong><a href=\"mailto:office.at@lesaffre.com\">office.at@lesaffre.com<\/a><\/strong><\/p>\n\n\n\n<p><\/p>\n","protected":false},"excerpt":{"rendered":"<p>General Data Protection Regulation of Lesaffre Austria AG In fulfillment of the information duty according to the general data protection (art. 13 and 14) we herewith inform you about the processing of your personal data in the context of our business relation. General Information The protection of your person-related data is of the utmost concern [&hellip;]<\/p>\n","protected":false},"author":1,"featured_media":0,"parent":0,"menu_order":80,"comment_status":"closed","ping_status":"open","template":"","meta":[],"acf":[],"yoast_head":"<!-- This site is optimized with the Yoast SEO plugin v18.6 - https:\/\/yoast.com\/wordpress\/plugins\/seo\/ -->\n<title>Datenschutz - Zavarka<\/title>\n<meta name=\"robots\" content=\"index, follow, max-snippet:-1, max-image-preview:large, max-video-preview:-1\" \/>\n<link rel=\"canonical\" href=\"https:\/\/www.zavarka-lesaffre.com\/de\/datenschutz\/\" \/>\n<meta property=\"og:locale\" content=\"de_DE\" \/>\n<meta property=\"og:type\" content=\"article\" \/>\n<meta property=\"og:title\" content=\"Datenschutz - Zavarka\" \/>\n<meta property=\"og:description\" content=\"General Data Protection Regulation of Lesaffre Austria AG In fulfillment of the information duty according to the general data protection (art. 13 and 14) we herewith inform you about the processing of your personal data in the context of our business relation. General Information The protection of your person-related data is of the utmost concern [&hellip;]\" \/>\n<meta property=\"og:url\" content=\"https:\/\/www.zavarka-lesaffre.com\/de\/datenschutz\/\" \/>\n<meta property=\"og:site_name\" content=\"Zavarka\" \/>\n<meta property=\"article:modified_time\" content=\"2019-10-17T08:38:17+00:00\" \/>\n<meta name=\"twitter:card\" content=\"summary_large_image\" \/>\n<meta name=\"twitter:label1\" content=\"Gesch\u00e4tzte Lesezeit\" \/>\n\t<meta name=\"twitter:data1\" content=\"4\u00a0Minuten\" \/>\n<script type=\"application\/ld+json\" class=\"yoast-schema-graph\">{\"@context\":\"https:\/\/schema.org\",\"@graph\":[{\"@type\":\"WebSite\",\"@id\":\"https:\/\/www.zavarka-lesaffre.com\/#website\",\"url\":\"https:\/\/www.zavarka-lesaffre.com\/\",\"name\":\"Zavarka\",\"description\":\"paste premixes\",\"potentialAction\":[{\"@type\":\"SearchAction\",\"target\":{\"@type\":\"EntryPoint\",\"urlTemplate\":\"https:\/\/www.zavarka-lesaffre.com\/?s={search_term_string}\"},\"query-input\":\"required name=search_term_string\"}],\"inLanguage\":\"de\"},{\"@type\":\"WebPage\",\"@id\":\"https:\/\/www.zavarka-lesaffre.com\/de\/datenschutz\/#webpage\",\"url\":\"https:\/\/www.zavarka-lesaffre.com\/de\/datenschutz\/\",\"name\":\"Datenschutz - Zavarka\",\"isPartOf\":{\"@id\":\"https:\/\/www.zavarka-lesaffre.com\/#website\"},\"datePublished\":\"2019-10-17T08:38:16+00:00\",\"dateModified\":\"2019-10-17T08:38:17+00:00\",\"breadcrumb\":{\"@id\":\"https:\/\/www.zavarka-lesaffre.com\/de\/datenschutz\/#breadcrumb\"},\"inLanguage\":\"de\",\"potentialAction\":[{\"@type\":\"ReadAction\",\"target\":[\"https:\/\/www.zavarka-lesaffre.com\/de\/datenschutz\/\"]}]},{\"@type\":\"BreadcrumbList\",\"@id\":\"https:\/\/www.zavarka-lesaffre.com\/de\/datenschutz\/#breadcrumb\",\"itemListElement\":[{\"@type\":\"ListItem\",\"position\":1,\"name\":\"Home\",\"item\":\"https:\/\/www.zavarka-lesaffre.com\/de\/\"},{\"@type\":\"ListItem\",\"position\":2,\"name\":\"Datenschutz\"}]}]}<\/script>\n<!-- \/ Yoast SEO plugin. -->","yoast_head_json":{"title":"Datenschutz - Zavarka","robots":{"index":"index","follow":"follow","max-snippet":"max-snippet:-1","max-image-preview":"max-image-preview:large","max-video-preview":"max-video-preview:-1"},"canonical":"https:\/\/www.zavarka-lesaffre.com\/de\/datenschutz\/","og_locale":"de_DE","og_type":"article","og_title":"Datenschutz - Zavarka","og_description":"General Data Protection Regulation of Lesaffre Austria AG In fulfillment of the information duty according to the general data protection (art. 13 and 14) we herewith inform you about the processing of your personal data in the context of our business relation. General Information The protection of your person-related data is of the utmost concern [&hellip;]","og_url":"https:\/\/www.zavarka-lesaffre.com\/de\/datenschutz\/","og_site_name":"Zavarka","article_modified_time":"2019-10-17T08:38:17+00:00","twitter_card":"summary_large_image","twitter_misc":{"Gesch\u00e4tzte Lesezeit":"4\u00a0Minuten"},"schema":{"@context":"https:\/\/schema.org","@graph":[{"@type":"WebSite","@id":"https:\/\/www.zavarka-lesaffre.com\/#website","url":"https:\/\/www.zavarka-lesaffre.com\/","name":"Zavarka","description":"paste premixes","potentialAction":[{"@type":"SearchAction","target":{"@type":"EntryPoint","urlTemplate":"https:\/\/www.zavarka-lesaffre.com\/?s={search_term_string}"},"query-input":"required name=search_term_string"}],"inLanguage":"de"},{"@type":"WebPage","@id":"https:\/\/www.zavarka-lesaffre.com\/de\/datenschutz\/#webpage","url":"https:\/\/www.zavarka-lesaffre.com\/de\/datenschutz\/","name":"Datenschutz - Zavarka","isPartOf":{"@id":"https:\/\/www.zavarka-lesaffre.com\/#website"},"datePublished":"2019-10-17T08:38:16+00:00","dateModified":"2019-10-17T08:38:17+00:00","breadcrumb":{"@id":"https:\/\/www.zavarka-lesaffre.com\/de\/datenschutz\/#breadcrumb"},"inLanguage":"de","potentialAction":[{"@type":"ReadAction","target":["https:\/\/www.zavarka-lesaffre.com\/de\/datenschutz\/"]}]},{"@type":"BreadcrumbList","@id":"https:\/\/www.zavarka-lesaffre.com\/de\/datenschutz\/#breadcrumb","itemListElement":[{"@type":"ListItem","position":1,"name":"Home","item":"https:\/\/www.zavarka-lesaffre.com\/de\/"},{"@type":"ListItem","position":2,"name":"Datenschutz"}]}]}},"_links":{"self":[{"href":"https:\/\/www.zavarka-lesaffre.com\/de\/wp-json\/wp\/v2\/pages\/1359"}],"collection":[{"href":"https:\/\/www.zavarka-lesaffre.com\/de\/wp-json\/wp\/v2\/pages"}],"about":[{"href":"https:\/\/www.zavarka-lesaffre.com\/de\/wp-json\/wp\/v2\/types\/page"}],"author":[{"embeddable":true,"href":"https:\/\/www.zavarka-lesaffre.com\/de\/wp-json\/wp\/v2\/users\/1"}],"replies":[{"embeddable":true,"href":"https:\/\/www.zavarka-lesaffre.com\/de\/wp-json\/wp\/v2\/comments?post=1359"}],"version-history":[{"count":1,"href":"https:\/\/www.zavarka-lesaffre.com\/de\/wp-json\/wp\/v2\/pages\/1359\/revisions"}],"predecessor-version":[{"id":1360,"href":"https:\/\/www.zavarka-lesaffre.com\/de\/wp-json\/wp\/v2\/pages\/1359\/revisions\/1360"}],"wp:attachment":[{"href":"https:\/\/www.zavarka-lesaffre.com\/de\/wp-json\/wp\/v2\/media?parent=1359"}],"curies":[{"name":"wp","href":"https:\/\/api.w.org\/{rel}","templated":true}]}}