{"id":1069,"date":"2019-10-15T10:13:07","date_gmt":"2019-10-15T08:13:07","guid":{"rendered":"https:\/\/www.zavarka-lesaffre.com\/?page_id=1069"},"modified":"2022-04-20T11:40:17","modified_gmt":"2022-04-20T09:40:17","slug":"das-sortiment","status":"publish","type":"page","link":"https:\/\/www.zavarka-lesaffre.com\/de\/das-sortiment\/","title":{"rendered":"Das Sortiment"},"content":{"rendered":"<div data-aos=\"zoom-in\">\n<h1><span class=\"orange-boldestweight\">Zavarka \u2013<\/span><br \/>\n<span class=\"font2\">Produkte<\/span><\/h1>\n<p>&nbsp;<\/p>\n<\/div>\n\n<div class=\"container\">    \n    <div class=\"child-div nobg\">\n            \n            <div class=\"row \">\n                                      <div class=\"col-md-6 p-0 bgfluidimg bgstretch6-6\" data-aos=\"fade-in\" style=\"background-image:url(https:\/\/www.zavarka-lesaffre.com\/wp-content\/uploads\/2019\/07\/image04.jpg);\">\n                        \n                                                \n\n                      <\/div>\n                                                        <div class=\"col-md-6 px-5 d-flex align-items-center\" data-aos=\"fade-in\" data-aos-delay=\"250\">\n                        <div class=\"my-5 py-5 text-left\" style=\"max-width:500px;\">\n                        <h2>Zavarka <span class=\"orange-smallweight\">Classics <\/span><\/h2>\n<p><strong>Produktbeschreibung<\/strong><br \/>\nGekochter Roggensauerteig auf Basis von Roggenvollkornmehlen und Malzmehlen zur Herstellung einer breiten Palette von aromatischen Geb\u00e4cken.<\/p>\n<p>&nbsp;<\/p>\n<p><img loading=\"lazy\" class=\"size-full wp-image-117 alignnone\" src=\"https:\/\/www.zavarka-lesaffre.com\/wp-content\/uploads\/2019\/07\/classic-icons.png\" alt=\"\" width=\"144\" height=\"43\" \/><\/p>\n<p><strong>Broteigenschaften:<\/strong><\/p>\n<p>\u2022 knusprige Kruste<br \/>\n\u2022 weiche, saftige, offene Krume<br \/>\n\u2022 fruchtiges Aroma mit reifer Sauerteig-Note<\/p>\n<p>&nbsp;<\/p>\n<p><img loading=\"lazy\" class=\"alignnone wp-image-37 size-medium\" src=\"https:\/\/www.zavarka-lesaffre.com\/wp-content\/uploads\/2019\/07\/zavarka-classic-280x300.png\" alt=\"\" width=\"280\" height=\"300\" srcset=\"https:\/\/www.zavarka-lesaffre.com\/wp-content\/uploads\/2019\/07\/zavarka-classic-280x300.png 280w, https:\/\/www.zavarka-lesaffre.com\/wp-content\/uploads\/2019\/07\/zavarka-classic.png 328w\" sizes=\"(max-width: 280px) 100vw, 280px\" \/><\/p>\n                        <\/div>\n                    <\/div>\n                                 \n            <\/div>    \t\t        \n    <\/div>    \n<\/div>\n\n\n<div class=\"child-div nobg\">\n      <div class=\"container pt-3 pb-5\">    \n            \n            <div class=\"row\">\n                                      <div class=\"col-md-4 px-3 py-3 py-md-5 d-flex align-items-center\" data-aos=\"fade-right\">\n                        <img src=\"https:\/\/www.zavarka-lesaffre.com\/wp-content\/uploads\/2019\/10\/classic-diag1_de.png\" class=\"img-fluid noanimation\" alt=\"classic-diag1_de\" \/>\n                      <\/div>\n                    \n\n                                    <div class=\"col-md-4 px-3 py-3 py-md-5 d-flex align-items-center\" data-aos=\"fade-in\">\n                      <img src=\"https:\/\/www.zavarka-lesaffre.com\/wp-content\/uploads\/2019\/10\/classic-diag2_de.png\" class=\"img-fluid noanimation\" alt=\"classic-diag2_de\" \/>\n                    <\/div>\n                      \n                \n                                    <div class=\"col-md-4 px-3 py-3 py-md-5 d-flex align-items-center \">\n                        <div class=\"mx-auto py-5 text-left\" data-aos=\"fade-left\">\n                        <p><strong>Dosierung<\/strong><br \/>\n20 &#8211; 40% auf Mehlmenge berechnet<\/p>\n<p><strong>Zutaten<\/strong><br \/>\nWasser, Roggensauerteig (Roggenvollkornmehl, Wasser, Roggenmehl, Salz), Roggenmehl, Gersten- und Weizenmalzmehl, Glukosesirup, Salz<\/p>\n<p><strong>Lagerung<\/strong><br \/>\nku\u0308hl und trocken lagern. Nach dem \u00d6ffnen bei 2 &#8211; 8\u00b0 C lagern und innerhalb von 2 Wochen verwenden.<\/p>\n                        <\/div>\n                    <\/div>\n                                <\/div>    \t\t        \n    <\/div>    \n<\/div>\n\n\n<div class=\"container\">    \n    <div class=\"child-div greybg\">\n            \n            <div class=\"row \">\n                                      <div class=\"col-md-6 p-0 bgfluidimg bgstretch6-6\" data-aos=\"fade-in\" style=\"background-image:url(https:\/\/www.zavarka-lesaffre.com\/wp-content\/uploads\/2019\/07\/darkmalt-image.jpg);\">\n                        \n                                                \n\n                      <\/div>\n                                                        <div class=\"col-md-6 px-5 d-flex align-items-center\" data-aos=\"fade-in\" data-aos-delay=\"250\">\n                        <div class=\"my-5 py-5 text-left\" style=\"max-width:500px;\">\n                        <h2 id=\"zavarkadark\"><strong>Zavarka<\/strong> <span class=\"orange-smallweight\">Dark <\/span><\/h2>\n<p><strong>Produktbeschreibung<\/strong><br \/>\nGekochter Roggensauerteig auf Basis von Malzen und Roggenvollkornsauerteig mit Gewu\u0308rzen zur Herstellung einer breiten Palette von malzigen Geb\u00e4ckvarianten.<\/p>\n<p>&nbsp;<\/p>\n<p><img loading=\"lazy\" class=\"size-full wp-image-117 alignnone\" src=\"https:\/\/www.zavarka-lesaffre.com\/wp-content\/uploads\/2019\/07\/classic-icons.png\" alt=\"\" width=\"144\" height=\"43\" \/><\/p>\n<p><strong>Broteigenschaften:<\/strong><\/p>\n<p>\u2022 spezielle Gewu\u0308rze und Malze sorgen fu\u0308r ein aromatisches leicht su\u0308\u00dfliches und sehr saftiges Brot<\/p>\n<p>\u2022 der gereifte Roggenvollkorn-Sauerteig sorgt fu\u0308r einen leichten s\u00e4uerlichen Geschmack<\/p>\n<p><img loading=\"lazy\" class=\"size-medium wp-image-38 alignnone\" src=\"https:\/\/www.zavarka-lesaffre.com\/wp-content\/uploads\/2019\/07\/zavarka-darkmalt-289x300.png\" alt=\"\" width=\"289\" height=\"300\" srcset=\"https:\/\/www.zavarka-lesaffre.com\/wp-content\/uploads\/2019\/07\/zavarka-darkmalt-289x300.png 289w, https:\/\/www.zavarka-lesaffre.com\/wp-content\/uploads\/2019\/07\/zavarka-darkmalt.png 338w\" sizes=\"(max-width: 289px) 100vw, 289px\" \/><\/p>\n                        <\/div>\n                    <\/div>\n                                 \n            <\/div>    \t\t        \n    <\/div>    \n<\/div>\n\n\n<div class=\"child-div greybg\">\n      <div class=\"container pt-3 pb-5\">    \n            \n            <div class=\"row\">\n                                      <div class=\"col-md-4 px-3 py-3 py-md-5 d-flex align-items-center\" data-aos=\"fade-right\">\n                        <img src=\"https:\/\/www.zavarka-lesaffre.com\/wp-content\/uploads\/2019\/10\/darkmalt-diag1_de.png\" class=\"img-fluid noanimation\" alt=\"darkmalt-diag1_de\" \/>\n                      <\/div>\n                    \n\n                                    <div class=\"col-md-4 px-3 py-3 py-md-5 d-flex align-items-center\" data-aos=\"fade-in\">\n                      <img src=\"https:\/\/www.zavarka-lesaffre.com\/wp-content\/uploads\/2019\/10\/darkmalt-diag2_de.png\" class=\"img-fluid noanimation\" alt=\"darkmalt-diag2_de\" \/>\n                    <\/div>\n                      \n                \n                                    <div class=\"col-md-4 px-3 py-3 py-md-5 d-flex align-items-center \">\n                        <div class=\"mx-auto py-5 text-left\" data-aos=\"fade-left\">\n                        <p><strong>Dosierung<\/strong><br \/>\n20 &#8211; 40% auf Mehlmenge berechnet<\/p>\n<p><strong>Zutaten<\/strong><br \/>\nWasser, Roggensauerteig (Roggenvollkornmehl, Wasser, Roggenmehl, Salz), Zucker, ger\u00f6stetes Roggen und Gerstenmalzmehl, Salz, Gewu\u0308rze<\/p>\n<p><strong>Lagerung<\/strong><br \/>\nKu\u0308hl und trocken lagern. Nach dem \u00d6ffnen bei 2 &#8211; 8\u00b0 C lagern und innerhalb von 2 Wochen verwenden.<\/p>\n                        <\/div>\n                    <\/div>\n                                <\/div>    \t\t        \n    <\/div>    \n<\/div>\n\n\n<div class=\"container\">    \n    <div class=\"child-div nobg\">\n            \n            <div class=\"row \">\n                                      <div class=\"col-md-6 p-0 bgfluidimg bgstretch6-6\" data-aos=\"fade-in\" style=\"background-image:url(https:\/\/www.zavarka-lesaffre.com\/wp-content\/uploads\/2019\/07\/multigrain-image.jpg);\">\n                        \n                                                \n\n                      <\/div>\n                                                        <div class=\"col-md-6 px-5 d-flex align-items-center\" data-aos=\"fade-in\" data-aos-delay=\"250\">\n                        <div class=\"my-5 py-5 text-left\" style=\"max-width:500px;\">\n                        <h2 id=\"zavarkamultigrain\">Zavarka <span class=\"orange-smallweight\">Multigrain <\/span><\/h2>\n<p><strong>Produktbeschreibung<\/strong><br \/>\nGekochter Sauerteig mit vorgequollenem Getreideschrot und Saaten und gereiftem Roggenvollkorn-Sauerteig zur Herstellung einer breiten Palette von aromatischen Geb\u00e4cken.<\/p>\n<p>&nbsp;<\/p>\n<p><img loading=\"lazy\" class=\"size-full wp-image-117 alignnone\" src=\"https:\/\/www.zavarka-lesaffre.com\/wp-content\/uploads\/2019\/07\/classic-icons.png\" alt=\"\" width=\"144\" height=\"43\" \/><\/p>\n<p><strong>Broteigenschaften:<\/strong><\/p>\n<p>\u2022 knusprige Kruste, weiche Krume<\/p>\n<p>\u2022 das vorgequollene Getreide, das im Sauerteig vorhanden ist, gibt ein su\u0308\u00df-s\u00e4uerliches, ausgewogenes Aroma und einen vollen Geschmack mit k\u00f6stlichen Saaten<\/p>\n<p>&nbsp;<\/p>\n<p><img loading=\"lazy\" class=\"alignnone size-medium wp-image-39\" src=\"https:\/\/www.zavarka-lesaffre.com\/wp-content\/uploads\/2019\/07\/zavarka-multigrain-291x300.png\" alt=\"\" width=\"291\" height=\"300\" srcset=\"https:\/\/www.zavarka-lesaffre.com\/wp-content\/uploads\/2019\/07\/zavarka-multigrain-291x300.png 291w, https:\/\/www.zavarka-lesaffre.com\/wp-content\/uploads\/2019\/07\/zavarka-multigrain.png 339w\" sizes=\"(max-width: 291px) 100vw, 291px\" \/><\/p>\n                        <\/div>\n                    <\/div>\n                                 \n            <\/div>    \t\t        \n    <\/div>    \n<\/div>\n\n\n<div class=\"child-div nobg\">\n      <div class=\"container pt-3 pb-5\">    \n            \n            <div class=\"row\">\n                                      <div class=\"col-md-4 px-3 py-3 py-md-5 d-flex align-items-center\" data-aos=\"fade-right\">\n                        <img src=\"https:\/\/www.zavarka-lesaffre.com\/wp-content\/uploads\/2019\/10\/multigrain-diag1_de.png\" class=\"img-fluid noanimation\" alt=\"multigrain-diag1_de\" \/>\n                      <\/div>\n                    \n\n                                    <div class=\"col-md-4 px-3 py-3 py-md-5 d-flex align-items-center\" data-aos=\"fade-in\">\n                      <img src=\"https:\/\/www.zavarka-lesaffre.com\/wp-content\/uploads\/2019\/10\/multigrain-diag2_de.png\" class=\"img-fluid noanimation\" alt=\"multigrain-diag2_de\" \/>\n                    <\/div>\n                      \n                \n                                    <div class=\"col-md-4 px-3 py-3 py-md-5 d-flex align-items-center \">\n                        <div class=\"mx-auto py-5 text-left\" data-aos=\"fade-left\">\n                        <p><strong>Dosierung<\/strong><br \/>\n20 &#8211; 60% auf Mehlmenge berechnet<\/p>\n<p><strong>Zutaten<\/strong><br \/>\nWasser, Roggensauerteig (Roggenvollkornmehl, Wasser Roggenmehl, Salz), Leinsamen, Sonnenblumenkerne, Roggenschrot, Salz, Zucker, Roggenmalzmehl, Haferschrot<\/p>\n<p><strong>Lagerung<\/strong><br \/>\nKu\u0308hl und trocken lagern. Nach dem \u00d6ffnen bei 2 &#8211; 8\u00b0 C lagern und innerhalb von 2 Wochen verwenden.<\/p>\n<p>&nbsp;<\/p>\n<p><img loading=\"lazy\" class=\"alignnone size-full wp-image-1135\" src=\"https:\/\/www.zavarka-lesaffre.com\/wp-content\/uploads\/2019\/10\/multigrain-image1_de.png\" alt=\"\" width=\"309\" height=\"101\" srcset=\"https:\/\/www.zavarka-lesaffre.com\/wp-content\/uploads\/2019\/10\/multigrain-image1_de.png 309w, https:\/\/www.zavarka-lesaffre.com\/wp-content\/uploads\/2019\/10\/multigrain-image1_de-300x98.png 300w\" sizes=\"(max-width: 309px) 100vw, 309px\" \/><\/p>\n                        <\/div>\n                    <\/div>\n                                <\/div>    \t\t        \n    <\/div>    \n<\/div>\n","protected":false},"excerpt":{"rendered":"","protected":false},"author":1,"featured_media":0,"parent":0,"menu_order":0,"comment_status":"closed","ping_status":"closed","template":"","meta":[],"acf":[],"yoast_head":"<!-- This site is optimized with the Yoast SEO plugin v18.6 - https:\/\/yoast.com\/wordpress\/plugins\/seo\/ -->\n<title>Das Sortiment - Zavarka<\/title>\n<meta name=\"robots\" content=\"index, follow, max-snippet:-1, max-image-preview:large, max-video-preview:-1\" \/>\n<link rel=\"canonical\" href=\"https:\/\/www.zavarka-lesaffre.com\/de\/das-sortiment\/\" \/>\n<meta property=\"og:locale\" content=\"de_DE\" \/>\n<meta property=\"og:type\" content=\"article\" \/>\n<meta property=\"og:title\" content=\"Das Sortiment - Zavarka\" \/>\n<meta property=\"og:url\" content=\"https:\/\/www.zavarka-lesaffre.com\/de\/das-sortiment\/\" \/>\n<meta property=\"og:site_name\" content=\"Zavarka\" \/>\n<meta property=\"article:modified_time\" content=\"2022-04-20T09:40:17+00:00\" \/>\n<meta name=\"twitter:card\" content=\"summary_large_image\" \/>\n<script type=\"application\/ld+json\" class=\"yoast-schema-graph\">{\"@context\":\"https:\/\/schema.org\",\"@graph\":[{\"@type\":\"WebSite\",\"@id\":\"https:\/\/www.zavarka-lesaffre.com\/#website\",\"url\":\"https:\/\/www.zavarka-lesaffre.com\/\",\"name\":\"Zavarka\",\"description\":\"paste premixes\",\"potentialAction\":[{\"@type\":\"SearchAction\",\"target\":{\"@type\":\"EntryPoint\",\"urlTemplate\":\"https:\/\/www.zavarka-lesaffre.com\/?s={search_term_string}\"},\"query-input\":\"required name=search_term_string\"}],\"inLanguage\":\"de\"},{\"@type\":\"WebPage\",\"@id\":\"https:\/\/www.zavarka-lesaffre.com\/de\/das-sortiment\/#webpage\",\"url\":\"https:\/\/www.zavarka-lesaffre.com\/de\/das-sortiment\/\",\"name\":\"Das Sortiment - Zavarka\",\"isPartOf\":{\"@id\":\"https:\/\/www.zavarka-lesaffre.com\/#website\"},\"datePublished\":\"2019-10-15T08:13:07+00:00\",\"dateModified\":\"2022-04-20T09:40:17+00:00\",\"breadcrumb\":{\"@id\":\"https:\/\/www.zavarka-lesaffre.com\/de\/das-sortiment\/#breadcrumb\"},\"inLanguage\":\"de\",\"potentialAction\":[{\"@type\":\"ReadAction\",\"target\":[\"https:\/\/www.zavarka-lesaffre.com\/de\/das-sortiment\/\"]}]},{\"@type\":\"BreadcrumbList\",\"@id\":\"https:\/\/www.zavarka-lesaffre.com\/de\/das-sortiment\/#breadcrumb\",\"itemListElement\":[{\"@type\":\"ListItem\",\"position\":1,\"name\":\"Home\",\"item\":\"https:\/\/www.zavarka-lesaffre.com\/de\/\"},{\"@type\":\"ListItem\",\"position\":2,\"name\":\"Das Sortiment\"}]}]}<\/script>\n<!-- \/ Yoast SEO plugin. -->","yoast_head_json":{"title":"Das Sortiment - Zavarka","robots":{"index":"index","follow":"follow","max-snippet":"max-snippet:-1","max-image-preview":"max-image-preview:large","max-video-preview":"max-video-preview:-1"},"canonical":"https:\/\/www.zavarka-lesaffre.com\/de\/das-sortiment\/","og_locale":"de_DE","og_type":"article","og_title":"Das Sortiment - Zavarka","og_url":"https:\/\/www.zavarka-lesaffre.com\/de\/das-sortiment\/","og_site_name":"Zavarka","article_modified_time":"2022-04-20T09:40:17+00:00","twitter_card":"summary_large_image","schema":{"@context":"https:\/\/schema.org","@graph":[{"@type":"WebSite","@id":"https:\/\/www.zavarka-lesaffre.com\/#website","url":"https:\/\/www.zavarka-lesaffre.com\/","name":"Zavarka","description":"paste premixes","potentialAction":[{"@type":"SearchAction","target":{"@type":"EntryPoint","urlTemplate":"https:\/\/www.zavarka-lesaffre.com\/?s={search_term_string}"},"query-input":"required name=search_term_string"}],"inLanguage":"de"},{"@type":"WebPage","@id":"https:\/\/www.zavarka-lesaffre.com\/de\/das-sortiment\/#webpage","url":"https:\/\/www.zavarka-lesaffre.com\/de\/das-sortiment\/","name":"Das Sortiment - Zavarka","isPartOf":{"@id":"https:\/\/www.zavarka-lesaffre.com\/#website"},"datePublished":"2019-10-15T08:13:07+00:00","dateModified":"2022-04-20T09:40:17+00:00","breadcrumb":{"@id":"https:\/\/www.zavarka-lesaffre.com\/de\/das-sortiment\/#breadcrumb"},"inLanguage":"de","potentialAction":[{"@type":"ReadAction","target":["https:\/\/www.zavarka-lesaffre.com\/de\/das-sortiment\/"]}]},{"@type":"BreadcrumbList","@id":"https:\/\/www.zavarka-lesaffre.com\/de\/das-sortiment\/#breadcrumb","itemListElement":[{"@type":"ListItem","position":1,"name":"Home","item":"https:\/\/www.zavarka-lesaffre.com\/de\/"},{"@type":"ListItem","position":2,"name":"Das Sortiment"}]}]}},"_links":{"self":[{"href":"https:\/\/www.zavarka-lesaffre.com\/de\/wp-json\/wp\/v2\/pages\/1069"}],"collection":[{"href":"https:\/\/www.zavarka-lesaffre.com\/de\/wp-json\/wp\/v2\/pages"}],"about":[{"href":"https:\/\/www.zavarka-lesaffre.com\/de\/wp-json\/wp\/v2\/types\/page"}],"author":[{"embeddable":true,"href":"https:\/\/www.zavarka-lesaffre.com\/de\/wp-json\/wp\/v2\/users\/1"}],"replies":[{"embeddable":true,"href":"https:\/\/www.zavarka-lesaffre.com\/de\/wp-json\/wp\/v2\/comments?post=1069"}],"version-history":[{"count":20,"href":"https:\/\/www.zavarka-lesaffre.com\/de\/wp-json\/wp\/v2\/pages\/1069\/revisions"}],"predecessor-version":[{"id":1736,"href":"https:\/\/www.zavarka-lesaffre.com\/de\/wp-json\/wp\/v2\/pages\/1069\/revisions\/1736"}],"wp:attachment":[{"href":"https:\/\/www.zavarka-lesaffre.com\/de\/wp-json\/wp\/v2\/media?parent=1069"}],"curies":[{"name":"wp","href":"https:\/\/api.w.org\/{rel}","templated":true}]}}