{"id":1062,"date":"2019-10-15T10:06:17","date_gmt":"2019-10-15T08:06:17","guid":{"rendered":"https:\/\/www.zavarka-lesaffre.com\/?page_id=1062"},"modified":"2019-10-17T10:44:34","modified_gmt":"2019-10-17T08:44:34","slug":"benefits","status":"publish","type":"page","link":"https:\/\/www.zavarka-lesaffre.com\/de\/benefits\/","title":{"rendered":"Vorteile"},"content":{"rendered":"<div data-aos=\"zoom-in\">\n<h1><span class=\"orange-boldestweight\">Vorteile von Zavarka \u2013<\/span><br \/>\n<span class=\"font2\">gekochter Sauerteig<\/span><\/h1>\n<p>&nbsp;<\/p>\n<\/div>\n\n<div class=\"container\">    \n    <div class=\"child-div nobg\">\n            \n            <div class=\"row \">\n                                      <div class=\"col-md-6 p-0 bgfluidimg bgstretch6-6\" data-aos=\"fade-in\" style=\"background-image:url(https:\/\/www.zavarka-lesaffre.com\/wp-content\/uploads\/2019\/07\/image04.jpg);\">\n                        \n                                                \n\n                      <\/div>\n                                                        <div class=\"col-md-6 px-5 d-flex align-items-center\" data-aos=\"fade-in\" data-aos-delay=\"250\">\n                        <div class=\"my-5 py-5 text-left\" style=\"max-width:500px;\">\n                        <p><strong>Inventis Zavarka ist ein gekochter Sauerteig<\/strong><br \/>\nin 3 vielf\u00e4ltigen ready-to-use Produktvariationen.<\/p>\n<p><strong>Inventis Zavarka<\/strong> sorgt f\u00fcr:<\/p>\n<p>\u2022 ein au\u00dfergew\u00f6hnliches Geschmackserlebnis in allen Geb\u00e4cken<\/p>\n<p>\u2022 Verbesserung der Textur (saftige Krume, knusprige Kruste)<\/p>\n<p>\u2022 l\u00e4ngere Frischhaltung<\/p>\n<p>&nbsp;<\/p>\n<p><strong>Inventis Zavarka<\/strong> bringt Mehrwert durch:<\/p>\n<p>\u2022 einzigartige Krumenstruktur, die bis zum letzten Bissen saftig &amp; frisch bleibt.<\/p>\n<p>\u2022 stabile Qualit\u00e4t auf h\u00f6chstem Niveau &#8211; ein gro\u00dfes Plus fu\u0308r den professionellen Einsatz.<\/p>\n<p>\u2022 eine Vielfalt an Rezepten und der damit einhergehenden Sortimentsbreite.<\/p>\n<p style=\"text-align: left;\"><a class=\"btn btn-outline-secondary\" href=\"https:\/\/www.zavarka-lesaffre.com\/de\/rezepte\/\">Zavarka Rezepte<\/a><\/p>\n                        <\/div>\n                    <\/div>\n                                 \n            <\/div>    \t\t        \n    <\/div>    \n<\/div>\n","protected":false},"excerpt":{"rendered":"","protected":false},"author":1,"featured_media":0,"parent":0,"menu_order":40,"comment_status":"closed","ping_status":"closed","template":"","meta":[],"acf":[],"yoast_head":"<!-- This site is optimized with the Yoast SEO plugin v18.6 - https:\/\/yoast.com\/wordpress\/plugins\/seo\/ -->\n<title>Vorteile - Zavarka<\/title>\n<meta name=\"robots\" content=\"index, follow, max-snippet:-1, max-image-preview:large, max-video-preview:-1\" \/>\n<link rel=\"canonical\" href=\"https:\/\/www.zavarka-lesaffre.com\/de\/benefits\/\" \/>\n<meta property=\"og:locale\" content=\"de_DE\" \/>\n<meta property=\"og:type\" content=\"article\" \/>\n<meta property=\"og:title\" content=\"Vorteile - Zavarka\" \/>\n<meta property=\"og:url\" content=\"https:\/\/www.zavarka-lesaffre.com\/de\/benefits\/\" \/>\n<meta property=\"og:site_name\" content=\"Zavarka\" \/>\n<meta property=\"article:modified_time\" content=\"2019-10-17T08:44:34+00:00\" \/>\n<meta name=\"twitter:card\" content=\"summary_large_image\" \/>\n<script type=\"application\/ld+json\" class=\"yoast-schema-graph\">{\"@context\":\"https:\/\/schema.org\",\"@graph\":[{\"@type\":\"WebSite\",\"@id\":\"https:\/\/www.zavarka-lesaffre.com\/#website\",\"url\":\"https:\/\/www.zavarka-lesaffre.com\/\",\"name\":\"Zavarka\",\"description\":\"paste premixes\",\"potentialAction\":[{\"@type\":\"SearchAction\",\"target\":{\"@type\":\"EntryPoint\",\"urlTemplate\":\"https:\/\/www.zavarka-lesaffre.com\/?s={search_term_string}\"},\"query-input\":\"required name=search_term_string\"}],\"inLanguage\":\"de\"},{\"@type\":\"WebPage\",\"@id\":\"https:\/\/www.zavarka-lesaffre.com\/de\/benefits\/#webpage\",\"url\":\"https:\/\/www.zavarka-lesaffre.com\/de\/benefits\/\",\"name\":\"Vorteile - Zavarka\",\"isPartOf\":{\"@id\":\"https:\/\/www.zavarka-lesaffre.com\/#website\"},\"datePublished\":\"2019-10-15T08:06:17+00:00\",\"dateModified\":\"2019-10-17T08:44:34+00:00\",\"breadcrumb\":{\"@id\":\"https:\/\/www.zavarka-lesaffre.com\/de\/benefits\/#breadcrumb\"},\"inLanguage\":\"de\",\"potentialAction\":[{\"@type\":\"ReadAction\",\"target\":[\"https:\/\/www.zavarka-lesaffre.com\/de\/benefits\/\"]}]},{\"@type\":\"BreadcrumbList\",\"@id\":\"https:\/\/www.zavarka-lesaffre.com\/de\/benefits\/#breadcrumb\",\"itemListElement\":[{\"@type\":\"ListItem\",\"position\":1,\"name\":\"Home\",\"item\":\"https:\/\/www.zavarka-lesaffre.com\/de\/\"},{\"@type\":\"ListItem\",\"position\":2,\"name\":\"Vorteile\"}]}]}<\/script>\n<!-- \/ Yoast SEO plugin. -->","yoast_head_json":{"title":"Vorteile - Zavarka","robots":{"index":"index","follow":"follow","max-snippet":"max-snippet:-1","max-image-preview":"max-image-preview:large","max-video-preview":"max-video-preview:-1"},"canonical":"https:\/\/www.zavarka-lesaffre.com\/de\/benefits\/","og_locale":"de_DE","og_type":"article","og_title":"Vorteile - Zavarka","og_url":"https:\/\/www.zavarka-lesaffre.com\/de\/benefits\/","og_site_name":"Zavarka","article_modified_time":"2019-10-17T08:44:34+00:00","twitter_card":"summary_large_image","schema":{"@context":"https:\/\/schema.org","@graph":[{"@type":"WebSite","@id":"https:\/\/www.zavarka-lesaffre.com\/#website","url":"https:\/\/www.zavarka-lesaffre.com\/","name":"Zavarka","description":"paste premixes","potentialAction":[{"@type":"SearchAction","target":{"@type":"EntryPoint","urlTemplate":"https:\/\/www.zavarka-lesaffre.com\/?s={search_term_string}"},"query-input":"required name=search_term_string"}],"inLanguage":"de"},{"@type":"WebPage","@id":"https:\/\/www.zavarka-lesaffre.com\/de\/benefits\/#webpage","url":"https:\/\/www.zavarka-lesaffre.com\/de\/benefits\/","name":"Vorteile - Zavarka","isPartOf":{"@id":"https:\/\/www.zavarka-lesaffre.com\/#website"},"datePublished":"2019-10-15T08:06:17+00:00","dateModified":"2019-10-17T08:44:34+00:00","breadcrumb":{"@id":"https:\/\/www.zavarka-lesaffre.com\/de\/benefits\/#breadcrumb"},"inLanguage":"de","potentialAction":[{"@type":"ReadAction","target":["https:\/\/www.zavarka-lesaffre.com\/de\/benefits\/"]}]},{"@type":"BreadcrumbList","@id":"https:\/\/www.zavarka-lesaffre.com\/de\/benefits\/#breadcrumb","itemListElement":[{"@type":"ListItem","position":1,"name":"Home","item":"https:\/\/www.zavarka-lesaffre.com\/de\/"},{"@type":"ListItem","position":2,"name":"Vorteile"}]}]}},"_links":{"self":[{"href":"https:\/\/www.zavarka-lesaffre.com\/de\/wp-json\/wp\/v2\/pages\/1062"}],"collection":[{"href":"https:\/\/www.zavarka-lesaffre.com\/de\/wp-json\/wp\/v2\/pages"}],"about":[{"href":"https:\/\/www.zavarka-lesaffre.com\/de\/wp-json\/wp\/v2\/types\/page"}],"author":[{"embeddable":true,"href":"https:\/\/www.zavarka-lesaffre.com\/de\/wp-json\/wp\/v2\/users\/1"}],"replies":[{"embeddable":true,"href":"https:\/\/www.zavarka-lesaffre.com\/de\/wp-json\/wp\/v2\/comments?post=1062"}],"version-history":[{"count":6,"href":"https:\/\/www.zavarka-lesaffre.com\/de\/wp-json\/wp\/v2\/pages\/1062\/revisions"}],"predecessor-version":[{"id":1371,"href":"https:\/\/www.zavarka-lesaffre.com\/de\/wp-json\/wp\/v2\/pages\/1062\/revisions\/1371"}],"wp:attachment":[{"href":"https:\/\/www.zavarka-lesaffre.com\/de\/wp-json\/wp\/v2\/media?parent=1062"}],"curies":[{"name":"wp","href":"https:\/\/api.w.org\/{rel}","templated":true}]}}