{"id":640,"date":"2019-09-25T09:51:18","date_gmt":"2019-09-25T07:51:18","guid":{"rendered":"https:\/\/www.zavarka-lesaffre.com\/?page_id=640"},"modified":"2019-09-30T09:45:08","modified_gmt":"2019-09-30T07:45:08","slug":"impressum","status":"publish","type":"page","link":"https:\/\/www.zavarka-lesaffre.com\/cs\/impressum\/","title":{"rendered":"Impressum"},"content":{"rendered":"\n<h1>Impressum<\/h1>\n\n\n\n<p><\/p>\n\n\n\n<p><strong>Lesaffre \u010cesko, a. s. <\/strong><br>Hodolansk\u00e1 1296\/34<br>779 00 Olomouc, \u010cesk\u00e1 republika<\/p>\n\n\n\n<p><strong>Phone:\u00a0<\/strong>+420\u00a0587\u00a0419 321<br><strong>E-Mail:<\/strong>\u00a0<a href=\"mailto:secretary.cz@lesaffre.com\">secretary.cz@lesaffre.com<\/a><\/p>\n\n\n\n<p><strong>I\u010c:<\/strong> 25827529 <br><strong>DI\u010c:<\/strong> CZ25827529<br><strong>I\u010c DPH:<\/strong> CZ25827529<\/p>\n\n\n\n<p>zapsan\u00e1 v obchodn\u00edm rejst\u0159\u00edku Krajsk\u00e9ho soudu v&nbsp;Ostrav\u011b, odd\u00edl B, vlo\u017eka 2090<br>\njednaj\u00edc\u00ed: Tom\u00e1\u0161em Podivinsk\u00fdm, jedin\u00fdm \u010dlenem p\u0159edstavenstva<\/p>\n\n\n\n<p><strong>Fotografie: <\/strong><br>Lesaffre Austria AG, freepik, shutterstock: Dean Drobot, veryulissa, DarioZg<\/p>\n","protected":false},"excerpt":{"rendered":"<p>Impressum Lesaffre \u010cesko, a. s. Hodolansk\u00e1 1296\/34779 00 Olomouc, \u010cesk\u00e1 republika Phone:\u00a0+420\u00a0587\u00a0419 321E-Mail:\u00a0secretary.cz@lesaffre.com I\u010c: 25827529 DI\u010c: CZ25827529I\u010c DPH: CZ25827529 zapsan\u00e1 v obchodn\u00edm rejst\u0159\u00edku Krajsk\u00e9ho soudu v&nbsp;Ostrav\u011b, odd\u00edl B, vlo\u017eka 2090 jednaj\u00edc\u00ed: Tom\u00e1\u0161em Podivinsk\u00fdm, jedin\u00fdm \u010dlenem p\u0159edstavenstva Fotografie: Lesaffre Austria AG, freepik, shutterstock: Dean Drobot, veryulissa, DarioZg<\/p>\n","protected":false},"author":1,"featured_media":0,"parent":0,"menu_order":60,"comment_status":"closed","ping_status":"closed","template":"","meta":[],"acf":[],"yoast_head":"<!-- This site is optimized with the Yoast SEO plugin v18.6 - https:\/\/yoast.com\/wordpress\/plugins\/seo\/ -->\n<title>Impressum - Zavarka<\/title>\n<meta name=\"robots\" content=\"index, follow, max-snippet:-1, max-image-preview:large, max-video-preview:-1\" \/>\n<link rel=\"canonical\" href=\"https:\/\/www.zavarka-lesaffre.com\/cs\/impressum\/\" \/>\n<meta property=\"og:locale\" content=\"cs_CZ\" \/>\n<meta property=\"og:type\" content=\"article\" \/>\n<meta property=\"og:title\" content=\"Impressum - Zavarka\" \/>\n<meta property=\"og:description\" content=\"Impressum Lesaffre \u010cesko, a. s. Hodolansk\u00e1 1296\/34779 00 Olomouc, \u010cesk\u00e1 republika Phone:\u00a0+420\u00a0587\u00a0419 321E-Mail:\u00a0secretary.cz@lesaffre.com I\u010c: 25827529 DI\u010c: CZ25827529I\u010c DPH: CZ25827529 zapsan\u00e1 v obchodn\u00edm rejst\u0159\u00edku Krajsk\u00e9ho soudu v&nbsp;Ostrav\u011b, odd\u00edl B, vlo\u017eka 2090 jednaj\u00edc\u00ed: Tom\u00e1\u0161em Podivinsk\u00fdm, jedin\u00fdm \u010dlenem p\u0159edstavenstva Fotografie: Lesaffre Austria AG, freepik, shutterstock: Dean Drobot, veryulissa, DarioZg\" \/>\n<meta property=\"og:url\" content=\"https:\/\/www.zavarka-lesaffre.com\/cs\/impressum\/\" \/>\n<meta property=\"og:site_name\" content=\"Zavarka\" \/>\n<meta property=\"article:modified_time\" content=\"2019-09-30T07:45:08+00:00\" \/>\n<meta name=\"twitter:card\" content=\"summary_large_image\" \/>\n<script type=\"application\/ld+json\" class=\"yoast-schema-graph\">{\"@context\":\"https:\/\/schema.org\",\"@graph\":[{\"@type\":\"WebSite\",\"@id\":\"https:\/\/www.zavarka-lesaffre.com\/#website\",\"url\":\"https:\/\/www.zavarka-lesaffre.com\/\",\"name\":\"Zavarka\",\"description\":\"paste premixes\",\"potentialAction\":[{\"@type\":\"SearchAction\",\"target\":{\"@type\":\"EntryPoint\",\"urlTemplate\":\"https:\/\/www.zavarka-lesaffre.com\/?s={search_term_string}\"},\"query-input\":\"required name=search_term_string\"}],\"inLanguage\":\"cs\"},{\"@type\":\"WebPage\",\"@id\":\"https:\/\/www.zavarka-lesaffre.com\/cs\/impressum\/#webpage\",\"url\":\"https:\/\/www.zavarka-lesaffre.com\/cs\/impressum\/\",\"name\":\"Impressum - Zavarka\",\"isPartOf\":{\"@id\":\"https:\/\/www.zavarka-lesaffre.com\/#website\"},\"datePublished\":\"2019-09-25T07:51:18+00:00\",\"dateModified\":\"2019-09-30T07:45:08+00:00\",\"breadcrumb\":{\"@id\":\"https:\/\/www.zavarka-lesaffre.com\/cs\/impressum\/#breadcrumb\"},\"inLanguage\":\"cs\",\"potentialAction\":[{\"@type\":\"ReadAction\",\"target\":[\"https:\/\/www.zavarka-lesaffre.com\/cs\/impressum\/\"]}]},{\"@type\":\"BreadcrumbList\",\"@id\":\"https:\/\/www.zavarka-lesaffre.com\/cs\/impressum\/#breadcrumb\",\"itemListElement\":[{\"@type\":\"ListItem\",\"position\":1,\"name\":\"Home\",\"item\":\"https:\/\/www.zavarka-lesaffre.com\/cs\/\"},{\"@type\":\"ListItem\",\"position\":2,\"name\":\"Impressum\"}]}]}<\/script>\n<!-- \/ Yoast SEO plugin. -->","yoast_head_json":{"title":"Impressum - Zavarka","robots":{"index":"index","follow":"follow","max-snippet":"max-snippet:-1","max-image-preview":"max-image-preview:large","max-video-preview":"max-video-preview:-1"},"canonical":"https:\/\/www.zavarka-lesaffre.com\/cs\/impressum\/","og_locale":"cs_CZ","og_type":"article","og_title":"Impressum - Zavarka","og_description":"Impressum Lesaffre \u010cesko, a. s. Hodolansk\u00e1 1296\/34779 00 Olomouc, \u010cesk\u00e1 republika Phone:\u00a0+420\u00a0587\u00a0419 321E-Mail:\u00a0secretary.cz@lesaffre.com I\u010c: 25827529 DI\u010c: CZ25827529I\u010c DPH: CZ25827529 zapsan\u00e1 v obchodn\u00edm rejst\u0159\u00edku Krajsk\u00e9ho soudu v&nbsp;Ostrav\u011b, odd\u00edl B, vlo\u017eka 2090 jednaj\u00edc\u00ed: Tom\u00e1\u0161em Podivinsk\u00fdm, jedin\u00fdm \u010dlenem p\u0159edstavenstva Fotografie: Lesaffre Austria AG, freepik, shutterstock: Dean Drobot, veryulissa, DarioZg","og_url":"https:\/\/www.zavarka-lesaffre.com\/cs\/impressum\/","og_site_name":"Zavarka","article_modified_time":"2019-09-30T07:45:08+00:00","twitter_card":"summary_large_image","schema":{"@context":"https:\/\/schema.org","@graph":[{"@type":"WebSite","@id":"https:\/\/www.zavarka-lesaffre.com\/#website","url":"https:\/\/www.zavarka-lesaffre.com\/","name":"Zavarka","description":"paste premixes","potentialAction":[{"@type":"SearchAction","target":{"@type":"EntryPoint","urlTemplate":"https:\/\/www.zavarka-lesaffre.com\/?s={search_term_string}"},"query-input":"required name=search_term_string"}],"inLanguage":"cs"},{"@type":"WebPage","@id":"https:\/\/www.zavarka-lesaffre.com\/cs\/impressum\/#webpage","url":"https:\/\/www.zavarka-lesaffre.com\/cs\/impressum\/","name":"Impressum - Zavarka","isPartOf":{"@id":"https:\/\/www.zavarka-lesaffre.com\/#website"},"datePublished":"2019-09-25T07:51:18+00:00","dateModified":"2019-09-30T07:45:08+00:00","breadcrumb":{"@id":"https:\/\/www.zavarka-lesaffre.com\/cs\/impressum\/#breadcrumb"},"inLanguage":"cs","potentialAction":[{"@type":"ReadAction","target":["https:\/\/www.zavarka-lesaffre.com\/cs\/impressum\/"]}]},{"@type":"BreadcrumbList","@id":"https:\/\/www.zavarka-lesaffre.com\/cs\/impressum\/#breadcrumb","itemListElement":[{"@type":"ListItem","position":1,"name":"Home","item":"https:\/\/www.zavarka-lesaffre.com\/cs\/"},{"@type":"ListItem","position":2,"name":"Impressum"}]}]}},"_links":{"self":[{"href":"https:\/\/www.zavarka-lesaffre.com\/cs\/wp-json\/wp\/v2\/pages\/640"}],"collection":[{"href":"https:\/\/www.zavarka-lesaffre.com\/cs\/wp-json\/wp\/v2\/pages"}],"about":[{"href":"https:\/\/www.zavarka-lesaffre.com\/cs\/wp-json\/wp\/v2\/types\/page"}],"author":[{"embeddable":true,"href":"https:\/\/www.zavarka-lesaffre.com\/cs\/wp-json\/wp\/v2\/users\/1"}],"replies":[{"embeddable":true,"href":"https:\/\/www.zavarka-lesaffre.com\/cs\/wp-json\/wp\/v2\/comments?post=640"}],"version-history":[{"count":3,"href":"https:\/\/www.zavarka-lesaffre.com\/cs\/wp-json\/wp\/v2\/pages\/640\/revisions"}],"predecessor-version":[{"id":945,"href":"https:\/\/www.zavarka-lesaffre.com\/cs\/wp-json\/wp\/v2\/pages\/640\/revisions\/945"}],"wp:attachment":[{"href":"https:\/\/www.zavarka-lesaffre.com\/cs\/wp-json\/wp\/v2\/media?parent=640"}],"curies":[{"name":"wp","href":"https:\/\/api.w.org\/{rel}","templated":true}]}}