{"id":591,"date":"2019-07-31T09:45:17","date_gmt":"2019-07-31T07:45:17","guid":{"rendered":"https:\/\/www.zavarka-lesaffre.com\/receptury\/multigrain-laugenspitz\/"},"modified":"2019-09-30T11:21:51","modified_gmt":"2019-09-30T09:21:51","slug":"vicezrnny-trojhranek","status":"publish","type":"page","link":"https:\/\/www.zavarka-lesaffre.com\/cs\/receptury\/vicezrnny-trojhranek\/","title":{"rendered":"V\u00edcezrnn\u00fd trojhr\u00e1nek"},"content":{"rendered":"","protected":false},"excerpt":{"rendered":"","protected":false},"author":1,"featured_media":417,"parent":522,"menu_order":4,"comment_status":"closed","ping_status":"closed","template":"template-home-recipe.php","meta":[],"acf":[],"yoast_head":"<!-- This site is optimized with the Yoast SEO plugin v18.6 - https:\/\/yoast.com\/wordpress\/plugins\/seo\/ -->\n<title>V\u00edcezrnn\u00fd trojhr\u00e1nek - Zavarka<\/title>\n<meta name=\"robots\" content=\"index, follow, max-snippet:-1, max-image-preview:large, max-video-preview:-1\" \/>\n<link rel=\"canonical\" href=\"https:\/\/www.zavarka-lesaffre.com\/cs\/receptury\/vicezrnny-trojhranek\/\" \/>\n<meta property=\"og:locale\" content=\"cs_CZ\" \/>\n<meta property=\"og:type\" content=\"article\" \/>\n<meta property=\"og:title\" content=\"V\u00edcezrnn\u00fd trojhr\u00e1nek - Zavarka\" \/>\n<meta property=\"og:url\" content=\"https:\/\/www.zavarka-lesaffre.com\/cs\/receptury\/vicezrnny-trojhranek\/\" \/>\n<meta property=\"og:site_name\" content=\"Zavarka\" \/>\n<meta property=\"article:modified_time\" content=\"2019-09-30T09:21:51+00:00\" \/>\n<meta property=\"og:image\" content=\"https:\/\/www.zavarka-lesaffre.com\/wp-content\/uploads\/2019\/07\/recipe-zavarka-multigrain-laugenspitz.jpg\" \/>\n\t<meta property=\"og:image:width\" content=\"307\" \/>\n\t<meta property=\"og:image:height\" content=\"393\" \/>\n\t<meta property=\"og:image:type\" content=\"image\/jpeg\" \/>\n<meta name=\"twitter:card\" content=\"summary_large_image\" \/>\n<script type=\"application\/ld+json\" class=\"yoast-schema-graph\">{\"@context\":\"https:\/\/schema.org\",\"@graph\":[{\"@type\":\"WebSite\",\"@id\":\"https:\/\/www.zavarka-lesaffre.com\/#website\",\"url\":\"https:\/\/www.zavarka-lesaffre.com\/\",\"name\":\"Zavarka\",\"description\":\"paste premixes\",\"potentialAction\":[{\"@type\":\"SearchAction\",\"target\":{\"@type\":\"EntryPoint\",\"urlTemplate\":\"https:\/\/www.zavarka-lesaffre.com\/?s={search_term_string}\"},\"query-input\":\"required name=search_term_string\"}],\"inLanguage\":\"cs\"},{\"@type\":\"ImageObject\",\"@id\":\"https:\/\/www.zavarka-lesaffre.com\/cs\/receptury\/vicezrnny-trojhranek\/#primaryimage\",\"inLanguage\":\"cs\",\"url\":\"https:\/\/www.zavarka-lesaffre.com\/wp-content\/uploads\/2019\/07\/recipe-zavarka-multigrain-laugenspitz.jpg\",\"contentUrl\":\"https:\/\/www.zavarka-lesaffre.com\/wp-content\/uploads\/2019\/07\/recipe-zavarka-multigrain-laugenspitz.jpg\",\"width\":307,\"height\":393},{\"@type\":\"WebPage\",\"@id\":\"https:\/\/www.zavarka-lesaffre.com\/cs\/receptury\/vicezrnny-trojhranek\/#webpage\",\"url\":\"https:\/\/www.zavarka-lesaffre.com\/cs\/receptury\/vicezrnny-trojhranek\/\",\"name\":\"V\u00edcezrnn\u00fd trojhr\u00e1nek - Zavarka\",\"isPartOf\":{\"@id\":\"https:\/\/www.zavarka-lesaffre.com\/#website\"},\"primaryImageOfPage\":{\"@id\":\"https:\/\/www.zavarka-lesaffre.com\/cs\/receptury\/vicezrnny-trojhranek\/#primaryimage\"},\"datePublished\":\"2019-07-31T07:45:17+00:00\",\"dateModified\":\"2019-09-30T09:21:51+00:00\",\"breadcrumb\":{\"@id\":\"https:\/\/www.zavarka-lesaffre.com\/cs\/receptury\/vicezrnny-trojhranek\/#breadcrumb\"},\"inLanguage\":\"cs\",\"potentialAction\":[{\"@type\":\"ReadAction\",\"target\":[\"https:\/\/www.zavarka-lesaffre.com\/cs\/receptury\/vicezrnny-trojhranek\/\"]}]},{\"@type\":\"BreadcrumbList\",\"@id\":\"https:\/\/www.zavarka-lesaffre.com\/cs\/receptury\/vicezrnny-trojhranek\/#breadcrumb\",\"itemListElement\":[{\"@type\":\"ListItem\",\"position\":1,\"name\":\"Home\",\"item\":\"https:\/\/www.zavarka-lesaffre.com\/cs\/\"},{\"@type\":\"ListItem\",\"position\":2,\"name\":\"Receptury\",\"item\":\"https:\/\/www.zavarka-lesaffre.com\/cs\/receptury\/\"},{\"@type\":\"ListItem\",\"position\":3,\"name\":\"V\u00edcezrnn\u00fd trojhr\u00e1nek\"}]}]}<\/script>\n<!-- \/ Yoast SEO plugin. -->","yoast_head_json":{"title":"V\u00edcezrnn\u00fd trojhr\u00e1nek - Zavarka","robots":{"index":"index","follow":"follow","max-snippet":"max-snippet:-1","max-image-preview":"max-image-preview:large","max-video-preview":"max-video-preview:-1"},"canonical":"https:\/\/www.zavarka-lesaffre.com\/cs\/receptury\/vicezrnny-trojhranek\/","og_locale":"cs_CZ","og_type":"article","og_title":"V\u00edcezrnn\u00fd trojhr\u00e1nek - Zavarka","og_url":"https:\/\/www.zavarka-lesaffre.com\/cs\/receptury\/vicezrnny-trojhranek\/","og_site_name":"Zavarka","article_modified_time":"2019-09-30T09:21:51+00:00","og_image":[{"width":307,"height":393,"url":"https:\/\/www.zavarka-lesaffre.com\/wp-content\/uploads\/2019\/07\/recipe-zavarka-multigrain-laugenspitz.jpg","type":"image\/jpeg"}],"twitter_card":"summary_large_image","schema":{"@context":"https:\/\/schema.org","@graph":[{"@type":"WebSite","@id":"https:\/\/www.zavarka-lesaffre.com\/#website","url":"https:\/\/www.zavarka-lesaffre.com\/","name":"Zavarka","description":"paste premixes","potentialAction":[{"@type":"SearchAction","target":{"@type":"EntryPoint","urlTemplate":"https:\/\/www.zavarka-lesaffre.com\/?s={search_term_string}"},"query-input":"required name=search_term_string"}],"inLanguage":"cs"},{"@type":"ImageObject","@id":"https:\/\/www.zavarka-lesaffre.com\/cs\/receptury\/vicezrnny-trojhranek\/#primaryimage","inLanguage":"cs","url":"https:\/\/www.zavarka-lesaffre.com\/wp-content\/uploads\/2019\/07\/recipe-zavarka-multigrain-laugenspitz.jpg","contentUrl":"https:\/\/www.zavarka-lesaffre.com\/wp-content\/uploads\/2019\/07\/recipe-zavarka-multigrain-laugenspitz.jpg","width":307,"height":393},{"@type":"WebPage","@id":"https:\/\/www.zavarka-lesaffre.com\/cs\/receptury\/vicezrnny-trojhranek\/#webpage","url":"https:\/\/www.zavarka-lesaffre.com\/cs\/receptury\/vicezrnny-trojhranek\/","name":"V\u00edcezrnn\u00fd trojhr\u00e1nek - Zavarka","isPartOf":{"@id":"https:\/\/www.zavarka-lesaffre.com\/#website"},"primaryImageOfPage":{"@id":"https:\/\/www.zavarka-lesaffre.com\/cs\/receptury\/vicezrnny-trojhranek\/#primaryimage"},"datePublished":"2019-07-31T07:45:17+00:00","dateModified":"2019-09-30T09:21:51+00:00","breadcrumb":{"@id":"https:\/\/www.zavarka-lesaffre.com\/cs\/receptury\/vicezrnny-trojhranek\/#breadcrumb"},"inLanguage":"cs","potentialAction":[{"@type":"ReadAction","target":["https:\/\/www.zavarka-lesaffre.com\/cs\/receptury\/vicezrnny-trojhranek\/"]}]},{"@type":"BreadcrumbList","@id":"https:\/\/www.zavarka-lesaffre.com\/cs\/receptury\/vicezrnny-trojhranek\/#breadcrumb","itemListElement":[{"@type":"ListItem","position":1,"name":"Home","item":"https:\/\/www.zavarka-lesaffre.com\/cs\/"},{"@type":"ListItem","position":2,"name":"Receptury","item":"https:\/\/www.zavarka-lesaffre.com\/cs\/receptury\/"},{"@type":"ListItem","position":3,"name":"V\u00edcezrnn\u00fd trojhr\u00e1nek"}]}]}},"_links":{"self":[{"href":"https:\/\/www.zavarka-lesaffre.com\/cs\/wp-json\/wp\/v2\/pages\/591"}],"collection":[{"href":"https:\/\/www.zavarka-lesaffre.com\/cs\/wp-json\/wp\/v2\/pages"}],"about":[{"href":"https:\/\/www.zavarka-lesaffre.com\/cs\/wp-json\/wp\/v2\/types\/page"}],"author":[{"embeddable":true,"href":"https:\/\/www.zavarka-lesaffre.com\/cs\/wp-json\/wp\/v2\/users\/1"}],"replies":[{"embeddable":true,"href":"https:\/\/www.zavarka-lesaffre.com\/cs\/wp-json\/wp\/v2\/comments?post=591"}],"version-history":[{"count":8,"href":"https:\/\/www.zavarka-lesaffre.com\/cs\/wp-json\/wp\/v2\/pages\/591\/revisions"}],"predecessor-version":[{"id":974,"href":"https:\/\/www.zavarka-lesaffre.com\/cs\/wp-json\/wp\/v2\/pages\/591\/revisions\/974"}],"up":[{"embeddable":true,"href":"https:\/\/www.zavarka-lesaffre.com\/cs\/wp-json\/wp\/v2\/pages\/522"}],"wp:featuredmedia":[{"embeddable":true,"href":"https:\/\/www.zavarka-lesaffre.com\/cs\/wp-json\/wp\/v2\/media\/417"}],"wp:attachment":[{"href":"https:\/\/www.zavarka-lesaffre.com\/cs\/wp-json\/wp\/v2\/media?parent=591"}],"curies":[{"name":"wp","href":"https:\/\/api.w.org\/{rel}","templated":true}]}}