{"id":476,"date":"2019-09-24T13:59:07","date_gmt":"2019-09-24T11:59:07","guid":{"rendered":"https:\/\/www.zavarka-lesaffre.com\/?page_id=476"},"modified":"2019-09-30T11:27:06","modified_gmt":"2019-09-30T09:27:06","slug":"the-range-2","status":"publish","type":"page","link":"https:\/\/www.zavarka-lesaffre.com\/cs\/the-range-2\/","title":{"rendered":"Sortiment"},"content":{"rendered":"<div data-aos=\"zoom-in\">\n<h1><span class=\"orange-boldestweight\">Zavarka \u2013<br \/>\n<span style=\"color: #000000;\">sortiment v\u00fdrobk\u016f<\/span> <\/span><\/h1>\n<p>&nbsp;<\/p>\n<\/div>\n\n<div class=\"container\">    \n    <div class=\"child-div nobg\">\n            \n            <div class=\"row \">\n                                      <div class=\"col-md-6 p-0 bgfluidimg bgstretch6-6\" data-aos=\"fade-in\" style=\"background-image:url(https:\/\/www.zavarka-lesaffre.com\/wp-content\/uploads\/2019\/07\/image04.jpg);\">\n                        \n                                                \n\n                      <\/div>\n                                                        <div class=\"col-md-6 px-5 d-flex align-items-center\" data-aos=\"fade-in\" data-aos-delay=\"250\">\n                        <div class=\"my-5 py-5 text-left\" style=\"max-width:500px;\">\n                        <h2 id=\"zavarkadark\"><strong>Zavarka<\/strong> <span class=\"orange-smallweight\">Classic<\/span><\/h2>\n<p>Profesion\u00e1ln\u00ed peka\u0159sk\u00e1 sm\u011bs z va\u0159en\u00e9 \u017eitn\u00e9 celozrnn\u00e9 mouky, sladov\u00e9 mouky a \u017eitn\u00e9ho celozrnn\u00e9ho kvasu pro v\u00fdrobu \u0161irok\u00e9ho sortimentu p\u0161eni\u010dn\u00fdch a \u017eitn\u00fdch peka\u0159sk\u00fdch v\u00fdrobk\u016f.<\/p>\n<p>&nbsp;<\/p>\n<p><img loading=\"lazy\" class=\"size-full wp-image-117 alignnone\" src=\"https:\/\/www.zavarka-lesaffre.com\/wp-content\/uploads\/2019\/07\/classic-icons.png\" alt=\"\" width=\"144\" height=\"43\" \/><\/p>\n<p>Hlavn\u00ed vlastnosti pe\u010diva:<\/p>\n<p>\u2022 k\u0159upav\u00e1 k\u016frka<br \/>\n\u2022 jemn\u00e1, vlhk\u00e1 a p\u00f3rovit\u00e1 st\u0159\u00edda<br \/>\n\u2022 sladkokysel\u00e1 chu\u0165<br \/>\n\u2022 vyzr\u00e1l\u00fd kvas a ovocn\u00e1 v\u016fn\u011b<\/p>\n<p>Pro v\u00fdrobu pe\u010diva s 3-5denn\u00ed trvanlivost\u00ed nen\u00ed nutn\u00e9 p\u0159id\u00e1vat \u017e\u00e1dn\u00e9 konzerva\u010dn\u00ed l\u00e1tky (p\u0159i d\u00e1vce Zavarky min 40 %).<\/p>\n<p>&nbsp;<\/p>\n<p><img loading=\"lazy\" class=\"alignnone wp-image-37 size-medium\" src=\"https:\/\/www.zavarka-lesaffre.com\/wp-content\/uploads\/2019\/07\/zavarka-classic-280x300.png\" alt=\"\" width=\"280\" height=\"300\" srcset=\"https:\/\/www.zavarka-lesaffre.com\/wp-content\/uploads\/2019\/07\/zavarka-classic-280x300.png 280w, https:\/\/www.zavarka-lesaffre.com\/wp-content\/uploads\/2019\/07\/zavarka-classic.png 328w\" sizes=\"(max-width: 280px) 100vw, 280px\" \/><\/p>\n                        <\/div>\n                    <\/div>\n                                 \n            <\/div>    \t\t        \n    <\/div>    \n<\/div>\n\n\n<div class=\"child-div nobg\">\n      <div class=\"container pt-3 pb-5\">    \n            \n            <div class=\"row\">\n                                      <div class=\"col-md-4 px-3 py-3 py-md-5 d-flex align-items-center\" data-aos=\"fade-right\">\n                        <img src=\"https:\/\/www.zavarka-lesaffre.com\/wp-content\/uploads\/2019\/09\/classic-diag1_cz.png\" class=\"img-fluid noanimation\" alt=\"classic-diag1_cz\" \/>\n                      <\/div>\n                    \n\n                                    <div class=\"col-md-4 px-3 py-3 py-md-5 d-flex align-items-center\" data-aos=\"fade-in\">\n                      <img src=\"https:\/\/www.zavarka-lesaffre.com\/wp-content\/uploads\/2019\/09\/classic-diag2_cz.png\" class=\"img-fluid noanimation\" alt=\"classic-diag2_cz\" \/>\n                    <\/div>\n                      \n                \n                                    <div class=\"col-md-4 px-3 py-3 py-md-5 d-flex align-items-center \">\n                        <div class=\"mx-auto py-5 text-left\" data-aos=\"fade-left\">\n                        <p><strong>D\u00e1vkov\u00e1n\u00ed <\/strong><br \/>\nP\u0159idejte 20\u201340 % v\u00fdrobku Inventis Zavarka Classic do va\u0161\u00ed peka\u0159sk\u00e9 receptury.<\/p>\n<p><strong>Slo\u017een\u00ed <\/strong><br \/>\nVoda, \u017eitn\u00fd kvas (\u017eitn\u00e1 celozrnn\u00e1 mouka, voda, \u017eitn\u00e1 mouka, s\u016fl), \u017eitn\u00e1 mouka, je\u010dn\u00e1 sladov\u00e1 mouka, gluk\u00f3zov\u00fd sirup, s\u016fl<\/p>\n<p><strong>Skladov\u00e1n\u00ed<\/strong><br \/>\nSkladujte v chladu a suchu. Po otev\u0159en\u00ed skladujte p\u0159i teplot\u011b 2\u20138 \u00b0C a spot\u0159ebujte do 2 t\u00fddn\u016f<\/p>\n                        <\/div>\n                    <\/div>\n                                <\/div>    \t\t        \n    <\/div>    \n<\/div>\n\n\n<div class=\"container\">    \n    <div class=\"child-div greybg\">\n            \n            <div class=\"row \">\n                                      <div class=\"col-md-6 p-0 bgfluidimg bgstretch6-6\" data-aos=\"fade-in\" style=\"background-image:url(https:\/\/www.zavarka-lesaffre.com\/wp-content\/uploads\/2019\/07\/darkmalt-image.jpg);\">\n                        \n                                                \n\n                      <\/div>\n                                                        <div class=\"col-md-6 px-5 d-flex align-items-center\" data-aos=\"fade-in\" data-aos-delay=\"250\">\n                        <div class=\"my-5 py-5 text-left\" style=\"max-width:500px;\">\n                        <h2 id=\"zavarkadark\"><strong>Zavarka<\/strong> <span class=\"orange-smallweight\">Dark Malt<\/span><\/h2>\n<p><strong>Popis v\u00fdrobku \/ pou\u017eit\u00ed <\/strong><br \/>\nProfesion\u00e1ln\u00ed peka\u0159sk\u00e1 sm\u011bs z va\u0159en\u00e9 \u017eitn\u00e9 celozrnn\u00e9 mouky a \u017eitn\u00e9ho celozrnn\u00e9ho kvasu s ko\u0159en\u00edm a slady pro v\u00fdrobu \u0161irok\u00e9ho sortimentu tmav\u00fdch \u017eitn\u00fdch chleb\u016f.<\/p>\n<p>&nbsp;<\/p>\n<p><img loading=\"lazy\" class=\"size-full wp-image-117 alignnone\" src=\"https:\/\/www.zavarka-lesaffre.com\/wp-content\/uploads\/2019\/07\/classic-icons.png\" alt=\"\" width=\"144\" height=\"43\" \/><\/p>\n<p><strong>Hlavn\u00ed vlastnosti pe\u010diva: <\/strong><\/p>\n<p>\u2022 ko\u0159en\u00ed a va\u0159en\u00e9 mouky dod\u00e1vaj\u00ed pe\u010divu sladkou a \u0161\u0165avnatou st\u0159\u00eddu<\/p>\n<p>\u2022 vyzr\u00e1l\u00fd \u017eitn\u00fd celozrnn\u00fd kvas p\u0159in\u00e1\u0161\u00ed pe\u010divu jemnou kyselkavou chu\u0165<\/p>\n<p>Pro v\u00fdrobu pe\u010diva s 3-5denn\u00ed trvanlivost\u00ed nen\u00ed nutn\u00e9 p\u0159id\u00e1vat \u017e\u00e1dn\u00e9 konzerva\u010dn\u00ed l\u00e1tky (p\u0159i d\u00e1vce Zavarky min 40 %).<\/p>\n<p>&nbsp;<\/p>\n<p><img loading=\"lazy\" class=\"size-medium wp-image-38 alignnone\" src=\"https:\/\/www.zavarka-lesaffre.com\/wp-content\/uploads\/2019\/07\/zavarka-darkmalt-289x300.png\" alt=\"\" width=\"289\" height=\"300\" srcset=\"https:\/\/www.zavarka-lesaffre.com\/wp-content\/uploads\/2019\/07\/zavarka-darkmalt-289x300.png 289w, https:\/\/www.zavarka-lesaffre.com\/wp-content\/uploads\/2019\/07\/zavarka-darkmalt.png 338w\" sizes=\"(max-width: 289px) 100vw, 289px\" \/><\/p>\n                        <\/div>\n                    <\/div>\n                                 \n            <\/div>    \t\t        \n    <\/div>    \n<\/div>\n\n\n<div class=\"child-div greybg\">\n      <div class=\"container pt-3 pb-5\">    \n            \n            <div class=\"row\">\n                                      <div class=\"col-md-4 px-3 py-3 py-md-5 d-flex align-items-center\" data-aos=\"fade-right\">\n                        <img src=\"https:\/\/www.zavarka-lesaffre.com\/wp-content\/uploads\/2019\/09\/darkmalt-diag1_cz.png\" class=\"img-fluid noanimation\" alt=\"darkmalt-diag1_cz\" \/>\n                      <\/div>\n                    \n\n                                    <div class=\"col-md-4 px-3 py-3 py-md-5 d-flex align-items-center\" data-aos=\"fade-in\">\n                      <img src=\"https:\/\/www.zavarka-lesaffre.com\/wp-content\/uploads\/2019\/09\/darkmalt-diag2_cz.png\" class=\"img-fluid noanimation\" alt=\"darkmalt-diag2_cz\" \/>\n                    <\/div>\n                      \n                \n                                    <div class=\"col-md-4 px-3 py-3 py-md-5 d-flex align-items-center \">\n                        <div class=\"mx-auto py-5 text-left\" data-aos=\"fade-left\">\n                        <p><strong>Dosage<\/strong><br \/>\nP\u0159idejte 20\u201340 % v\u00fdrobku Inventis Zavarka Dark Malt do va\u0161\u00ed peka\u0159sk\u00e9 receptury.<\/p>\n<p><strong>Slo\u017een\u00ed<\/strong><br \/>\nVoda, \u017eitn\u00fd kvas (\u017eitn\u00e1 celozrnn\u00e1 mouka, voda, \u017eitn\u00e1 mouka, s\u016fl), cukr, pra\u017een\u00e1 \u017eitn\u00e1 a je\u010dn\u00e1 mouka, s\u016fl, ko\u0159en\u00ed<\/p>\n<p><strong>Skladov\u00e1n\u00ed<\/strong><br \/>\nSkladujte v chladu a suchu. Po otev\u0159en\u00ed skladujte p\u0159i teplot\u011b 2\u20138 \u00b0C a spot\u0159ebujte do 2 t\u00fddn\u016f.<\/p>\n                        <\/div>\n                    <\/div>\n                                <\/div>    \t\t        \n    <\/div>    \n<\/div>\n\n\n<div class=\"container\">    \n    <div class=\"child-div nobg\">\n            \n            <div class=\"row \">\n                                      <div class=\"col-md-6 p-0 bgfluidimg bgstretch6-6\" data-aos=\"fade-in\" style=\"background-image:url(https:\/\/www.zavarka-lesaffre.com\/wp-content\/uploads\/2019\/07\/multigrain-image.jpg);\">\n                        \n                                                \n\n                      <\/div>\n                                                        <div class=\"col-md-6 px-5 d-flex align-items-center\" data-aos=\"fade-in\" data-aos-delay=\"250\">\n                        <div class=\"my-5 py-5 text-left\" style=\"max-width:500px;\">\n                        <h2 id=\"zavarkadark\"><strong>Zavarka<\/strong> <span class=\"orange-smallweight\">Multigrain<\/span><\/h2>\n<p><strong>Popis v\u00fdrobku \/ pou\u017eit\u00ed<\/strong><br \/>\nProfesion\u00e1ln\u00ed peka\u0159sk\u00e1 sm\u011bs s\u00a0m\u00e1\u010den\u00fdmi obilovinami a zrny, s va\u0159enou \u017eitnou celozrnnou moukou a vyzr\u00e1l\u00fdm \u017eitn\u00fdm celozrnn\u00fdm kvasem pro v\u00fdrobu \u0161irok\u00e9ho sortimentu v\u00edcezrnn\u00e9ho p\u0161eni\u010dn\u00e9ho a \u017eitn\u00e9ho pe\u010diva.<\/p>\n<p>&nbsp;<\/p>\n<p><img loading=\"lazy\" class=\"size-full wp-image-117 alignnone\" src=\"https:\/\/www.zavarka-lesaffre.com\/wp-content\/uploads\/2019\/07\/classic-icons.png\" alt=\"\" width=\"144\" height=\"43\" \/><\/p>\n<p><strong>Hlavn\u00ed vlastnosti pe\u010diva:<\/strong><\/p>\n<p>\u2022 k\u0159upav\u00e1 k\u016frka, m\u011bkk\u00e1 st\u0159\u00edda<\/p>\n<p>\u2022 vyv\u00e1\u017een\u00e1 sladkokysel\u00e1 chu\u0165 s\u00a0lahodnou chut\u00ed va\u0159en\u00fdch sem\u00ednek<\/p>\n<p>Pro v\u00fdrobu pe\u010diva s 3-5denn\u00ed trvanlivost\u00ed nen\u00ed nutn\u00e9 p\u0159id\u00e1vat \u017e\u00e1dn\u00e9 konzerva\u010dn\u00ed l\u00e1tky (p\u0159i d\u00e1vce Zavarky min 40 %).<\/p>\n<p>&nbsp;<\/p>\n<p><img loading=\"lazy\" class=\"alignnone size-medium wp-image-39\" src=\"https:\/\/www.zavarka-lesaffre.com\/wp-content\/uploads\/2019\/07\/zavarka-multigrain-291x300.png\" alt=\"\" width=\"291\" height=\"300\" srcset=\"https:\/\/www.zavarka-lesaffre.com\/wp-content\/uploads\/2019\/07\/zavarka-multigrain-291x300.png 291w, https:\/\/www.zavarka-lesaffre.com\/wp-content\/uploads\/2019\/07\/zavarka-multigrain.png 339w\" sizes=\"(max-width: 291px) 100vw, 291px\" \/><\/p>\n                        <\/div>\n                    <\/div>\n                                 \n            <\/div>    \t\t        \n    <\/div>    \n<\/div>\n\n\n<div class=\"child-div nobg\">\n      <div class=\"container pt-3 pb-5\">    \n            \n            <div class=\"row\">\n                                      <div class=\"col-md-4 px-3 py-3 py-md-5 d-flex align-items-center\" data-aos=\"fade-right\">\n                        <img src=\"https:\/\/www.zavarka-lesaffre.com\/wp-content\/uploads\/2019\/09\/multigrain-diag1_cz.png\" class=\"img-fluid noanimation\" alt=\"multigrain-diag1_cz\" \/>\n                      <\/div>\n                    \n\n                                    <div class=\"col-md-4 px-3 py-3 py-md-5 d-flex align-items-center\" data-aos=\"fade-in\">\n                      <img src=\"https:\/\/www.zavarka-lesaffre.com\/wp-content\/uploads\/2019\/09\/multigrain-diag2_cz.png\" class=\"img-fluid noanimation\" alt=\"multigrain-diag2_cz\" \/>\n                    <\/div>\n                      \n                \n                                    <div class=\"col-md-4 px-3 py-3 py-md-5 d-flex align-items-center \">\n                        <div class=\"mx-auto py-5 text-left\" data-aos=\"fade-left\">\n                        <p><strong>D\u00e1vkov\u00e1n\u00ed<\/strong><br \/>\nP\u0159idejte 40\u201360 % v\u00fdrobku Inventis Zavarka Multigrain do va\u0161\u00ed peka\u0159sk\u00e9 receptury.<\/p>\n<p><strong>Slo\u017een\u00ed <\/strong><br \/>\nVoda, \u017eitn\u00fd kvas, ln\u011bn\u00e1 sem\u00ednka, slune\u010dnicov\u00e1 sem\u00ednka, \u017eitn\u00e1 trhanka, s\u016fl, cukr, sladov\u00e1 \u017eitn\u00e1 mouka, ovesn\u00e1 trhanka<\/p>\n<p><strong>Skladov\u00e1n\u00ed<\/strong><br \/>\nSkladujte v chladu a suchu. Po otev\u0159en\u00ed skladujte p\u0159i teplot\u011b 2\u20138 \u00b0C a spot\u0159ebujte do 2 t\u00fddn\u016f.<\/p>\n<p>&nbsp;<\/p>\n<p><img loading=\"lazy\" class=\"alignnone size-full wp-image-928\" src=\"https:\/\/www.zavarka-lesaffre.com\/wp-content\/uploads\/2019\/09\/multigrain-image1_cz-1.png\" alt=\"\" width=\"309\" height=\"101\" srcset=\"https:\/\/www.zavarka-lesaffre.com\/wp-content\/uploads\/2019\/09\/multigrain-image1_cz-1.png 309w, https:\/\/www.zavarka-lesaffre.com\/wp-content\/uploads\/2019\/09\/multigrain-image1_cz-1-300x98.png 300w\" sizes=\"(max-width: 309px) 100vw, 309px\" \/><\/p>\n                        <\/div>\n                    <\/div>\n                                <\/div>    \t\t        \n    <\/div>    \n<\/div>\n","protected":false},"excerpt":{"rendered":"","protected":false},"author":1,"featured_media":0,"parent":0,"menu_order":0,"comment_status":"closed","ping_status":"closed","template":"","meta":[],"acf":[],"yoast_head":"<!-- This site is optimized with the Yoast SEO plugin v18.6 - https:\/\/yoast.com\/wordpress\/plugins\/seo\/ -->\n<title>Sortiment - Zavarka<\/title>\n<meta name=\"robots\" content=\"index, follow, max-snippet:-1, max-image-preview:large, max-video-preview:-1\" \/>\n<link rel=\"canonical\" href=\"https:\/\/www.zavarka-lesaffre.com\/cs\/the-range-2\/\" \/>\n<meta property=\"og:locale\" content=\"cs_CZ\" \/>\n<meta property=\"og:type\" content=\"article\" \/>\n<meta property=\"og:title\" content=\"Sortiment - Zavarka\" \/>\n<meta property=\"og:url\" content=\"https:\/\/www.zavarka-lesaffre.com\/cs\/the-range-2\/\" \/>\n<meta property=\"og:site_name\" content=\"Zavarka\" \/>\n<meta property=\"article:modified_time\" content=\"2019-09-30T09:27:06+00:00\" \/>\n<meta name=\"twitter:card\" content=\"summary_large_image\" \/>\n<script type=\"application\/ld+json\" class=\"yoast-schema-graph\">{\"@context\":\"https:\/\/schema.org\",\"@graph\":[{\"@type\":\"WebSite\",\"@id\":\"https:\/\/www.zavarka-lesaffre.com\/#website\",\"url\":\"https:\/\/www.zavarka-lesaffre.com\/\",\"name\":\"Zavarka\",\"description\":\"paste premixes\",\"potentialAction\":[{\"@type\":\"SearchAction\",\"target\":{\"@type\":\"EntryPoint\",\"urlTemplate\":\"https:\/\/www.zavarka-lesaffre.com\/?s={search_term_string}\"},\"query-input\":\"required name=search_term_string\"}],\"inLanguage\":\"cs\"},{\"@type\":\"WebPage\",\"@id\":\"https:\/\/www.zavarka-lesaffre.com\/cs\/the-range-2\/#webpage\",\"url\":\"https:\/\/www.zavarka-lesaffre.com\/cs\/the-range-2\/\",\"name\":\"Sortiment - Zavarka\",\"isPartOf\":{\"@id\":\"https:\/\/www.zavarka-lesaffre.com\/#website\"},\"datePublished\":\"2019-09-24T11:59:07+00:00\",\"dateModified\":\"2019-09-30T09:27:06+00:00\",\"breadcrumb\":{\"@id\":\"https:\/\/www.zavarka-lesaffre.com\/cs\/the-range-2\/#breadcrumb\"},\"inLanguage\":\"cs\",\"potentialAction\":[{\"@type\":\"ReadAction\",\"target\":[\"https:\/\/www.zavarka-lesaffre.com\/cs\/the-range-2\/\"]}]},{\"@type\":\"BreadcrumbList\",\"@id\":\"https:\/\/www.zavarka-lesaffre.com\/cs\/the-range-2\/#breadcrumb\",\"itemListElement\":[{\"@type\":\"ListItem\",\"position\":1,\"name\":\"Home\",\"item\":\"https:\/\/www.zavarka-lesaffre.com\/cs\/\"},{\"@type\":\"ListItem\",\"position\":2,\"name\":\"Sortiment\"}]}]}<\/script>\n<!-- \/ Yoast SEO plugin. -->","yoast_head_json":{"title":"Sortiment - Zavarka","robots":{"index":"index","follow":"follow","max-snippet":"max-snippet:-1","max-image-preview":"max-image-preview:large","max-video-preview":"max-video-preview:-1"},"canonical":"https:\/\/www.zavarka-lesaffre.com\/cs\/the-range-2\/","og_locale":"cs_CZ","og_type":"article","og_title":"Sortiment - Zavarka","og_url":"https:\/\/www.zavarka-lesaffre.com\/cs\/the-range-2\/","og_site_name":"Zavarka","article_modified_time":"2019-09-30T09:27:06+00:00","twitter_card":"summary_large_image","schema":{"@context":"https:\/\/schema.org","@graph":[{"@type":"WebSite","@id":"https:\/\/www.zavarka-lesaffre.com\/#website","url":"https:\/\/www.zavarka-lesaffre.com\/","name":"Zavarka","description":"paste premixes","potentialAction":[{"@type":"SearchAction","target":{"@type":"EntryPoint","urlTemplate":"https:\/\/www.zavarka-lesaffre.com\/?s={search_term_string}"},"query-input":"required name=search_term_string"}],"inLanguage":"cs"},{"@type":"WebPage","@id":"https:\/\/www.zavarka-lesaffre.com\/cs\/the-range-2\/#webpage","url":"https:\/\/www.zavarka-lesaffre.com\/cs\/the-range-2\/","name":"Sortiment - Zavarka","isPartOf":{"@id":"https:\/\/www.zavarka-lesaffre.com\/#website"},"datePublished":"2019-09-24T11:59:07+00:00","dateModified":"2019-09-30T09:27:06+00:00","breadcrumb":{"@id":"https:\/\/www.zavarka-lesaffre.com\/cs\/the-range-2\/#breadcrumb"},"inLanguage":"cs","potentialAction":[{"@type":"ReadAction","target":["https:\/\/www.zavarka-lesaffre.com\/cs\/the-range-2\/"]}]},{"@type":"BreadcrumbList","@id":"https:\/\/www.zavarka-lesaffre.com\/cs\/the-range-2\/#breadcrumb","itemListElement":[{"@type":"ListItem","position":1,"name":"Home","item":"https:\/\/www.zavarka-lesaffre.com\/cs\/"},{"@type":"ListItem","position":2,"name":"Sortiment"}]}]}},"_links":{"self":[{"href":"https:\/\/www.zavarka-lesaffre.com\/cs\/wp-json\/wp\/v2\/pages\/476"}],"collection":[{"href":"https:\/\/www.zavarka-lesaffre.com\/cs\/wp-json\/wp\/v2\/pages"}],"about":[{"href":"https:\/\/www.zavarka-lesaffre.com\/cs\/wp-json\/wp\/v2\/types\/page"}],"author":[{"embeddable":true,"href":"https:\/\/www.zavarka-lesaffre.com\/cs\/wp-json\/wp\/v2\/users\/1"}],"replies":[{"embeddable":true,"href":"https:\/\/www.zavarka-lesaffre.com\/cs\/wp-json\/wp\/v2\/comments?post=476"}],"version-history":[{"count":22,"href":"https:\/\/www.zavarka-lesaffre.com\/cs\/wp-json\/wp\/v2\/pages\/476\/revisions"}],"predecessor-version":[{"id":979,"href":"https:\/\/www.zavarka-lesaffre.com\/cs\/wp-json\/wp\/v2\/pages\/476\/revisions\/979"}],"wp:attachment":[{"href":"https:\/\/www.zavarka-lesaffre.com\/cs\/wp-json\/wp\/v2\/media?parent=476"}],"curies":[{"name":"wp","href":"https:\/\/api.w.org\/{rel}","templated":true}]}}