{"id":465,"date":"2019-09-24T13:49:28","date_gmt":"2019-09-24T11:49:28","guid":{"rendered":"https:\/\/www.zavarka-lesaffre.com\/?page_id=465"},"modified":"2019-09-30T09:28:45","modified_gmt":"2019-09-30T07:28:45","slug":"benefits","status":"publish","type":"page","link":"https:\/\/www.zavarka-lesaffre.com\/cs\/benefits\/","title":{"rendered":"V\u00fdhody"},"content":{"rendered":"<div data-aos=\"zoom-in\">\n<h1><span class=\"orange-boldestweight\">V\u00fdhody Zavarky \u2013<br \/>\n<span style=\"color: #000000;\">va\u0159en\u00e9 sm\u011bsi ve form\u011b pasty<\/span><\/p>\n<p><\/span><\/h1>\n<\/div>\n\n<div class=\"container\">    \n    <div class=\"child-div nobg\">\n            \n            <div class=\"row \">\n                                      <div class=\"col-md-6 p-0 bgfluidimg bgstretch6-6\" data-aos=\"fade-in\" style=\"background-image:url(https:\/\/www.zavarka-lesaffre.com\/wp-content\/uploads\/2019\/07\/image04.jpg);\">\n                        \n                                                \n\n                      <\/div>\n                                                        <div class=\"col-md-6 px-5 d-flex align-items-center\" data-aos=\"fade-in\" data-aos-delay=\"250\">\n                        <div class=\"my-5 py-5 text-left\" style=\"max-width:500px;\">\n                        <p><strong>Sm\u011bsi Inventis Zavarka:<\/strong><br \/>\nv\u00fdrobky na b\u00e1zi p\u0159\u00edrodn\u00edho kvasu a va\u0159en\u00e9 mouky<\/p>\n<p>\u2022 v\u00fdrobky p\u0159ipraven\u00e9 k pou\u017eit\u00ed pro \u0161irokou \u0161k\u00e1lu p\u0161eni\u010dn\u00e9ho a \u017eitn\u00e9ho pe\u010diva<\/p>\n<p>\u2022 \u010dist\u011b p\u0159\u00edrodn\u00ed chu\u0165 a v\u016fn\u011b pe\u010diva<\/p>\n<p>\u2022 jemn\u00e1 \u0161\u0165avnat\u00e1 st\u0159\u00edda<\/p>\n<p>\u2022 del\u0161\u00ed trvanlivost pe\u010diva<\/p>\n<p>&nbsp;<\/p>\n<p><strong>Sm\u011bsi Inventis Zavarka<\/strong> p\u0159in\u00e1\u0161ej\u00ed oproti klasick\u00fdm metod\u00e1m p\u0159idanou hodnotu:<\/p>\n<p>\u2022 jedine\u010dn\u00e1 vlhkost st\u0159\u00eddy, kter\u00e1 z\u016fst\u00e1v\u00e1 stabiln\u00ed po celou dobu trvanlivosti pe\u010diva<\/p>\n<p>\u2022 z\u00e1ruka stabiln\u00ed kvality \u2013 velk\u00e1 v\u00fdhoda pro profesion\u00e1ln\u00ed pou\u017eit\u00ed<\/p>\n<p>\u2022 efektivn\u00ed pou\u017eit\u00ed: k\u00a0v\u00fdrob\u011b pe\u010diva z va\u0159en\u00fdch past nepot\u0159ebujete \u017e\u00e1dn\u00e9 speci\u00e1ln\u00ed vybaven\u00ed<\/p>\n<p>\u2022 v\u00fdrobky nab\u00edz\u00ed \u0161irokou \u0161k\u00e1lu pe\u010diva a receptur<\/p>\n<p style=\"text-align: left;\"><a class=\"btn btn-outline-secondary\" href=\"https:\/\/www.zavarka-lesaffre.com\/cs\/receptury\/\">Receptury se Zavarkou<\/a><\/p>\n                        <\/div>\n                    <\/div>\n                                 \n            <\/div>    \t\t        \n    <\/div>    \n<\/div>\n","protected":false},"excerpt":{"rendered":"","protected":false},"author":1,"featured_media":0,"parent":0,"menu_order":40,"comment_status":"closed","ping_status":"closed","template":"","meta":[],"acf":[],"yoast_head":"<!-- This site is optimized with the Yoast SEO plugin v18.6 - https:\/\/yoast.com\/wordpress\/plugins\/seo\/ -->\n<title>V\u00fdhody - Zavarka<\/title>\n<meta name=\"robots\" content=\"index, follow, max-snippet:-1, max-image-preview:large, max-video-preview:-1\" \/>\n<link rel=\"canonical\" href=\"https:\/\/www.zavarka-lesaffre.com\/cs\/benefits\/\" \/>\n<meta property=\"og:locale\" content=\"cs_CZ\" \/>\n<meta property=\"og:type\" content=\"article\" \/>\n<meta property=\"og:title\" content=\"V\u00fdhody - Zavarka\" \/>\n<meta property=\"og:url\" content=\"https:\/\/www.zavarka-lesaffre.com\/cs\/benefits\/\" \/>\n<meta property=\"og:site_name\" content=\"Zavarka\" \/>\n<meta property=\"article:modified_time\" content=\"2019-09-30T07:28:45+00:00\" \/>\n<meta name=\"twitter:card\" content=\"summary_large_image\" \/>\n<script type=\"application\/ld+json\" class=\"yoast-schema-graph\">{\"@context\":\"https:\/\/schema.org\",\"@graph\":[{\"@type\":\"WebSite\",\"@id\":\"https:\/\/www.zavarka-lesaffre.com\/#website\",\"url\":\"https:\/\/www.zavarka-lesaffre.com\/\",\"name\":\"Zavarka\",\"description\":\"paste premixes\",\"potentialAction\":[{\"@type\":\"SearchAction\",\"target\":{\"@type\":\"EntryPoint\",\"urlTemplate\":\"https:\/\/www.zavarka-lesaffre.com\/?s={search_term_string}\"},\"query-input\":\"required name=search_term_string\"}],\"inLanguage\":\"cs\"},{\"@type\":\"WebPage\",\"@id\":\"https:\/\/www.zavarka-lesaffre.com\/cs\/benefits\/#webpage\",\"url\":\"https:\/\/www.zavarka-lesaffre.com\/cs\/benefits\/\",\"name\":\"V\u00fdhody - Zavarka\",\"isPartOf\":{\"@id\":\"https:\/\/www.zavarka-lesaffre.com\/#website\"},\"datePublished\":\"2019-09-24T11:49:28+00:00\",\"dateModified\":\"2019-09-30T07:28:45+00:00\",\"breadcrumb\":{\"@id\":\"https:\/\/www.zavarka-lesaffre.com\/cs\/benefits\/#breadcrumb\"},\"inLanguage\":\"cs\",\"potentialAction\":[{\"@type\":\"ReadAction\",\"target\":[\"https:\/\/www.zavarka-lesaffre.com\/cs\/benefits\/\"]}]},{\"@type\":\"BreadcrumbList\",\"@id\":\"https:\/\/www.zavarka-lesaffre.com\/cs\/benefits\/#breadcrumb\",\"itemListElement\":[{\"@type\":\"ListItem\",\"position\":1,\"name\":\"Home\",\"item\":\"https:\/\/www.zavarka-lesaffre.com\/cs\/\"},{\"@type\":\"ListItem\",\"position\":2,\"name\":\"V\u00fdhody\"}]}]}<\/script>\n<!-- \/ Yoast SEO plugin. -->","yoast_head_json":{"title":"V\u00fdhody - Zavarka","robots":{"index":"index","follow":"follow","max-snippet":"max-snippet:-1","max-image-preview":"max-image-preview:large","max-video-preview":"max-video-preview:-1"},"canonical":"https:\/\/www.zavarka-lesaffre.com\/cs\/benefits\/","og_locale":"cs_CZ","og_type":"article","og_title":"V\u00fdhody - Zavarka","og_url":"https:\/\/www.zavarka-lesaffre.com\/cs\/benefits\/","og_site_name":"Zavarka","article_modified_time":"2019-09-30T07:28:45+00:00","twitter_card":"summary_large_image","schema":{"@context":"https:\/\/schema.org","@graph":[{"@type":"WebSite","@id":"https:\/\/www.zavarka-lesaffre.com\/#website","url":"https:\/\/www.zavarka-lesaffre.com\/","name":"Zavarka","description":"paste premixes","potentialAction":[{"@type":"SearchAction","target":{"@type":"EntryPoint","urlTemplate":"https:\/\/www.zavarka-lesaffre.com\/?s={search_term_string}"},"query-input":"required name=search_term_string"}],"inLanguage":"cs"},{"@type":"WebPage","@id":"https:\/\/www.zavarka-lesaffre.com\/cs\/benefits\/#webpage","url":"https:\/\/www.zavarka-lesaffre.com\/cs\/benefits\/","name":"V\u00fdhody - Zavarka","isPartOf":{"@id":"https:\/\/www.zavarka-lesaffre.com\/#website"},"datePublished":"2019-09-24T11:49:28+00:00","dateModified":"2019-09-30T07:28:45+00:00","breadcrumb":{"@id":"https:\/\/www.zavarka-lesaffre.com\/cs\/benefits\/#breadcrumb"},"inLanguage":"cs","potentialAction":[{"@type":"ReadAction","target":["https:\/\/www.zavarka-lesaffre.com\/cs\/benefits\/"]}]},{"@type":"BreadcrumbList","@id":"https:\/\/www.zavarka-lesaffre.com\/cs\/benefits\/#breadcrumb","itemListElement":[{"@type":"ListItem","position":1,"name":"Home","item":"https:\/\/www.zavarka-lesaffre.com\/cs\/"},{"@type":"ListItem","position":2,"name":"V\u00fdhody"}]}]}},"_links":{"self":[{"href":"https:\/\/www.zavarka-lesaffre.com\/cs\/wp-json\/wp\/v2\/pages\/465"}],"collection":[{"href":"https:\/\/www.zavarka-lesaffre.com\/cs\/wp-json\/wp\/v2\/pages"}],"about":[{"href":"https:\/\/www.zavarka-lesaffre.com\/cs\/wp-json\/wp\/v2\/types\/page"}],"author":[{"embeddable":true,"href":"https:\/\/www.zavarka-lesaffre.com\/cs\/wp-json\/wp\/v2\/users\/1"}],"replies":[{"embeddable":true,"href":"https:\/\/www.zavarka-lesaffre.com\/cs\/wp-json\/wp\/v2\/comments?post=465"}],"version-history":[{"count":14,"href":"https:\/\/www.zavarka-lesaffre.com\/cs\/wp-json\/wp\/v2\/pages\/465\/revisions"}],"predecessor-version":[{"id":939,"href":"https:\/\/www.zavarka-lesaffre.com\/cs\/wp-json\/wp\/v2\/pages\/465\/revisions\/939"}],"wp:attachment":[{"href":"https:\/\/www.zavarka-lesaffre.com\/cs\/wp-json\/wp\/v2\/media?parent=465"}],"curies":[{"name":"wp","href":"https:\/\/api.w.org\/{rel}","templated":true}]}}