{"id":436,"date":"2019-09-24T12:50:21","date_gmt":"2019-09-24T10:50:21","guid":{"rendered":"https:\/\/www.zavarka-lesaffre.com\/?page_id=436"},"modified":"2019-09-30T11:27:21","modified_gmt":"2019-09-30T09:27:21","slug":"objevte-zavarku","status":"publish","type":"page","link":"https:\/\/www.zavarka-lesaffre.com\/cs\/objevte-zavarku\/","title":{"rendered":"Objevte Zavarku"},"content":{"rendered":"<div data-aos=\"zoom-in\">\n<h1><span class=\"orange-boldestweight\">Zavarka \u2013<br \/>\n<span style=\"color: #000000;\">tradi\u010dn\u00ed \u0159e\u0161en\u00ed pro sou\u010dasn\u00e9 po\u017eadavky spot\u0159ebitel\u016f<\/span><\/span><\/h1>\n<p>&nbsp;<\/p>\n<\/div>\n\n<div class=\"container\">    \n    <div class=\"child-div nobg\">\n            \n            <div class=\"row \">\n                                      <div class=\"col-md-6 p-0 bgfluidimg bgstretch6-6\" data-aos=\"fade-in\" style=\"background-image:url(https:\/\/www.zavarka-lesaffre.com\/wp-content\/uploads\/2019\/07\/image05.jpg);\">\n                        \n                                                \n\n                      <\/div>\n                                                        <div class=\"col-md-6 px-5 d-flex align-items-center\" data-aos=\"fade-in\" data-aos-delay=\"250\">\n                        <div class=\"my-5 py-5 text-left\" style=\"max-width:500px;\">\n                        <p><img loading=\"lazy\" class=\"size-full wp-image-93 alignnone\" src=\"https:\/\/www.zavarka-lesaffre.com\/wp-content\/uploads\/2019\/07\/content06.png\" alt=\"\" width=\"417\" height=\"198\" srcset=\"https:\/\/www.zavarka-lesaffre.com\/wp-content\/uploads\/2019\/07\/content06.png 417w, https:\/\/www.zavarka-lesaffre.com\/wp-content\/uploads\/2019\/07\/content06-300x142.png 300w\" sizes=\"(max-width: 417px) 100vw, 417px\" \/><\/p>\n<p style=\"text-align: left;\">Spot\u0159ebitel\u00e9 hledaj\u00ed u pe\u010diva opravdovou chu\u0165 a dlouhou trvanlivost, zat\u00edmco peka\u0159i se v\u00edce zam\u011b\u0159uj\u00ed na vlastnosti pe\u010diva a v\u00fdrobn\u00ed postupy.<\/p>\n<p style=\"text-align: left;\"><strong>Inventis Zavarka je nov\u00fd koncept vytvo\u0159en\u00fd speci\u00e1ln\u00ed technologi\u00ed, kter\u00fd kombinuje:<\/strong><\/p>\n<p style=\"text-align: left;\">\u2022 va\u0159enou mouku, r\u016fzn\u00e9 slady a ko\u0159en\u00ed<\/p>\n<p>\u2022 m\u00e1\u010den\u00e1 obiln\u00e1 zrna a semena<\/p>\n<p>\u2022 v\u00fdjime\u010dnou chu\u0165 dlouhozraj\u00edc\u00edho kvasu<\/p>\n<p style=\"text-align: left;\">\n<p style=\"text-align: left;\"><a class=\"btn btn-outline-secondary\" href=\"https:\/\/www.zavarka-lesaffre.com\/cs\/concept-of-zavarka\/\">Koncept Zavarky<\/a><\/p>\n                        <\/div>\n                    <\/div>\n                                 \n            <\/div>    \t\t        \n    <\/div>    \n<\/div>\n","protected":false},"excerpt":{"rendered":"","protected":false},"author":1,"featured_media":0,"parent":0,"menu_order":10,"comment_status":"closed","ping_status":"closed","template":"","meta":[],"acf":[],"yoast_head":"<!-- This site is optimized with the Yoast SEO plugin v18.6 - https:\/\/yoast.com\/wordpress\/plugins\/seo\/ -->\n<title>Objevte Zavarku - Zavarka<\/title>\n<meta name=\"robots\" content=\"index, follow, max-snippet:-1, max-image-preview:large, max-video-preview:-1\" \/>\n<link rel=\"canonical\" href=\"https:\/\/www.zavarka-lesaffre.com\/cs\/objevte-zavarku\/\" \/>\n<meta property=\"og:locale\" content=\"cs_CZ\" \/>\n<meta property=\"og:type\" content=\"article\" \/>\n<meta property=\"og:title\" content=\"Objevte Zavarku - Zavarka\" \/>\n<meta property=\"og:url\" content=\"https:\/\/www.zavarka-lesaffre.com\/cs\/objevte-zavarku\/\" \/>\n<meta property=\"og:site_name\" content=\"Zavarka\" \/>\n<meta property=\"article:modified_time\" content=\"2019-09-30T09:27:21+00:00\" \/>\n<meta name=\"twitter:card\" content=\"summary_large_image\" \/>\n<script type=\"application\/ld+json\" class=\"yoast-schema-graph\">{\"@context\":\"https:\/\/schema.org\",\"@graph\":[{\"@type\":\"WebSite\",\"@id\":\"https:\/\/www.zavarka-lesaffre.com\/#website\",\"url\":\"https:\/\/www.zavarka-lesaffre.com\/\",\"name\":\"Zavarka\",\"description\":\"paste premixes\",\"potentialAction\":[{\"@type\":\"SearchAction\",\"target\":{\"@type\":\"EntryPoint\",\"urlTemplate\":\"https:\/\/www.zavarka-lesaffre.com\/?s={search_term_string}\"},\"query-input\":\"required name=search_term_string\"}],\"inLanguage\":\"cs\"},{\"@type\":\"WebPage\",\"@id\":\"https:\/\/www.zavarka-lesaffre.com\/cs\/objevte-zavarku\/#webpage\",\"url\":\"https:\/\/www.zavarka-lesaffre.com\/cs\/objevte-zavarku\/\",\"name\":\"Objevte Zavarku - Zavarka\",\"isPartOf\":{\"@id\":\"https:\/\/www.zavarka-lesaffre.com\/#website\"},\"datePublished\":\"2019-09-24T10:50:21+00:00\",\"dateModified\":\"2019-09-30T09:27:21+00:00\",\"breadcrumb\":{\"@id\":\"https:\/\/www.zavarka-lesaffre.com\/cs\/objevte-zavarku\/#breadcrumb\"},\"inLanguage\":\"cs\",\"potentialAction\":[{\"@type\":\"ReadAction\",\"target\":[\"https:\/\/www.zavarka-lesaffre.com\/cs\/objevte-zavarku\/\"]}]},{\"@type\":\"BreadcrumbList\",\"@id\":\"https:\/\/www.zavarka-lesaffre.com\/cs\/objevte-zavarku\/#breadcrumb\",\"itemListElement\":[{\"@type\":\"ListItem\",\"position\":1,\"name\":\"Home\",\"item\":\"https:\/\/www.zavarka-lesaffre.com\/cs\/\"},{\"@type\":\"ListItem\",\"position\":2,\"name\":\"Objevte Zavarku\"}]}]}<\/script>\n<!-- \/ Yoast SEO plugin. -->","yoast_head_json":{"title":"Objevte Zavarku - Zavarka","robots":{"index":"index","follow":"follow","max-snippet":"max-snippet:-1","max-image-preview":"max-image-preview:large","max-video-preview":"max-video-preview:-1"},"canonical":"https:\/\/www.zavarka-lesaffre.com\/cs\/objevte-zavarku\/","og_locale":"cs_CZ","og_type":"article","og_title":"Objevte Zavarku - Zavarka","og_url":"https:\/\/www.zavarka-lesaffre.com\/cs\/objevte-zavarku\/","og_site_name":"Zavarka","article_modified_time":"2019-09-30T09:27:21+00:00","twitter_card":"summary_large_image","schema":{"@context":"https:\/\/schema.org","@graph":[{"@type":"WebSite","@id":"https:\/\/www.zavarka-lesaffre.com\/#website","url":"https:\/\/www.zavarka-lesaffre.com\/","name":"Zavarka","description":"paste premixes","potentialAction":[{"@type":"SearchAction","target":{"@type":"EntryPoint","urlTemplate":"https:\/\/www.zavarka-lesaffre.com\/?s={search_term_string}"},"query-input":"required name=search_term_string"}],"inLanguage":"cs"},{"@type":"WebPage","@id":"https:\/\/www.zavarka-lesaffre.com\/cs\/objevte-zavarku\/#webpage","url":"https:\/\/www.zavarka-lesaffre.com\/cs\/objevte-zavarku\/","name":"Objevte Zavarku - Zavarka","isPartOf":{"@id":"https:\/\/www.zavarka-lesaffre.com\/#website"},"datePublished":"2019-09-24T10:50:21+00:00","dateModified":"2019-09-30T09:27:21+00:00","breadcrumb":{"@id":"https:\/\/www.zavarka-lesaffre.com\/cs\/objevte-zavarku\/#breadcrumb"},"inLanguage":"cs","potentialAction":[{"@type":"ReadAction","target":["https:\/\/www.zavarka-lesaffre.com\/cs\/objevte-zavarku\/"]}]},{"@type":"BreadcrumbList","@id":"https:\/\/www.zavarka-lesaffre.com\/cs\/objevte-zavarku\/#breadcrumb","itemListElement":[{"@type":"ListItem","position":1,"name":"Home","item":"https:\/\/www.zavarka-lesaffre.com\/cs\/"},{"@type":"ListItem","position":2,"name":"Objevte Zavarku"}]}]}},"_links":{"self":[{"href":"https:\/\/www.zavarka-lesaffre.com\/cs\/wp-json\/wp\/v2\/pages\/436"}],"collection":[{"href":"https:\/\/www.zavarka-lesaffre.com\/cs\/wp-json\/wp\/v2\/pages"}],"about":[{"href":"https:\/\/www.zavarka-lesaffre.com\/cs\/wp-json\/wp\/v2\/types\/page"}],"author":[{"embeddable":true,"href":"https:\/\/www.zavarka-lesaffre.com\/cs\/wp-json\/wp\/v2\/users\/1"}],"replies":[{"embeddable":true,"href":"https:\/\/www.zavarka-lesaffre.com\/cs\/wp-json\/wp\/v2\/comments?post=436"}],"version-history":[{"count":18,"href":"https:\/\/www.zavarka-lesaffre.com\/cs\/wp-json\/wp\/v2\/pages\/436\/revisions"}],"predecessor-version":[{"id":981,"href":"https:\/\/www.zavarka-lesaffre.com\/cs\/wp-json\/wp\/v2\/pages\/436\/revisions\/981"}],"wp:attachment":[{"href":"https:\/\/www.zavarka-lesaffre.com\/cs\/wp-json\/wp\/v2\/media?parent=436"}],"curies":[{"name":"wp","href":"https:\/\/api.w.org\/{rel}","templated":true}]}}