{"id":355,"date":"2019-09-24T12:21:45","date_gmt":"2019-09-24T10:21:45","guid":{"rendered":"https:\/\/www.zavarka-lesaffre.com\/?page_id=355"},"modified":"2019-09-30T09:12:50","modified_gmt":"2019-09-30T07:12:50","slug":"zavarka","status":"publish","type":"page","link":"https:\/\/www.zavarka-lesaffre.com\/cs\/","title":{"rendered":"Zavarka"},"content":{"rendered":"\n<div style=\"height:100px\" aria-hidden=\"true\" class=\"wp-block-spacer\"><\/div>\n\n\n\n<div class=\"wp-block-columns has-3-columns\">\n<div class=\"wp-block-column\">\n<div class=\"wp-block-image\"><figure class=\"aligncenter\"><img loading=\"lazy\" width=\"328\" height=\"352\" src=\"https:\/\/www.zavarka-lesaffre.com\/wp-content\/uploads\/2019\/07\/zavarka-classic.png\" alt=\"\" class=\"wp-image-37\" srcset=\"https:\/\/www.zavarka-lesaffre.com\/wp-content\/uploads\/2019\/07\/zavarka-classic.png 328w, https:\/\/www.zavarka-lesaffre.com\/wp-content\/uploads\/2019\/07\/zavarka-classic-280x300.png 280w\" sizes=\"(max-width: 328px) 100vw, 328px\" \/><\/figure><\/div>\n\n\n<div data-aos=\"zoom-in\">\n<h2 style=\"text-align: center;\">Zavarka <span class=\"orange-smallweight\">Classic<\/span><\/h2>\n<p style=\"text-align: center;\">Profesion\u00e1ln\u00ed peka\u0159sk\u00e1 sm\u011bs z va\u0159en\u00e9 \u017eitn\u00e9 celozrnn\u00e9 mouky, sladov\u00e9 mouky a \u017eitn\u00e9ho celozrnn\u00e9ho kvasu pro v\u00fdrobu \u0161irok\u00e9ho sortimentu p\u0161eni\u010dn\u00fdch a \u017eitn\u00fdch peka\u0159sk\u00fdch v\u00fdrobk\u016f.<\/p>\n<p>&nbsp;<\/p>\n<p style=\"text-align: center;\"><a class=\"btn btn-outline-secondary\" href=\"https:\/\/www.zavarka-lesaffre.com\/cs\/the-range-2\/\">v\u00edce informac\u00ed<\/a><\/p>\n<\/div><\/div>\n\n\n\n<div class=\"wp-block-column\">\n<div class=\"wp-block-image\"><figure class=\"aligncenter\"><img loading=\"lazy\" width=\"338\" height=\"351\" src=\"https:\/\/www.zavarka-lesaffre.com\/wp-content\/uploads\/2019\/07\/zavarka-darkmalt.png\" alt=\"\" class=\"wp-image-38\" srcset=\"https:\/\/www.zavarka-lesaffre.com\/wp-content\/uploads\/2019\/07\/zavarka-darkmalt.png 338w, https:\/\/www.zavarka-lesaffre.com\/wp-content\/uploads\/2019\/07\/zavarka-darkmalt-289x300.png 289w\" sizes=\"(max-width: 338px) 100vw, 338px\" \/><\/figure><\/div>\n\n\n<div data-aos=\"zoom-in\">\n<h2 style=\"text-align: center;\">Zavarka <span class=\"orange-smallweight\">Dark Malt<\/span><\/h2>\n<p style=\"text-align: center;\">Profesion\u00e1ln\u00ed peka\u0159sk\u00e1 sm\u011bs z va\u0159en\u00e9 \u017eitn\u00e9 celozrnn\u00e9 mouky a \u017eitn\u00e9ho celozrnn\u00e9ho kvasu s ko\u0159en\u00edm a slady pro v\u00fdrobu \u0161irok\u00e9ho sortimentu tmav\u00fdch \u017eitn\u00fdch chleb\u016f.<\/p>\n<p>&nbsp;<\/p>\n<p style=\"text-align: center;\"><a class=\"btn btn-outline-secondary\" href=\"https:\/\/www.zavarka-lesaffre.com\/cs\/the-range-2\/\">v\u00edce informac\u00ed<\/a><\/p>\n<\/div><\/div>\n\n\n\n<div class=\"wp-block-column\">\n<div class=\"wp-block-image\"><figure class=\"aligncenter\"><img loading=\"lazy\" width=\"339\" height=\"350\" src=\"https:\/\/www.zavarka-lesaffre.com\/wp-content\/uploads\/2019\/07\/zavarka-multigrain.png\" alt=\"\" class=\"wp-image-39\" srcset=\"https:\/\/www.zavarka-lesaffre.com\/wp-content\/uploads\/2019\/07\/zavarka-multigrain.png 339w, https:\/\/www.zavarka-lesaffre.com\/wp-content\/uploads\/2019\/07\/zavarka-multigrain-291x300.png 291w\" sizes=\"(max-width: 339px) 100vw, 339px\" \/><\/figure><\/div>\n\n\n<div data-aos=\"zoom-in\">\n<h2 style=\"text-align: center;\">Zavarka <span class=\"orange-smallweight\">Multigrain<\/span><\/h2>\n<p style=\"text-align: center;\">Profesion\u00e1ln\u00ed peka\u0159sk\u00e1 sm\u011bs s\u00a0m\u00e1\u010den\u00fdmi obilovinami a zrny, s va\u0159enou \u017eitnou celozrnnou moukou a vyzr\u00e1l\u00fdm \u017eitn\u00fdm celozrnn\u00fdm kvasem pro v\u00fdrobu \u0161irok\u00e9ho sortimentu v\u00edcezrnn\u00e9ho p\u0161eni\u010dn\u00e9ho a \u017eitn\u00e9ho pe\u010diva.<\/p>\n<p>&nbsp;<\/p>\n<p style=\"text-align: center;\"><a class=\"btn btn-outline-secondary\" href=\"https:\/\/www.zavarka-lesaffre.com\/cs\/the-range-2\/\">v\u00edce informac\u00ed<\/a><\/p>\n<\/div><\/div>\n<\/div>\n\n\n\n<div style=\"height:100px\" aria-hidden=\"true\" class=\"wp-block-spacer\"><\/div>\n\n\n<div class=\"container\">    \n    <div class=\"child-div greybg\">\n            \n            <div class=\"row \">\n                                      <div class=\"col-md-6 p-0 bgfluidimg bgstretch6-6\" data-aos=\"fade-in\" style=\"background-image:url(https:\/\/www.zavarka-lesaffre.com\/wp-content\/uploads\/2019\/07\/image01.jpg);\">\n                        \n                                                    <div class=\"image-desc-block h-100 d-flex align-items-end\">\n                                <div class=\"text-white w-100 pb-5\">\n                                  <span class=\"image-desc-block-line1\">\u00fa\u017easn\u00e9<\/span><br>\n                                  <span class=\"image-desc-block-line2\">Pot\u011b\u0161\u00edme va\u0161e chu\u0165ov\u00e9 bu\u0148ky! <\/span>\n                                <\/div>\n                            <\/div>\n                                                  \n\n                      <\/div>\n                                                        <div class=\"col-md-6 px-5 d-flex align-items-center\" data-aos=\"fade-in\" data-aos-delay=\"250\">\n                        <div class=\"my-5 py-5 text-left\" style=\"max-width:500px;\">\n                        <h1 style=\"text-align: left;\"><span class=\"orange-boldestweight\"><span style=\"color: #000000;\">Co je<\/span> Zavarka?<\/span><\/h1>\n<p style=\"text-align: left;\">Zavarka je polotovar vyr\u00e1b\u011bn\u00fd v pek\u00e1rn\u00e1ch sm\u00edch\u00e1n\u00edm vrouc\u00ed vody s r\u016fzn\u00fdmi moukami a\u017e do bodu mazovat\u011bn\u00ed. V pr\u016fb\u011bhu tohoto procesu se uvol\u0148uj\u00ed dextriny a dal\u0161\u00ed jednoduch\u00e9 cukry, p\u0159i\u010dem\u017e tyto cukry hraj\u00ed d\u016fle\u017eitou roli p\u0159i zachov\u00e1n\u00ed del\u0161\u00ed \u010derstvosti pe\u010diva s vl\u00e1\u010dnou st\u0159\u00eddou.<\/p>\n<p style=\"text-align: left;\"><strong>\u00a0\u201eopravdov\u00e1 chu\u0165\u201c \u017eitn\u00e9ho pe\u010diva<\/strong><br \/>\nTechnika spa\u0159en\u00e9 mouky poch\u00e1zej\u00edc\u00ed z Ruska pod n\u00e1zvem Zavarka se pou\u017e\u00edv\u00e1 ke zlep\u0161en\u00ed chuti, st\u0159\u00eddy a trvanlivosti pe\u010diva. Obvykle se pou\u017e\u00edv\u00e1 pro tmav\u00e9 \u017eitn\u00e9 chleby tradi\u010dn\u011b vyr\u00e1b\u011bn\u00e9 v Rusku, na Ukrajin\u011b a v pobaltsk\u00fdch zem\u00edch, kter\u00e9 obsahuj\u00ed minim\u00e1ln\u011b 60 % \u017eita. Zavarku lze pou\u017e\u00edt samostatn\u011b nebo jako p\u0159\u00edsadu ke zlep\u0161en\u00ed chuti a trvanlivosti pe\u010diva: \u010casto se v\u0161ak pou\u017e\u00edv\u00e1 jako z\u00e1klad pro okyselen\u00ed \u017eitn\u00fdch kvas\u016f nebo v kombinaci se zral\u00fdm kvasem.<\/p>\n<p style=\"text-align: left;\"><a class=\"btn btn-outline-secondary\" href=\"https:\/\/www.zavarka-lesaffre.com\/cs\/objevte-zavarku\/\">v\u00edce informac\u00ed<\/a><\/p>\n                        <\/div>\n                    <\/div>\n                                 \n            <\/div>    \t\t        \n    <\/div>    \n<\/div>\n\n\n\n<div style=\"height:100px\" aria-hidden=\"true\" class=\"wp-block-spacer\"><\/div>\n\n\n    \n<div class=\"container\">            \n  <div class=\"row\">\n\n      <div class=\"col-md-4 py-5 d-flex align-items-center\" data-aos=\"fade-in\">\n        <img src=\"https:\/\/www.zavarka-lesaffre.com\/wp-content\/uploads\/2019\/07\/content02.png\" class=\"img-fluid paraimg mx-auto\" alt=\"content02\" \/>\n      <\/div>\n      <div class=\"col-md-4 py-5\" data-aos=\"fade-in\">\n        <img src=\"https:\/\/www.zavarka-lesaffre.com\/wp-content\/uploads\/2019\/09\/content01-1_cz-1.png\" class=\"img-fluid mx-auto\" alt=\"content01-1_cz\" \/>\n        <div class=\"mt-5\">\n          <p style=\"text-align: center;\"><a class=\"btn btn-outline-secondary\" href=\"https:\/\/www.zavarka-lesaffre.com\/cs\/receptury\/\">v\u00edce informac\u00ed<\/a><\/p>\n        <\/div>\n      <\/div>\n      <div class=\"col-md-4 py-5 d-flex align-items-center\" data-aos=\"fade-in\">\n        <img src=\"https:\/\/www.zavarka-lesaffre.com\/wp-content\/uploads\/2019\/07\/content03.png\" class=\"img-fluid paraimg mx-auto\" alt=\"content03\" \/>\n      <\/div>\n\n  <\/div>    \t\t        \n<\/div>    \n\n\n\n<div style=\"height:100px\" aria-hidden=\"true\" class=\"wp-block-spacer\"><\/div>\n\n\n    \n<div class=\"child-div bgfluidimg\" style=\"background-image:url(https:\/\/www.zavarka-lesaffre.com\/wp-content\/uploads\/2019\/07\/image02.jpg);\">\n  <div class=\"container py-5\">            \n        <div class=\"row  py-3\">\n            <div class=\"col-md-12 \" data-aos=\"fade-in\">\n                  \n              <div class=\"image-desc-block h-100 d-flex align-items-center\">\n                  <div class=\"text-white w-100 py-5\">\n                    <span class=\"image-desc-block-line1\">realizujte sv\u00e9 n\u00e1pady<\/span><br>\n                    <span class=\"image-desc-block-line2\">Zkuste n\u011bco nov\u00e9ho <br \/>\r\na za\u010dn\u011bte p\u00e9ct se Zavarkou. <\/span>\n                  <\/div>\n              <\/div>\n            <\/div>\n                    \n        <\/div>    \t\t        \n    <\/div>    \n  <\/div>\n","protected":false},"excerpt":{"rendered":"","protected":false},"author":1,"featured_media":0,"parent":0,"menu_order":-10,"comment_status":"closed","ping_status":"closed","template":"template-home.php","meta":[],"acf":[],"yoast_head":"<!-- This site is optimized with the Yoast SEO plugin v18.6 - https:\/\/yoast.com\/wordpress\/plugins\/seo\/ -->\n<title>Zavarka - Zavarka<\/title>\n<meta name=\"robots\" content=\"index, follow, max-snippet:-1, max-image-preview:large, max-video-preview:-1\" \/>\n<link rel=\"canonical\" href=\"https:\/\/www.zavarka-lesaffre.com\/cs\/\" \/>\n<meta property=\"og:locale\" content=\"cs_CZ\" \/>\n<meta property=\"og:type\" content=\"article\" \/>\n<meta property=\"og:title\" content=\"Zavarka - Zavarka\" \/>\n<meta property=\"og:url\" content=\"https:\/\/www.zavarka-lesaffre.com\/cs\/\" \/>\n<meta property=\"og:site_name\" content=\"Zavarka\" \/>\n<meta property=\"article:modified_time\" content=\"2019-09-30T07:12:50+00:00\" \/>\n<meta property=\"og:image\" content=\"https:\/\/www.zavarka-lesaffre.com\/wp-content\/uploads\/2019\/07\/zavarka-classic.png\" \/>\n<meta name=\"twitter:card\" content=\"summary_large_image\" \/>\n<script type=\"application\/ld+json\" class=\"yoast-schema-graph\">{\"@context\":\"https:\/\/schema.org\",\"@graph\":[{\"@type\":\"WebSite\",\"@id\":\"https:\/\/www.zavarka-lesaffre.com\/#website\",\"url\":\"https:\/\/www.zavarka-lesaffre.com\/\",\"name\":\"Zavarka\",\"description\":\"paste premixes\",\"potentialAction\":[{\"@type\":\"SearchAction\",\"target\":{\"@type\":\"EntryPoint\",\"urlTemplate\":\"https:\/\/www.zavarka-lesaffre.com\/?s={search_term_string}\"},\"query-input\":\"required name=search_term_string\"}],\"inLanguage\":\"cs\"},{\"@type\":\"ImageObject\",\"@id\":\"https:\/\/www.zavarka-lesaffre.com\/cs\/#primaryimage\",\"inLanguage\":\"cs\",\"url\":\"https:\/\/www.zavarka-lesaffre.com\/wp-content\/uploads\/2019\/07\/zavarka-classic.png\",\"contentUrl\":\"https:\/\/www.zavarka-lesaffre.com\/wp-content\/uploads\/2019\/07\/zavarka-classic.png\",\"width\":328,\"height\":352},{\"@type\":\"WebPage\",\"@id\":\"https:\/\/www.zavarka-lesaffre.com\/cs\/#webpage\",\"url\":\"https:\/\/www.zavarka-lesaffre.com\/cs\/\",\"name\":\"Zavarka - Zavarka\",\"isPartOf\":{\"@id\":\"https:\/\/www.zavarka-lesaffre.com\/#website\"},\"primaryImageOfPage\":{\"@id\":\"https:\/\/www.zavarka-lesaffre.com\/cs\/#primaryimage\"},\"datePublished\":\"2019-09-24T10:21:45+00:00\",\"dateModified\":\"2019-09-30T07:12:50+00:00\",\"breadcrumb\":{\"@id\":\"https:\/\/www.zavarka-lesaffre.com\/cs\/#breadcrumb\"},\"inLanguage\":\"cs\",\"potentialAction\":[{\"@type\":\"ReadAction\",\"target\":[\"https:\/\/www.zavarka-lesaffre.com\/cs\/\"]}]},{\"@type\":\"BreadcrumbList\",\"@id\":\"https:\/\/www.zavarka-lesaffre.com\/cs\/#breadcrumb\",\"itemListElement\":[{\"@type\":\"ListItem\",\"position\":1,\"name\":\"Home\",\"item\":\"https:\/\/www.zavarka-lesaffre.com\/cs\/\"},{\"@type\":\"ListItem\",\"position\":2,\"name\":\"Zavarka\"}]}]}<\/script>\n<!-- \/ Yoast SEO plugin. -->","yoast_head_json":{"title":"Zavarka - Zavarka","robots":{"index":"index","follow":"follow","max-snippet":"max-snippet:-1","max-image-preview":"max-image-preview:large","max-video-preview":"max-video-preview:-1"},"canonical":"https:\/\/www.zavarka-lesaffre.com\/cs\/","og_locale":"cs_CZ","og_type":"article","og_title":"Zavarka - Zavarka","og_url":"https:\/\/www.zavarka-lesaffre.com\/cs\/","og_site_name":"Zavarka","article_modified_time":"2019-09-30T07:12:50+00:00","og_image":[{"url":"https:\/\/www.zavarka-lesaffre.com\/wp-content\/uploads\/2019\/07\/zavarka-classic.png"}],"twitter_card":"summary_large_image","schema":{"@context":"https:\/\/schema.org","@graph":[{"@type":"WebSite","@id":"https:\/\/www.zavarka-lesaffre.com\/#website","url":"https:\/\/www.zavarka-lesaffre.com\/","name":"Zavarka","description":"paste premixes","potentialAction":[{"@type":"SearchAction","target":{"@type":"EntryPoint","urlTemplate":"https:\/\/www.zavarka-lesaffre.com\/?s={search_term_string}"},"query-input":"required name=search_term_string"}],"inLanguage":"cs"},{"@type":"ImageObject","@id":"https:\/\/www.zavarka-lesaffre.com\/cs\/#primaryimage","inLanguage":"cs","url":"https:\/\/www.zavarka-lesaffre.com\/wp-content\/uploads\/2019\/07\/zavarka-classic.png","contentUrl":"https:\/\/www.zavarka-lesaffre.com\/wp-content\/uploads\/2019\/07\/zavarka-classic.png","width":328,"height":352},{"@type":"WebPage","@id":"https:\/\/www.zavarka-lesaffre.com\/cs\/#webpage","url":"https:\/\/www.zavarka-lesaffre.com\/cs\/","name":"Zavarka - Zavarka","isPartOf":{"@id":"https:\/\/www.zavarka-lesaffre.com\/#website"},"primaryImageOfPage":{"@id":"https:\/\/www.zavarka-lesaffre.com\/cs\/#primaryimage"},"datePublished":"2019-09-24T10:21:45+00:00","dateModified":"2019-09-30T07:12:50+00:00","breadcrumb":{"@id":"https:\/\/www.zavarka-lesaffre.com\/cs\/#breadcrumb"},"inLanguage":"cs","potentialAction":[{"@type":"ReadAction","target":["https:\/\/www.zavarka-lesaffre.com\/cs\/"]}]},{"@type":"BreadcrumbList","@id":"https:\/\/www.zavarka-lesaffre.com\/cs\/#breadcrumb","itemListElement":[{"@type":"ListItem","position":1,"name":"Home","item":"https:\/\/www.zavarka-lesaffre.com\/cs\/"},{"@type":"ListItem","position":2,"name":"Zavarka"}]}]}},"_links":{"self":[{"href":"https:\/\/www.zavarka-lesaffre.com\/cs\/wp-json\/wp\/v2\/pages\/355"}],"collection":[{"href":"https:\/\/www.zavarka-lesaffre.com\/cs\/wp-json\/wp\/v2\/pages"}],"about":[{"href":"https:\/\/www.zavarka-lesaffre.com\/cs\/wp-json\/wp\/v2\/types\/page"}],"author":[{"embeddable":true,"href":"https:\/\/www.zavarka-lesaffre.com\/cs\/wp-json\/wp\/v2\/users\/1"}],"replies":[{"embeddable":true,"href":"https:\/\/www.zavarka-lesaffre.com\/cs\/wp-json\/wp\/v2\/comments?post=355"}],"version-history":[{"count":31,"href":"https:\/\/www.zavarka-lesaffre.com\/cs\/wp-json\/wp\/v2\/pages\/355\/revisions"}],"predecessor-version":[{"id":927,"href":"https:\/\/www.zavarka-lesaffre.com\/cs\/wp-json\/wp\/v2\/pages\/355\/revisions\/927"}],"wp:attachment":[{"href":"https:\/\/www.zavarka-lesaffre.com\/cs\/wp-json\/wp\/v2\/media?parent=355"}],"curies":[{"name":"wp","href":"https:\/\/api.w.org\/{rel}","templated":true}]}}